{"id":945,"date":"2021-11-07T19:20:54","date_gmt":"2021-11-07T19:20:54","guid":{"rendered":"https:\/\/crelya.com\/?page_id=945"},"modified":"2021-11-12T20:08:23","modified_gmt":"2021-11-12T20:08:23","slug":"mentions-legales","status":"publish","type":"page","link":"https:\/\/crelya.com\/index.php\/mentions-legales\/","title":{"rendered":"MENTIONS L\u00c9GALES"},"content":{"rendered":"\n<p><strong>Mentions l\u00e9gales <\/strong><\/p>\n\n\n\n<p><em>applicables \u00e0 partir du 04\/11\/2021<\/em><\/p>\n\n\n\n<p><strong>ARTICLE 1&nbsp;: \u00c9diteur<\/strong><\/p>\n\n\n\n<p>Vous \u00eates actuellement connect\u00e9 au site internet crelya.com, cr\u00e9\u00e9 et \u00e9dit\u00e9 par Madame Elyse Acquaro,&nbsp;travailleuse ind\u00e9pendante sous le statut auto-entrepreneuse, enregistr\u00e9 \u00e0 l\u2019URSSAF sous le n\u00b0 SIRET 89219938100013.<\/p>\n\n\n\n<p>La directrice de la publication est Madame Elyse Acquaro.<\/p>\n\n\n\n<p>Les informations de contact de l\u2019\u00e9diteur sont les suivantes&nbsp;:<\/p>\n\n\n\n<p>&#8211; Par t\u00e9l\u00e9phone&nbsp;: +33 (0)6 95 82 76 30<\/p>\n\n\n\n<p>&#8211; Par e-mail&nbsp;: <a href=\"mailto:crelyahandmade@gmail.com\">crelyahandmade@gmail.com<\/a><\/p>\n\n\n\n<p><strong>ARTICLE 2&nbsp;: H\u00e9bergeur<\/strong><\/p>\n\n\n\n<p>Le site internet crelya.com est h\u00e9berg\u00e9 sur hostinger.fr<\/p>\n\n\n\n<p>Les informations relatives \u00e0 l\u2019h\u00e9bergement de ce site figurent ci-dessous&nbsp;:<\/p>\n\n\n\n<p><em>HOSTINGER, UAB<\/em><\/p>\n\n\n\n<p>Rue Jonavos 60C, Kaunas 44192 Lituanie<\/p>\n\n\n\n<p>T\u00e9l\u00e9phone :&nbsp;<a href=\"https:\/\/www.hostinger.fr\/a-propos\">+37064503378<\/a><\/p>\n\n\n\n<p>E-mail :&nbsp;<a href=\"mailto:domains@hostinger.com\">domains@hostinger.com<\/a><\/p>\n\n\n\n<p><em>Site&nbsp;: <a href=\"https:\/\/www.hostinger.fr\/a-propos\"><strong>https:\/\/www.hostinger.fr\/<\/strong><\/a><a href=\"https:\/\/www.hostinger.fr\/a-propos\"><strong>a<\/strong><\/a><a href=\"https:\/\/www.hostinger.fr\/a-propos\"><strong>-propos<\/strong><\/a><\/em><\/p>\n","protected":false},"excerpt":{"rendered":"<p>Mentions l\u00e9gales applicables \u00e0 partir du 04\/11\/2021 ARTICLE 1&nbsp;: \u00c9diteur Vous \u00eates actuellement connect\u00e9 au site internet crelya.com, cr\u00e9\u00e9 et \u00e9dit\u00e9 par Madame Elyse Acquaro,&nbsp;travailleuse ind\u00e9pendante sous le statut auto-entrepreneuse, enregistr\u00e9 \u00e0 l\u2019URSSAF sous le n\u00b0 SIRET 89219938100013. La directrice de la publication est Madame Elyse Acquaro. Les informations de contact de l\u2019\u00e9diteur sont les [&hellip;]<\/p>\n","protected":false},"author":1,"featured_media":0,"parent":0,"menu_order":0,"comment_status":"closed","ping_status":"closed","template":"","meta":{"om_disable_all_campaigns":false,"_monsterinsights_skip_tracking":false,"_monsterinsights_sitenote_active":false,"_monsterinsights_sitenote_note":"","_monsterinsights_sitenote_category":0,"footnotes":""},"class_list":["post-945","page","type-page","status-publish","hentry"],"blocksy_meta":{"styles_descriptor":{"styles":{"desktop":"","tablet":"","mobile":""},"google_fonts":[],"version":6}},"featured_image_urls":{"full":"","thumbnail":"","medium":"","medium_large":"","large":"","1536x1536":"","2048x2048":"","woocommerce_archive_thumbnail":"","woocommerce_thumbnail":"","woocommerce_single":"","woocommerce_gallery_thumbnail":"","ppec_logo_image_size":"","ppec_header_image_size":""},"post_excerpt_stackable":"<p>Mentions l\u00e9gales applicables \u00e0 partir du 04\/11\/2021 ARTICLE 1&nbsp;: \u00c9diteur Vous \u00eates actuellement connect\u00e9 au site internet crelya.com, cr\u00e9\u00e9 et \u00e9dit\u00e9 par Madame Elyse Acquaro,&nbsp;travailleuse ind\u00e9pendante sous le statut auto-entrepreneuse, enregistr\u00e9 \u00e0 l\u2019URSSAF sous le n\u00b0 SIRET 89219938100013. La directrice de la publication est Madame Elyse Acquaro. Les informations de contact de l\u2019\u00e9diteur sont les suivantes&nbsp;: &#8211; Par t\u00e9l\u00e9phone&nbsp;: +33 (0)6 95 82 76 30 &#8211; Par e-mail&nbsp;: crelyahandmade@gmail.com ARTICLE 2&nbsp;: H\u00e9bergeur Le site internet crelya.com est h\u00e9berg\u00e9 sur hostinger.fr Les informations relatives \u00e0 l\u2019h\u00e9bergement de ce site figurent ci-dessous&nbsp;: HOSTINGER, UAB Rue Jonavos 60C, Kaunas 44192 Lituanie T\u00e9l\u00e9phone :&nbsp;+37064503378\u2026<\/p>\n","category_list":"","author_info":{"name":"Acquaro Elyse","url":"https:\/\/crelya.com\/index.php\/author\/crelyahandmadegmail-com\/"},"comments_num":"0 commentaire","_links":{"self":[{"href":"https:\/\/crelya.com\/index.php\/wp-json\/wp\/v2\/pages\/945","targetHints":{"allow":["GET"]}}],"collection":[{"href":"https:\/\/crelya.com\/index.php\/wp-json\/wp\/v2\/pages"}],"about":[{"href":"https:\/\/crelya.com\/index.php\/wp-json\/wp\/v2\/types\/page"}],"author":[{"embeddable":true,"href":"https:\/\/crelya.com\/index.php\/wp-json\/wp\/v2\/users\/1"}],"replies":[{"embeddable":true,"href":"https:\/\/crelya.com\/index.php\/wp-json\/wp\/v2\/comments?post=945"}],"version-history":[{"count":2,"href":"https:\/\/crelya.com\/index.php\/wp-json\/wp\/v2\/pages\/945\/revisions"}],"predecessor-version":[{"id":1061,"href":"https:\/\/crelya.com\/index.php\/wp-json\/wp\/v2\/pages\/945\/revisions\/1061"}],"wp:attachment":[{"href":"https:\/\/crelya.com\/index.php\/wp-json\/wp\/v2\/media?parent=945"}],"curies":[{"name":"wp","href":"https:\/\/api.w.org\/{rel}","templated":true}]}}