{"id":1102,"date":"2022-01-26T14:38:05","date_gmt":"2022-01-26T14:38:05","guid":{"rendered":"https:\/\/crelya.com\/?post_type=product&#038;p=1102"},"modified":"2024-05-17T06:33:31","modified_gmt":"2024-05-17T06:33:31","slug":"sachet-de-5-etiquettes-handmade-en-bois","status":"publish","type":"product","link":"https:\/\/crelya.com\/index.php\/product\/sachet-de-5-etiquettes-handmade-en-bois\/","title":{"rendered":"Sachet de 5 \u00e9tiquettes \u00ab Handmade \u00bb en bois"},"content":{"rendered":"<p>Lot de 5 \u00e9tiquettes en bois, \u00e0 coudre sur vos cr\u00e9ations : paniers, sacs, objets d\u00e9co\u2026<\/p>\n","protected":false},"excerpt":{"rendered":"<p>Composition :  Bois<br \/>\nTaille : longueur 6 cm, hauteur 1,5 cm<\/p>\n","protected":false},"featured_media":1359,"comment_status":"open","ping_status":"closed","template":"","meta":{"om_disable_all_campaigns":false,"_monsterinsights_skip_tracking":false,"_monsterinsights_sitenote_active":false,"_monsterinsights_sitenote_note":"","_monsterinsights_sitenote_category":0},"product_brand":[],"product_cat":[40],"product_tag":[],"class_list":{"0":"post-1102","1":"product","2":"type-product","3":"status-publish","4":"has-post-thumbnail","6":"product_cat-etiquettes","8":"first","9":"instock","10":"shipping-taxable","11":"purchasable","12":"product-type-simple"},"featured_image_urls":{"full":["https:\/\/crelya.com\/wp-content\/uploads\/2022\/01\/ETIQUETTES.jpg",759,634,false],"thumbnail":["https:\/\/crelya.com\/wp-content\/uploads\/2022\/01\/ETIQUETTES-150x150.jpg",150,150,true],"medium":["https:\/\/crelya.com\/wp-content\/uploads\/2022\/01\/ETIQUETTES-300x251.jpg",300,251,true],"medium_large":["https:\/\/crelya.com\/wp-content\/uploads\/2022\/01\/ETIQUETTES.jpg",759,634,false],"large":["https:\/\/crelya.com\/wp-content\/uploads\/2022\/01\/ETIQUETTES.jpg",759,634,false],"1536x1536":["https:\/\/crelya.com\/wp-content\/uploads\/2022\/01\/ETIQUETTES.jpg",759,634,false],"2048x2048":["https:\/\/crelya.com\/wp-content\/uploads\/2022\/01\/ETIQUETTES.jpg",759,634,false],"woocommerce_archive_thumbnail":["https:\/\/crelya.com\/wp-content\/uploads\/2022\/01\/ETIQUETTES-300x300.jpg",300,300,true],"woocommerce_thumbnail":["https:\/\/crelya.com\/wp-content\/uploads\/2022\/01\/ETIQUETTES-300x300.jpg",300,300,true],"woocommerce_single":["https:\/\/crelya.com\/wp-content\/uploads\/2022\/01\/ETIQUETTES-600x501.jpg",600,501,true],"woocommerce_gallery_thumbnail":["https:\/\/crelya.com\/wp-content\/uploads\/2022\/01\/ETIQUETTES-100x100.jpg",100,100,true],"ppec_logo_image_size":["https:\/\/crelya.com\/wp-content\/uploads\/2022\/01\/ETIQUETTES.jpg",72,60,false],"ppec_header_image_size":["https:\/\/crelya.com\/wp-content\/uploads\/2022\/01\/ETIQUETTES.jpg",108,90,false]},"post_excerpt_stackable":"<p>Composition :  Bois<br \/>\nTaille : longueur 6 cm, hauteur 1,5 cm<\/p>\n","category_list":"","author_info":{"name":"","url":""},"comments_num":"0 commentaire","_links":{"self":[{"href":"https:\/\/crelya.com\/index.php\/wp-json\/wp\/v2\/product\/1102","targetHints":{"allow":["GET"]}}],"collection":[{"href":"https:\/\/crelya.com\/index.php\/wp-json\/wp\/v2\/product"}],"about":[{"href":"https:\/\/crelya.com\/index.php\/wp-json\/wp\/v2\/types\/product"}],"replies":[{"embeddable":true,"href":"https:\/\/crelya.com\/index.php\/wp-json\/wp\/v2\/comments?post=1102"}],"wp:featuredmedia":[{"embeddable":true,"href":"https:\/\/crelya.com\/index.php\/wp-json\/wp\/v2\/media\/1359"}],"wp:attachment":[{"href":"https:\/\/crelya.com\/index.php\/wp-json\/wp\/v2\/media?parent=1102"}],"wp:term":[{"taxonomy":"product_brand","embeddable":true,"href":"https:\/\/crelya.com\/index.php\/wp-json\/wp\/v2\/product_brand?post=1102"},{"taxonomy":"product_cat","embeddable":true,"href":"https:\/\/crelya.com\/index.php\/wp-json\/wp\/v2\/product_cat?post=1102"},{"taxonomy":"product_tag","embeddable":true,"href":"https:\/\/crelya.com\/index.php\/wp-json\/wp\/v2\/product_tag?post=1102"}],"curies":[{"name":"wp","href":"https:\/\/api.w.org\/{rel}","templated":true}]}}