{"id":1171,"date":"2022-02-16T07:49:08","date_gmt":"2022-02-16T07:49:08","guid":{"rendered":"https:\/\/crelya.com\/?post_type=product&#038;p=1171"},"modified":"2025-09-13T08:41:42","modified_gmt":"2025-09-13T08:41:42","slug":"coton-viscose-blanc","status":"publish","type":"product","link":"https:\/\/crelya.com\/index.php\/product\/coton-viscose-blanc\/","title":{"rendered":"Pelote de coton viscose &#8211; Blanc"},"content":{"rendered":"<p>Ce fil est vrai coup de c\u0153ur ! Cette tr\u00e8s belle gamme de coton m\u00e9lang\u00e9 \u00e0 la viscose donnera \u00e0 vos ouvrages un aspect brillant, doux et frais ! Id\u00e9al pour la saison printemps\/\u00e9t\u00e9.<\/p>\n","protected":false},"excerpt":{"rendered":"<p>Composition : 50 % coton, 50 % viscose &#8211; certifi\u00e9 oeko-tex<br \/>\nPoids : 100 gr<br \/>\nAiguilles : 2.5 \u2013 3.5<br \/>\nCrochet : 2,5 \u2013 3,5<br \/>\nLavage : 40\u00b0<\/p>\n","protected":false},"featured_media":1270,"comment_status":"open","ping_status":"closed","template":"","meta":{"om_disable_all_campaigns":false,"_monsterinsights_skip_tracking":false,"_monsterinsights_sitenote_active":false,"_monsterinsights_sitenote_note":"","_monsterinsights_sitenote_category":0},"product_brand":[],"product_cat":[43],"product_tag":[],"class_list":{"0":"post-1171","1":"product","2":"type-product","3":"status-publish","4":"has-post-thumbnail","6":"product_cat-coton-viscose","8":"first","9":"instock","10":"shipping-taxable","11":"purchasable","12":"product-type-simple"},"featured_image_urls":{"full":["https:\/\/crelya.com\/wp-content\/uploads\/2022\/02\/blanc.jpg",759,634,false],"thumbnail":["https:\/\/crelya.com\/wp-content\/uploads\/2022\/02\/blanc-150x150.jpg",150,150,true],"medium":["https:\/\/crelya.com\/wp-content\/uploads\/2022\/02\/blanc-300x251.jpg",300,251,true],"medium_large":["https:\/\/crelya.com\/wp-content\/uploads\/2022\/02\/blanc.jpg",759,634,false],"large":["https:\/\/crelya.com\/wp-content\/uploads\/2022\/02\/blanc.jpg",759,634,false],"1536x1536":["https:\/\/crelya.com\/wp-content\/uploads\/2022\/02\/blanc.jpg",759,634,false],"2048x2048":["https:\/\/crelya.com\/wp-content\/uploads\/2022\/02\/blanc.jpg",759,634,false],"woocommerce_archive_thumbnail":["https:\/\/crelya.com\/wp-content\/uploads\/2022\/02\/blanc-300x300.jpg",300,300,true],"woocommerce_thumbnail":["https:\/\/crelya.com\/wp-content\/uploads\/2022\/02\/blanc-300x300.jpg",300,300,true],"woocommerce_single":["https:\/\/crelya.com\/wp-content\/uploads\/2022\/02\/blanc-600x501.jpg",600,501,true],"woocommerce_gallery_thumbnail":["https:\/\/crelya.com\/wp-content\/uploads\/2022\/02\/blanc-100x100.jpg",100,100,true],"ppec_logo_image_size":["https:\/\/crelya.com\/wp-content\/uploads\/2022\/02\/blanc.jpg",72,60,false],"ppec_header_image_size":["https:\/\/crelya.com\/wp-content\/uploads\/2022\/02\/blanc.jpg",108,90,false]},"post_excerpt_stackable":"<p>Composition : 50 % coton, 50 % viscose &#8211; certifi\u00e9 oeko-tex<br \/>\nPoids : 100 gr<br \/>\nAiguilles : 2.5 \u2013 3.5<br \/>\nCrochet : 2,5 \u2013 3,5<br \/>\nLavage : 40\u00b0<\/p>\n","category_list":"","author_info":{"name":"","url":""},"comments_num":"0 commentaire","_links":{"self":[{"href":"https:\/\/crelya.com\/index.php\/wp-json\/wp\/v2\/product\/1171","targetHints":{"allow":["GET"]}}],"collection":[{"href":"https:\/\/crelya.com\/index.php\/wp-json\/wp\/v2\/product"}],"about":[{"href":"https:\/\/crelya.com\/index.php\/wp-json\/wp\/v2\/types\/product"}],"replies":[{"embeddable":true,"href":"https:\/\/crelya.com\/index.php\/wp-json\/wp\/v2\/comments?post=1171"}],"wp:featuredmedia":[{"embeddable":true,"href":"https:\/\/crelya.com\/index.php\/wp-json\/wp\/v2\/media\/1270"}],"wp:attachment":[{"href":"https:\/\/crelya.com\/index.php\/wp-json\/wp\/v2\/media?parent=1171"}],"wp:term":[{"taxonomy":"product_brand","embeddable":true,"href":"https:\/\/crelya.com\/index.php\/wp-json\/wp\/v2\/product_brand?post=1171"},{"taxonomy":"product_cat","embeddable":true,"href":"https:\/\/crelya.com\/index.php\/wp-json\/wp\/v2\/product_cat?post=1171"},{"taxonomy":"product_tag","embeddable":true,"href":"https:\/\/crelya.com\/index.php\/wp-json\/wp\/v2\/product_tag?post=1171"}],"curies":[{"name":"wp","href":"https:\/\/api.w.org\/{rel}","templated":true}]}}