{"id":1516,"date":"2022-05-16T15:04:08","date_gmt":"2022-05-16T15:04:08","guid":{"rendered":"https:\/\/crelya.com\/?post_type=product&#038;p=1516"},"modified":"2025-12-30T11:24:50","modified_gmt":"2025-12-30T11:24:50","slug":"pelote-de-laine-ginger-rose-101","status":"publish","type":"product","link":"https:\/\/crelya.com\/index.php\/product\/pelote-de-laine-ginger-rose-101\/","title":{"rendered":"Pelote de laine \u2013 Ginger \u2013 Rose 101"},"content":{"rendered":"<p>Tr\u00e8s belle gamme de laine \u00e9paisse et douce (ne pique pas), avec un tr\u00e8s jolie effet \u00ab\u00a0m\u00e9lang\u00e9\u00a0\u00bb pour les couleurs.<\/p>\n<p>&nbsp;<\/p>\n<p>Cette gamme est id\u00e9ale pour r\u00e9aliser de nombreux ouvrages pour l\u2019hiver : pull, gilet, cardigan, plaid, couverture, \u00e9charpe, snood\u2026<\/p>\n<p>&nbsp;<\/p>\n<p><strong>La certification oeko-tex, standard 100 \u2013 la mati\u00e8re a \u00e9t\u00e9 contr\u00f4l\u00e9 \u00e0 chaque \u00e9tape du traitement. Il ne contient pas de produits chimiques nocifs pour la sant\u00e9.<\/strong><\/p>\n","protected":false},"excerpt":{"rendered":"<p class=\"Standard\" style=\"margin-bottom: 0cm;\">Composition\u00a0: 100 % acrylique certifi\u00e9 oeko-tex<\/p>\n<p class=\"Standard\" style=\"margin-bottom: 0cm;\">Poids : 100 gr &#8211; 130 mt<\/p>\n<p class=\"Standard\" style=\"margin-bottom: 0cm;\">Crochet\u00a0: 5-6<\/p>\n<p class=\"Standard\" style=\"margin-bottom: 0cm;\">Aiguilles\u00a0: 5-6<\/p>\n","protected":false},"featured_media":2353,"comment_status":"open","ping_status":"closed","template":"","meta":{"om_disable_all_campaigns":false,"_monsterinsights_skip_tracking":false,"_monsterinsights_sitenote_active":false,"_monsterinsights_sitenote_note":"","_monsterinsights_sitenote_category":0},"product_brand":[],"product_cat":[44,25],"product_tag":[],"class_list":{"0":"post-1516","1":"product","2":"type-product","3":"status-publish","4":"has-post-thumbnail","6":"product_cat-laine-ginger","7":"product_cat-laines","9":"first","10":"instock","11":"shipping-taxable","12":"purchasable","13":"product-type-simple"},"featured_image_urls":{"full":["https:\/\/crelya.com\/wp-content\/uploads\/2022\/05\/ginger-rose-101.png",1024,1024,false],"thumbnail":["https:\/\/crelya.com\/wp-content\/uploads\/2022\/05\/ginger-rose-101-150x150.png",150,150,true],"medium":["https:\/\/crelya.com\/wp-content\/uploads\/2022\/05\/ginger-rose-101-300x300.png",300,300,true],"medium_large":["https:\/\/crelya.com\/wp-content\/uploads\/2022\/05\/ginger-rose-101-768x768.png",768,768,true],"large":["https:\/\/crelya.com\/wp-content\/uploads\/2022\/05\/ginger-rose-101.png",1024,1024,false],"1536x1536":["https:\/\/crelya.com\/wp-content\/uploads\/2022\/05\/ginger-rose-101.png",1024,1024,false],"2048x2048":["https:\/\/crelya.com\/wp-content\/uploads\/2022\/05\/ginger-rose-101.png",1024,1024,false],"woocommerce_archive_thumbnail":["https:\/\/crelya.com\/wp-content\/uploads\/2022\/05\/ginger-rose-101-300x300.png",300,300,true],"woocommerce_thumbnail":["https:\/\/crelya.com\/wp-content\/uploads\/2022\/05\/ginger-rose-101-300x300.png",300,300,true],"woocommerce_single":["https:\/\/crelya.com\/wp-content\/uploads\/2022\/05\/ginger-rose-101-600x600.png",600,600,true],"woocommerce_gallery_thumbnail":["https:\/\/crelya.com\/wp-content\/uploads\/2022\/05\/ginger-rose-101-100x100.png",100,100,true],"ppec_logo_image_size":["https:\/\/crelya.com\/wp-content\/uploads\/2022\/05\/ginger-rose-101.png",60,60,false],"ppec_header_image_size":["https:\/\/crelya.com\/wp-content\/uploads\/2022\/05\/ginger-rose-101.png",90,90,false]},"post_excerpt_stackable":"<p class=\"Standard\" style=\"margin-bottom: 0cm;\">Composition\u00a0: 100 % acrylique certifi\u00e9 oeko-tex<\/p>\n<p class=\"Standard\" style=\"margin-bottom: 0cm;\">Poids : 100 gr &#8211; 130 mt<\/p>\n<p class=\"Standard\" style=\"margin-bottom: 0cm;\">Crochet\u00a0: 5-6<\/p>\n<p class=\"Standard\" style=\"margin-bottom: 0cm;\">Aiguilles\u00a0: 5-6<\/p>\n","category_list":"","author_info":{"name":"","url":""},"comments_num":"0 commentaire","_links":{"self":[{"href":"https:\/\/crelya.com\/index.php\/wp-json\/wp\/v2\/product\/1516","targetHints":{"allow":["GET"]}}],"collection":[{"href":"https:\/\/crelya.com\/index.php\/wp-json\/wp\/v2\/product"}],"about":[{"href":"https:\/\/crelya.com\/index.php\/wp-json\/wp\/v2\/types\/product"}],"replies":[{"embeddable":true,"href":"https:\/\/crelya.com\/index.php\/wp-json\/wp\/v2\/comments?post=1516"}],"wp:featuredmedia":[{"embeddable":true,"href":"https:\/\/crelya.com\/index.php\/wp-json\/wp\/v2\/media\/2353"}],"wp:attachment":[{"href":"https:\/\/crelya.com\/index.php\/wp-json\/wp\/v2\/media?parent=1516"}],"wp:term":[{"taxonomy":"product_brand","embeddable":true,"href":"https:\/\/crelya.com\/index.php\/wp-json\/wp\/v2\/product_brand?post=1516"},{"taxonomy":"product_cat","embeddable":true,"href":"https:\/\/crelya.com\/index.php\/wp-json\/wp\/v2\/product_cat?post=1516"},{"taxonomy":"product_tag","embeddable":true,"href":"https:\/\/crelya.com\/index.php\/wp-json\/wp\/v2\/product_tag?post=1516"}],"curies":[{"name":"wp","href":"https:\/\/api.w.org\/{rel}","templated":true}]}}