{"id":1524,"date":"2022-05-16T17:37:11","date_gmt":"2022-05-16T17:37:11","guid":{"rendered":"https:\/\/crelya.com\/?post_type=product&#038;p=1524"},"modified":"2024-06-14T07:47:12","modified_gmt":"2024-06-14T07:47:12","slug":"pelote-fantaisie-scacco-matto-923","status":"publish","type":"product","link":"https:\/\/crelya.com\/index.php\/product\/pelote-fantaisie-scacco-matto-923\/","title":{"rendered":"Pelote fantaisie \u2013 Scacco Matto \u2013 923"},"content":{"rendered":"<p class=\"Standard\" style=\"margin-bottom: 0cm;\">Un fil unique, fabriqu\u00e9 sur m\u00e9tier \u00e0 tisser, qui m\u00eale un v\u00e9ritable kal\u00e9idoscope de couleurs : c&#8217;est le Scacco Matto, un fil \u00e0 sangles tr\u00e8s l\u00e9ger \u00e0 l&#8217;effet tr\u00e8s particulier. Pr\u00e9sent\u00e9 avec un nuancier fin mais color\u00e9, c&#8217;est un fil qui convient aussi bien au tricot qu&#8217;au crochet ; le proc\u00e9d\u00e9 m\u00eame permet aux couleurs de se m\u00e9langer encore plus, cr\u00e9ant des v\u00eatements d&#8217;aspect artistique. Parfait pour confectionner des tops, sacs, des accessoires, des cardigans et des kaftans id\u00e9aux pour les temp\u00e9ratures printani\u00e8res et les soir\u00e9es d&#8217;\u00e9t\u00e9.<\/p>\n","protected":false},"excerpt":{"rendered":"<p>Composition\u00a0: \u00a035% coton 30% viscose 25% Microfibre PC 10% Microfibre PA<\/p>\n<p>Poids\u00a0: 50 gr<\/p>\n<p>Crochet\u00a0: 6-7<\/p>\n<p>Aiguilles\u00a0: 5-6<\/p>\n","protected":false},"featured_media":1523,"comment_status":"open","ping_status":"closed","template":"","meta":{"om_disable_all_campaigns":false,"_monsterinsights_skip_tracking":false,"_monsterinsights_sitenote_active":false,"_monsterinsights_sitenote_note":"","_monsterinsights_sitenote_category":0},"product_brand":[],"product_cat":[45],"product_tag":[],"class_list":{"0":"post-1524","1":"product","2":"type-product","3":"status-publish","4":"has-post-thumbnail","6":"product_cat-fils-fantaisie","8":"first","9":"instock","10":"shipping-taxable","11":"purchasable","12":"product-type-simple"},"featured_image_urls":{"full":["https:\/\/crelya.com\/wp-content\/uploads\/2022\/05\/scacco-matto-couleur.jpg",759,634,false],"thumbnail":["https:\/\/crelya.com\/wp-content\/uploads\/2022\/05\/scacco-matto-couleur-150x150.jpg",150,150,true],"medium":["https:\/\/crelya.com\/wp-content\/uploads\/2022\/05\/scacco-matto-couleur-300x251.jpg",300,251,true],"medium_large":["https:\/\/crelya.com\/wp-content\/uploads\/2022\/05\/scacco-matto-couleur.jpg",759,634,false],"large":["https:\/\/crelya.com\/wp-content\/uploads\/2022\/05\/scacco-matto-couleur.jpg",759,634,false],"1536x1536":["https:\/\/crelya.com\/wp-content\/uploads\/2022\/05\/scacco-matto-couleur.jpg",759,634,false],"2048x2048":["https:\/\/crelya.com\/wp-content\/uploads\/2022\/05\/scacco-matto-couleur.jpg",759,634,false],"woocommerce_archive_thumbnail":["https:\/\/crelya.com\/wp-content\/uploads\/2022\/05\/scacco-matto-couleur-300x300.jpg",300,300,true],"woocommerce_thumbnail":["https:\/\/crelya.com\/wp-content\/uploads\/2022\/05\/scacco-matto-couleur-300x300.jpg",300,300,true],"woocommerce_single":["https:\/\/crelya.com\/wp-content\/uploads\/2022\/05\/scacco-matto-couleur-600x501.jpg",600,501,true],"woocommerce_gallery_thumbnail":["https:\/\/crelya.com\/wp-content\/uploads\/2022\/05\/scacco-matto-couleur-100x100.jpg",100,100,true],"ppec_logo_image_size":["https:\/\/crelya.com\/wp-content\/uploads\/2022\/05\/scacco-matto-couleur.jpg",72,60,false],"ppec_header_image_size":["https:\/\/crelya.com\/wp-content\/uploads\/2022\/05\/scacco-matto-couleur.jpg",108,90,false]},"post_excerpt_stackable":"<p>Composition\u00a0: \u00a035% coton 30% viscose 25% Microfibre PC 10% Microfibre PA<\/p>\n<p>Poids\u00a0: 50 gr<\/p>\n<p>Crochet\u00a0: 6-7<\/p>\n<p>Aiguilles\u00a0: 5-6<\/p>\n","category_list":"","author_info":{"name":"","url":""},"comments_num":"0 commentaire","_links":{"self":[{"href":"https:\/\/crelya.com\/index.php\/wp-json\/wp\/v2\/product\/1524","targetHints":{"allow":["GET"]}}],"collection":[{"href":"https:\/\/crelya.com\/index.php\/wp-json\/wp\/v2\/product"}],"about":[{"href":"https:\/\/crelya.com\/index.php\/wp-json\/wp\/v2\/types\/product"}],"replies":[{"embeddable":true,"href":"https:\/\/crelya.com\/index.php\/wp-json\/wp\/v2\/comments?post=1524"}],"wp:featuredmedia":[{"embeddable":true,"href":"https:\/\/crelya.com\/index.php\/wp-json\/wp\/v2\/media\/1523"}],"wp:attachment":[{"href":"https:\/\/crelya.com\/index.php\/wp-json\/wp\/v2\/media?parent=1524"}],"wp:term":[{"taxonomy":"product_brand","embeddable":true,"href":"https:\/\/crelya.com\/index.php\/wp-json\/wp\/v2\/product_brand?post=1524"},{"taxonomy":"product_cat","embeddable":true,"href":"https:\/\/crelya.com\/index.php\/wp-json\/wp\/v2\/product_cat?post=1524"},{"taxonomy":"product_tag","embeddable":true,"href":"https:\/\/crelya.com\/index.php\/wp-json\/wp\/v2\/product_tag?post=1524"}],"curies":[{"name":"wp","href":"https:\/\/api.w.org\/{rel}","templated":true}]}}