{"id":1572,"date":"2022-06-21T09:23:06","date_gmt":"2022-06-21T09:23:06","guid":{"rendered":"https:\/\/crelya.com\/?post_type=product&#038;p=1572"},"modified":"2024-12-08T21:38:56","modified_gmt":"2024-12-08T21:38:56","slug":"carreaux-en-cuir-ecologique-perfores-set-de-5-unites-bordeaux","status":"publish","type":"product","link":"https:\/\/crelya.com\/index.php\/product\/carreaux-en-cuir-ecologique-perfores-set-de-5-unites-bordeaux\/","title":{"rendered":"Carreaux en cuir \u00e9cologique perfor\u00e9s \u2013 Set de 5 unit\u00e9s \u2013 Bordeaux"},"content":{"rendered":"<p class=\"Standard\" style=\"margin-bottom: 0cm;\">Set de 5 carreaux en cuir \u00e9cologique perfor\u00e9s, pour la r\u00e9alisation de sac, pochette ou tout autre objet. Ces carreaux apporteront surement une touche tr\u00e8s originale \u00e0 vos ouvrages\u00a0!<\/p>\n","protected":false},"excerpt":{"rendered":"<p>Composition\u00a0: \u00a0cuir \u00e9cologique<\/p>\n<p>Taille\u00a0: 7&#215;7 cm<\/p>\n<p>Crochet\u00a0: 1.5\/2<\/p>\n","protected":false},"featured_media":1573,"comment_status":"open","ping_status":"closed","template":"","meta":{"om_disable_all_campaigns":false,"_monsterinsights_skip_tracking":false,"_monsterinsights_sitenote_active":false,"_monsterinsights_sitenote_note":"","_monsterinsights_sitenote_category":0},"product_brand":[],"product_cat":[47],"product_tag":[],"class_list":{"0":"post-1572","1":"product","2":"type-product","3":"status-publish","4":"has-post-thumbnail","6":"product_cat-carreaux-en-cuir-perfores","8":"first","9":"instock","10":"shipping-taxable","11":"purchasable","12":"product-type-simple"},"featured_image_urls":{"full":["https:\/\/crelya.com\/wp-content\/uploads\/2022\/06\/ME800-26.jpg",427,320,false],"thumbnail":["https:\/\/crelya.com\/wp-content\/uploads\/2022\/06\/ME800-26-150x150.jpg",150,150,true],"medium":["https:\/\/crelya.com\/wp-content\/uploads\/2022\/06\/ME800-26-300x225.jpg",300,225,true],"medium_large":["https:\/\/crelya.com\/wp-content\/uploads\/2022\/06\/ME800-26.jpg",427,320,false],"large":["https:\/\/crelya.com\/wp-content\/uploads\/2022\/06\/ME800-26.jpg",427,320,false],"1536x1536":["https:\/\/crelya.com\/wp-content\/uploads\/2022\/06\/ME800-26.jpg",427,320,false],"2048x2048":["https:\/\/crelya.com\/wp-content\/uploads\/2022\/06\/ME800-26.jpg",427,320,false],"woocommerce_archive_thumbnail":["https:\/\/crelya.com\/wp-content\/uploads\/2022\/06\/ME800-26-300x300.jpg",300,300,true],"woocommerce_thumbnail":["https:\/\/crelya.com\/wp-content\/uploads\/2022\/06\/ME800-26-300x300.jpg",300,300,true],"woocommerce_single":["https:\/\/crelya.com\/wp-content\/uploads\/2022\/06\/ME800-26.jpg",427,320,false],"woocommerce_gallery_thumbnail":["https:\/\/crelya.com\/wp-content\/uploads\/2022\/06\/ME800-26-100x100.jpg",100,100,true],"ppec_logo_image_size":["https:\/\/crelya.com\/wp-content\/uploads\/2022\/06\/ME800-26.jpg",80,60,false],"ppec_header_image_size":["https:\/\/crelya.com\/wp-content\/uploads\/2022\/06\/ME800-26.jpg",120,90,false]},"post_excerpt_stackable":"<p>Composition\u00a0: \u00a0cuir \u00e9cologique<\/p>\n<p>Taille\u00a0: 7&#215;7 cm<\/p>\n<p>Crochet\u00a0: 1.5\/2<\/p>\n","category_list":"","author_info":{"name":"","url":""},"comments_num":"0 commentaire","_links":{"self":[{"href":"https:\/\/crelya.com\/index.php\/wp-json\/wp\/v2\/product\/1572","targetHints":{"allow":["GET"]}}],"collection":[{"href":"https:\/\/crelya.com\/index.php\/wp-json\/wp\/v2\/product"}],"about":[{"href":"https:\/\/crelya.com\/index.php\/wp-json\/wp\/v2\/types\/product"}],"replies":[{"embeddable":true,"href":"https:\/\/crelya.com\/index.php\/wp-json\/wp\/v2\/comments?post=1572"}],"wp:featuredmedia":[{"embeddable":true,"href":"https:\/\/crelya.com\/index.php\/wp-json\/wp\/v2\/media\/1573"}],"wp:attachment":[{"href":"https:\/\/crelya.com\/index.php\/wp-json\/wp\/v2\/media?parent=1572"}],"wp:term":[{"taxonomy":"product_brand","embeddable":true,"href":"https:\/\/crelya.com\/index.php\/wp-json\/wp\/v2\/product_brand?post=1572"},{"taxonomy":"product_cat","embeddable":true,"href":"https:\/\/crelya.com\/index.php\/wp-json\/wp\/v2\/product_cat?post=1572"},{"taxonomy":"product_tag","embeddable":true,"href":"https:\/\/crelya.com\/index.php\/wp-json\/wp\/v2\/product_tag?post=1572"}],"curies":[{"name":"wp","href":"https:\/\/api.w.org\/{rel}","templated":true}]}}