{"id":1732,"date":"2022-10-05T14:20:34","date_gmt":"2022-10-05T14:20:34","guid":{"rendered":"https:\/\/crelya.com\/?post_type=product&#038;p=1732"},"modified":"2023-09-27T10:33:19","modified_gmt":"2023-09-27T10:33:19","slug":"corde-swan-rowen-orchidee-srw-037","status":"publish","type":"product","link":"https:\/\/crelya.com\/index.php\/product\/corde-swan-rowen-orchidee-srw-037\/","title":{"rendered":"Corde Swan Rowen \u2013 Orchid\u00e9e SRW-037"},"content":{"rendered":"<p class=\"tablecontents\">Cette gamme de corde est id\u00e9ale pour la r\u00e9alisation de sacs, pochettes et bijoux.<\/p>\n<p class=\"tablecontents\">Son aspect brillant apportera un ton tr\u00e8s glamour \u00e0 vos cr\u00e9ations.<\/p>\n","protected":false},"excerpt":{"rendered":"<div class=\"woocommerce-product-details__short-description\">\n<p class=\"standard\"><b>Composition\u00a0:<\/b> Polyester<\/p>\n<p class=\"standard\"><b>Poids\u00a0: <\/b>300 gr<\/p>\n<p class=\"standard\"><b>Crochet\u00a0: <\/b>3 \u2013 3,5<\/p>\n<\/div>\n","protected":false},"featured_media":1733,"comment_status":"open","ping_status":"closed","template":"","meta":{"om_disable_all_campaigns":false,"_monsterinsights_skip_tracking":false,"_monsterinsights_sitenote_active":false,"_monsterinsights_sitenote_note":"","_monsterinsights_sitenote_category":0},"product_brand":[],"product_cat":[35,31],"product_tag":[],"class_list":{"0":"post-1732","1":"product","2":"type-product","3":"status-publish","4":"has-post-thumbnail","6":"product_cat-cordino-swan-rowen","7":"product_cat-tous-pour-les-sacs","9":"first","10":"instock","11":"shipping-taxable","12":"purchasable","13":"product-type-simple"},"featured_image_urls":{"full":["https:\/\/crelya.com\/wp-content\/uploads\/2022\/10\/swan-rowen-orchidee-SRW-037.png",1080,1080,false],"thumbnail":["https:\/\/crelya.com\/wp-content\/uploads\/2022\/10\/swan-rowen-orchidee-SRW-037-150x150.png",150,150,true],"medium":["https:\/\/crelya.com\/wp-content\/uploads\/2022\/10\/swan-rowen-orchidee-SRW-037-300x300.png",300,300,true],"medium_large":["https:\/\/crelya.com\/wp-content\/uploads\/2022\/10\/swan-rowen-orchidee-SRW-037-768x768.png",768,768,true],"large":["https:\/\/crelya.com\/wp-content\/uploads\/2022\/10\/swan-rowen-orchidee-SRW-037-1024x1024.png",1024,1024,true],"1536x1536":["https:\/\/crelya.com\/wp-content\/uploads\/2022\/10\/swan-rowen-orchidee-SRW-037.png",1080,1080,false],"2048x2048":["https:\/\/crelya.com\/wp-content\/uploads\/2022\/10\/swan-rowen-orchidee-SRW-037.png",1080,1080,false],"woocommerce_archive_thumbnail":["https:\/\/crelya.com\/wp-content\/uploads\/2022\/10\/swan-rowen-orchidee-SRW-037-300x300.png",300,300,true],"woocommerce_thumbnail":["https:\/\/crelya.com\/wp-content\/uploads\/2022\/10\/swan-rowen-orchidee-SRW-037-300x300.png",300,300,true],"woocommerce_single":["https:\/\/crelya.com\/wp-content\/uploads\/2022\/10\/swan-rowen-orchidee-SRW-037-600x600.png",600,600,true],"woocommerce_gallery_thumbnail":["https:\/\/crelya.com\/wp-content\/uploads\/2022\/10\/swan-rowen-orchidee-SRW-037-100x100.png",100,100,true],"ppec_logo_image_size":["https:\/\/crelya.com\/wp-content\/uploads\/2022\/10\/swan-rowen-orchidee-SRW-037.png",60,60,false],"ppec_header_image_size":["https:\/\/crelya.com\/wp-content\/uploads\/2022\/10\/swan-rowen-orchidee-SRW-037.png",90,90,false]},"post_excerpt_stackable":"<div class=\"woocommerce-product-details__short-description\">\n<p class=\"standard\"><b>Composition\u00a0:<\/b> Polyester<\/p>\n<p class=\"standard\"><b>Poids\u00a0: <\/b>300 gr<\/p>\n<p class=\"standard\"><b>Crochet\u00a0: <\/b>3 \u2013 3,5<\/p>\n<\/div>\n","category_list":"","author_info":{"name":"","url":""},"comments_num":"0 commentaire","_links":{"self":[{"href":"https:\/\/crelya.com\/index.php\/wp-json\/wp\/v2\/product\/1732","targetHints":{"allow":["GET"]}}],"collection":[{"href":"https:\/\/crelya.com\/index.php\/wp-json\/wp\/v2\/product"}],"about":[{"href":"https:\/\/crelya.com\/index.php\/wp-json\/wp\/v2\/types\/product"}],"replies":[{"embeddable":true,"href":"https:\/\/crelya.com\/index.php\/wp-json\/wp\/v2\/comments?post=1732"}],"wp:featuredmedia":[{"embeddable":true,"href":"https:\/\/crelya.com\/index.php\/wp-json\/wp\/v2\/media\/1733"}],"wp:attachment":[{"href":"https:\/\/crelya.com\/index.php\/wp-json\/wp\/v2\/media?parent=1732"}],"wp:term":[{"taxonomy":"product_brand","embeddable":true,"href":"https:\/\/crelya.com\/index.php\/wp-json\/wp\/v2\/product_brand?post=1732"},{"taxonomy":"product_cat","embeddable":true,"href":"https:\/\/crelya.com\/index.php\/wp-json\/wp\/v2\/product_cat?post=1732"},{"taxonomy":"product_tag","embeddable":true,"href":"https:\/\/crelya.com\/index.php\/wp-json\/wp\/v2\/product_tag?post=1732"}],"curies":[{"name":"wp","href":"https:\/\/api.w.org\/{rel}","templated":true}]}}