{"id":1746,"date":"2022-10-30T19:07:13","date_gmt":"2022-10-30T19:07:13","guid":{"rendered":"https:\/\/crelya.com\/?post_type=product&#038;p=1746"},"modified":"2024-12-08T21:39:46","modified_gmt":"2024-12-08T21:39:46","slug":"fermeture-a-pression-arrondie-19-cm","status":"publish","type":"product","link":"https:\/\/crelya.com\/index.php\/product\/fermeture-a-pression-arrondie-19-cm\/","title":{"rendered":"Fermeture \u00e0 pression, arrondie &#8211; 19 cm"},"content":{"rendered":"<p>La fermeture \u00e0 pression est un accessoire utilis\u00e9 dans la r\u00e9alisation d\u2019un sac ou pochette.<\/p>\n<p>Cette fermeture est pratique car elle permet d\u2019ouvrir et fermer rapidement son sac ou sa pochette.<\/p>\n","protected":false},"excerpt":{"rendered":"<p><b>Dimensions\u00a0:<\/b> 19 cm &#8211; ouverture (17 cm)<\/p>\n","protected":false},"featured_media":1747,"comment_status":"open","ping_status":"closed","template":"","meta":{"om_disable_all_campaigns":false,"_monsterinsights_skip_tracking":false,"_monsterinsights_sitenote_active":false,"_monsterinsights_sitenote_note":"","_monsterinsights_sitenote_category":0},"product_brand":[],"product_cat":[32,31],"product_tag":[],"class_list":{"0":"post-1746","1":"product","2":"type-product","3":"status-publish","4":"has-post-thumbnail","6":"product_cat-accessoires-sacs","7":"product_cat-tous-pour-les-sacs","9":"first","10":"instock","11":"shipping-taxable","12":"purchasable","13":"product-type-simple"},"featured_image_urls":{"full":["https:\/\/crelya.com\/wp-content\/uploads\/2022\/10\/0266521fermeture-a-pression-arrondie.png",1024,1024,false],"thumbnail":["https:\/\/crelya.com\/wp-content\/uploads\/2022\/10\/0266521fermeture-a-pression-arrondie-150x150.png",150,150,true],"medium":["https:\/\/crelya.com\/wp-content\/uploads\/2022\/10\/0266521fermeture-a-pression-arrondie-300x300.png",300,300,true],"medium_large":["https:\/\/crelya.com\/wp-content\/uploads\/2022\/10\/0266521fermeture-a-pression-arrondie-768x768.png",768,768,true],"large":["https:\/\/crelya.com\/wp-content\/uploads\/2022\/10\/0266521fermeture-a-pression-arrondie-1024x1024.png",1024,1024,true],"1536x1536":["https:\/\/crelya.com\/wp-content\/uploads\/2022\/10\/0266521fermeture-a-pression-arrondie.png",1024,1024,false],"2048x2048":["https:\/\/crelya.com\/wp-content\/uploads\/2022\/10\/0266521fermeture-a-pression-arrondie.png",1024,1024,false],"woocommerce_archive_thumbnail":["https:\/\/crelya.com\/wp-content\/uploads\/2022\/10\/0266521fermeture-a-pression-arrondie-300x300.png",300,300,true],"woocommerce_thumbnail":["https:\/\/crelya.com\/wp-content\/uploads\/2022\/10\/0266521fermeture-a-pression-arrondie-300x300.png",300,300,true],"woocommerce_single":["https:\/\/crelya.com\/wp-content\/uploads\/2022\/10\/0266521fermeture-a-pression-arrondie-600x600.png",600,600,true],"woocommerce_gallery_thumbnail":["https:\/\/crelya.com\/wp-content\/uploads\/2022\/10\/0266521fermeture-a-pression-arrondie-100x100.png",100,100,true],"ppec_logo_image_size":["https:\/\/crelya.com\/wp-content\/uploads\/2022\/10\/0266521fermeture-a-pression-arrondie.png",60,60,false],"ppec_header_image_size":["https:\/\/crelya.com\/wp-content\/uploads\/2022\/10\/0266521fermeture-a-pression-arrondie.png",90,90,false]},"post_excerpt_stackable":"<p><b>Dimensions\u00a0:<\/b> 19 cm &#8211; ouverture (17 cm)<\/p>\n","category_list":"","author_info":{"name":"","url":""},"comments_num":"0 commentaire","_links":{"self":[{"href":"https:\/\/crelya.com\/index.php\/wp-json\/wp\/v2\/product\/1746","targetHints":{"allow":["GET"]}}],"collection":[{"href":"https:\/\/crelya.com\/index.php\/wp-json\/wp\/v2\/product"}],"about":[{"href":"https:\/\/crelya.com\/index.php\/wp-json\/wp\/v2\/types\/product"}],"replies":[{"embeddable":true,"href":"https:\/\/crelya.com\/index.php\/wp-json\/wp\/v2\/comments?post=1746"}],"wp:featuredmedia":[{"embeddable":true,"href":"https:\/\/crelya.com\/index.php\/wp-json\/wp\/v2\/media\/1747"}],"wp:attachment":[{"href":"https:\/\/crelya.com\/index.php\/wp-json\/wp\/v2\/media?parent=1746"}],"wp:term":[{"taxonomy":"product_brand","embeddable":true,"href":"https:\/\/crelya.com\/index.php\/wp-json\/wp\/v2\/product_brand?post=1746"},{"taxonomy":"product_cat","embeddable":true,"href":"https:\/\/crelya.com\/index.php\/wp-json\/wp\/v2\/product_cat?post=1746"},{"taxonomy":"product_tag","embeddable":true,"href":"https:\/\/crelya.com\/index.php\/wp-json\/wp\/v2\/product_tag?post=1746"}],"curies":[{"name":"wp","href":"https:\/\/api.w.org\/{rel}","templated":true}]}}