{"id":1756,"date":"2022-10-30T22:21:33","date_gmt":"2022-10-30T22:21:33","guid":{"rendered":"https:\/\/crelya.com\/?post_type=product&#038;p=1756"},"modified":"2024-11-06T09:15:17","modified_gmt":"2024-11-06T09:15:17","slug":"fermoir-metallique","status":"publish","type":"product","link":"https:\/\/crelya.com\/index.php\/product\/fermoir-metallique\/","title":{"rendered":"Fermoir m\u00e9tallique"},"content":{"rendered":"<p>Tr\u00e8s jolie fermoir m\u00e9tallique pour pochette ou sac \u00e0 main, dimensions 6\u00d72 cm.<\/p>\n<p>Son design \u00e9l\u00e9gant apportera une touche d\u00e9corative \u00e0 votre pochette ou sac \u00e0 main.<\/p>\n","protected":false},"excerpt":{"rendered":"<p>Dimensions : 6&#215;2 cm<\/p>\n<p>Couleurs : Argent\u00e9, Or<\/p>\n","protected":false},"featured_media":1757,"comment_status":"open","ping_status":"closed","template":"","meta":{"om_disable_all_campaigns":false,"_monsterinsights_skip_tracking":false,"_monsterinsights_sitenote_active":false,"_monsterinsights_sitenote_note":"","_monsterinsights_sitenote_category":0},"product_brand":[],"product_cat":[32,31],"product_tag":[],"class_list":{"0":"post-1756","1":"product","2":"type-product","3":"status-publish","4":"has-post-thumbnail","6":"product_cat-accessoires-sacs","7":"product_cat-tous-pour-les-sacs","9":"first","10":"instock","11":"shipping-taxable","12":"purchasable","13":"product-type-variable"},"featured_image_urls":{"full":["https:\/\/crelya.com\/wp-content\/uploads\/2022\/10\/fermoir0266513.png",1024,1024,false],"thumbnail":["https:\/\/crelya.com\/wp-content\/uploads\/2022\/10\/fermoir0266513-150x150.png",150,150,true],"medium":["https:\/\/crelya.com\/wp-content\/uploads\/2022\/10\/fermoir0266513-300x300.png",300,300,true],"medium_large":["https:\/\/crelya.com\/wp-content\/uploads\/2022\/10\/fermoir0266513-768x768.png",768,768,true],"large":["https:\/\/crelya.com\/wp-content\/uploads\/2022\/10\/fermoir0266513-1024x1024.png",1024,1024,true],"1536x1536":["https:\/\/crelya.com\/wp-content\/uploads\/2022\/10\/fermoir0266513.png",1024,1024,false],"2048x2048":["https:\/\/crelya.com\/wp-content\/uploads\/2022\/10\/fermoir0266513.png",1024,1024,false],"woocommerce_archive_thumbnail":["https:\/\/crelya.com\/wp-content\/uploads\/2022\/10\/fermoir0266513-300x300.png",300,300,true],"woocommerce_thumbnail":["https:\/\/crelya.com\/wp-content\/uploads\/2022\/10\/fermoir0266513-300x300.png",300,300,true],"woocommerce_single":["https:\/\/crelya.com\/wp-content\/uploads\/2022\/10\/fermoir0266513-600x600.png",600,600,true],"woocommerce_gallery_thumbnail":["https:\/\/crelya.com\/wp-content\/uploads\/2022\/10\/fermoir0266513-100x100.png",100,100,true],"ppec_logo_image_size":["https:\/\/crelya.com\/wp-content\/uploads\/2022\/10\/fermoir0266513.png",60,60,false],"ppec_header_image_size":["https:\/\/crelya.com\/wp-content\/uploads\/2022\/10\/fermoir0266513.png",90,90,false]},"post_excerpt_stackable":"<p>Dimensions : 6&#215;2 cm<\/p>\n<p>Couleurs : Argent\u00e9, Or<\/p>\n","category_list":"","author_info":{"name":"","url":""},"comments_num":"0 commentaire","_links":{"self":[{"href":"https:\/\/crelya.com\/index.php\/wp-json\/wp\/v2\/product\/1756","targetHints":{"allow":["GET"]}}],"collection":[{"href":"https:\/\/crelya.com\/index.php\/wp-json\/wp\/v2\/product"}],"about":[{"href":"https:\/\/crelya.com\/index.php\/wp-json\/wp\/v2\/types\/product"}],"replies":[{"embeddable":true,"href":"https:\/\/crelya.com\/index.php\/wp-json\/wp\/v2\/comments?post=1756"}],"wp:featuredmedia":[{"embeddable":true,"href":"https:\/\/crelya.com\/index.php\/wp-json\/wp\/v2\/media\/1757"}],"wp:attachment":[{"href":"https:\/\/crelya.com\/index.php\/wp-json\/wp\/v2\/media?parent=1756"}],"wp:term":[{"taxonomy":"product_brand","embeddable":true,"href":"https:\/\/crelya.com\/index.php\/wp-json\/wp\/v2\/product_brand?post=1756"},{"taxonomy":"product_cat","embeddable":true,"href":"https:\/\/crelya.com\/index.php\/wp-json\/wp\/v2\/product_cat?post=1756"},{"taxonomy":"product_tag","embeddable":true,"href":"https:\/\/crelya.com\/index.php\/wp-json\/wp\/v2\/product_tag?post=1756"}],"curies":[{"name":"wp","href":"https:\/\/api.w.org\/{rel}","templated":true}]}}