{"id":1785,"date":"2022-10-31T15:28:36","date_gmt":"2022-10-31T15:28:36","guid":{"rendered":"https:\/\/crelya.com\/?post_type=product&#038;p=1785"},"modified":"2025-09-25T07:51:36","modified_gmt":"2025-09-25T07:51:36","slug":"pelote-de-laine-lana-colora-soft-fushia-1139","status":"publish","type":"product","link":"https:\/\/crelya.com\/index.php\/product\/pelote-de-laine-lana-colora-soft-fushia-1139\/","title":{"rendered":"Pelote de laine \u2013 LANA COLORA SOFT &#8211; Fushia 1139"},"content":{"rendered":"<p>Tr\u00e8s belle gamme de laine acrylique \u00e0 prix tout doux\u00a0!<\/p>\n<p>Elle est id\u00e9ale pour de nombreuses raisons\u00a0:<\/p>\n<ul>\n<li>Elle est douce et moelleuse<\/li>\n<li>Elle permet de r\u00e9aliser des ouvrages pour toute la famille (pulls, gilets, plaids, couvertures, layette, bonnets\u2026)<\/li>\n<li>Les couleurs sont jolies et vari\u00e9es<\/li>\n<li>Elle est de qualit\u00e9 certifi\u00e9e<\/li>\n<\/ul>\n<p><strong>La certification oeko-tex, standard 100 \u2013 la mati\u00e8re a \u00e9t\u00e9 contr\u00f4l\u00e9 \u00e0 chaque \u00e9tape du traitement. Il ne contient pas de produits chimiques nocifs pour la sant\u00e9.<\/strong><\/p>\n","protected":false},"excerpt":{"rendered":"<p class=\"Standard\" style=\"margin-bottom: 0cm;\">Composition\u00a0: 100% acrylique premium, certifi\u00e9 oeko-tex<\/p>\n<p class=\"Standard\" style=\"margin-bottom: 0cm;\">Poids\u00a0: 50 gr \u2013 140 mt<\/p>\n<p class=\"Standard\" style=\"margin-bottom: 0cm;\">Crochet\/Aiguilles\u00a0: 3.5-4<\/p>\n<p class=\"Standard\" style=\"margin-bottom: 0cm;\">Lavage\u00a0: 30\u00b0<\/p>\n","protected":false},"featured_media":1786,"comment_status":"open","ping_status":"closed","template":"","meta":{"om_disable_all_campaigns":false,"_monsterinsights_skip_tracking":false,"_monsterinsights_sitenote_active":false,"_monsterinsights_sitenote_note":"","_monsterinsights_sitenote_category":0},"product_brand":[],"product_cat":[49,25],"product_tag":[],"class_list":{"0":"post-1785","1":"product","2":"type-product","3":"status-publish","4":"has-post-thumbnail","6":"product_cat-0-952-2lainecolorasoft","7":"product_cat-laines","9":"first","10":"outofstock","11":"shipping-taxable","12":"purchasable","13":"product-type-simple"},"featured_image_urls":{"full":["https:\/\/crelya.com\/wp-content\/uploads\/2022\/10\/FUSHIA-1139.png",1024,1024,false],"thumbnail":["https:\/\/crelya.com\/wp-content\/uploads\/2022\/10\/FUSHIA-1139-150x150.png",150,150,true],"medium":["https:\/\/crelya.com\/wp-content\/uploads\/2022\/10\/FUSHIA-1139-300x300.png",300,300,true],"medium_large":["https:\/\/crelya.com\/wp-content\/uploads\/2022\/10\/FUSHIA-1139-768x768.png",768,768,true],"large":["https:\/\/crelya.com\/wp-content\/uploads\/2022\/10\/FUSHIA-1139-1024x1024.png",1024,1024,true],"1536x1536":["https:\/\/crelya.com\/wp-content\/uploads\/2022\/10\/FUSHIA-1139.png",1024,1024,false],"2048x2048":["https:\/\/crelya.com\/wp-content\/uploads\/2022\/10\/FUSHIA-1139.png",1024,1024,false],"woocommerce_archive_thumbnail":["https:\/\/crelya.com\/wp-content\/uploads\/2022\/10\/FUSHIA-1139-300x300.png",300,300,true],"woocommerce_thumbnail":["https:\/\/crelya.com\/wp-content\/uploads\/2022\/10\/FUSHIA-1139-300x300.png",300,300,true],"woocommerce_single":["https:\/\/crelya.com\/wp-content\/uploads\/2022\/10\/FUSHIA-1139-600x600.png",600,600,true],"woocommerce_gallery_thumbnail":["https:\/\/crelya.com\/wp-content\/uploads\/2022\/10\/FUSHIA-1139-100x100.png",100,100,true],"ppec_logo_image_size":["https:\/\/crelya.com\/wp-content\/uploads\/2022\/10\/FUSHIA-1139.png",60,60,false],"ppec_header_image_size":["https:\/\/crelya.com\/wp-content\/uploads\/2022\/10\/FUSHIA-1139.png",90,90,false]},"post_excerpt_stackable":"<p class=\"Standard\" style=\"margin-bottom: 0cm;\">Composition\u00a0: 100% acrylique premium, certifi\u00e9 oeko-tex<\/p>\n<p class=\"Standard\" style=\"margin-bottom: 0cm;\">Poids\u00a0: 50 gr \u2013 140 mt<\/p>\n<p class=\"Standard\" style=\"margin-bottom: 0cm;\">Crochet\/Aiguilles\u00a0: 3.5-4<\/p>\n<p class=\"Standard\" style=\"margin-bottom: 0cm;\">Lavage\u00a0: 30\u00b0<\/p>\n","category_list":"","author_info":{"name":"","url":""},"comments_num":"0 commentaire","_links":{"self":[{"href":"https:\/\/crelya.com\/index.php\/wp-json\/wp\/v2\/product\/1785","targetHints":{"allow":["GET"]}}],"collection":[{"href":"https:\/\/crelya.com\/index.php\/wp-json\/wp\/v2\/product"}],"about":[{"href":"https:\/\/crelya.com\/index.php\/wp-json\/wp\/v2\/types\/product"}],"replies":[{"embeddable":true,"href":"https:\/\/crelya.com\/index.php\/wp-json\/wp\/v2\/comments?post=1785"}],"wp:featuredmedia":[{"embeddable":true,"href":"https:\/\/crelya.com\/index.php\/wp-json\/wp\/v2\/media\/1786"}],"wp:attachment":[{"href":"https:\/\/crelya.com\/index.php\/wp-json\/wp\/v2\/media?parent=1785"}],"wp:term":[{"taxonomy":"product_brand","embeddable":true,"href":"https:\/\/crelya.com\/index.php\/wp-json\/wp\/v2\/product_brand?post=1785"},{"taxonomy":"product_cat","embeddable":true,"href":"https:\/\/crelya.com\/index.php\/wp-json\/wp\/v2\/product_cat?post=1785"},{"taxonomy":"product_tag","embeddable":true,"href":"https:\/\/crelya.com\/index.php\/wp-json\/wp\/v2\/product_tag?post=1785"}],"curies":[{"name":"wp","href":"https:\/\/api.w.org\/{rel}","templated":true}]}}