{"id":1834,"date":"2022-11-06T21:22:37","date_gmt":"2022-11-06T21:22:37","guid":{"rendered":"https:\/\/crelya.com\/?post_type=product&#038;p=1834"},"modified":"2025-02-07T16:57:39","modified_gmt":"2025-02-07T16:57:39","slug":"pelote-de-coton-fiocco-marron-tal1-7097","status":"publish","type":"product","link":"https:\/\/crelya.com\/index.php\/product\/pelote-de-coton-fiocco-marron-tal1-7097\/","title":{"rendered":"Pelote de coton &#8220;Fiocco&#8221; Marron TAL1-7097"},"content":{"rendered":"<p>Cette gamme de coton est aussi r\u00e9sistante que douce. Elle est tr\u00e8s agr\u00e9able \u00e0 travailler et elle permet de r\u00e9aliser un nombre d\u2019ouvrage tr\u00e8s vari\u00e9 : v\u00eatements de printemps\/\u00e9t\u00e9, objets de d\u00e9co, amigurumi\u2026 ect.<\/p>\n<p>Ce fil de coton est tr\u00e8s agr\u00e9able \u00e0 porter en toute saison et destin\u00e9 aussi bien aux d\u00e9butantes qu\u2019aux confirm\u00e9es.<\/p>\n<p>&nbsp;<\/p>\n<p><strong>La certification oeko-tex, standard 100 \u2013 la mati\u00e8re a \u00e9t\u00e9 contr\u00f4l\u00e9 \u00e0 chaque \u00e9tape du traitement. Il ne contient pas de produits chimiques nocifs pour la sant\u00e9.<\/strong><\/p>\n","protected":false},"excerpt":{"rendered":"<p>Composition : 100 % coton certifi\u00e9 oeko-tex<br \/>\nPoids : 50 gr &#8211; 125 mt<br \/>\nAiguilles : 2<br \/>\nCrochet : 2,5 \u2013 3,5<br \/>\nLavage : 40\u00b0<\/p>\n","protected":false},"featured_media":1835,"comment_status":"open","ping_status":"closed","template":"","meta":{"om_disable_all_campaigns":false,"_monsterinsights_skip_tracking":false,"_monsterinsights_sitenote_active":false,"_monsterinsights_sitenote_note":"","_monsterinsights_sitenote_category":0},"product_brand":[],"product_cat":[39],"product_tag":[],"class_list":{"0":"post-1834","1":"product","2":"type-product","3":"status-publish","4":"has-post-thumbnail","6":"product_cat-coton-fiocco","8":"first","9":"instock","10":"shipping-taxable","11":"purchasable","12":"product-type-simple"},"featured_image_urls":{"full":["https:\/\/crelya.com\/wp-content\/uploads\/2022\/11\/fiocco7097-marron.png",1024,1024,false],"thumbnail":["https:\/\/crelya.com\/wp-content\/uploads\/2022\/11\/fiocco7097-marron-150x150.png",150,150,true],"medium":["https:\/\/crelya.com\/wp-content\/uploads\/2022\/11\/fiocco7097-marron-300x300.png",300,300,true],"medium_large":["https:\/\/crelya.com\/wp-content\/uploads\/2022\/11\/fiocco7097-marron-768x768.png",768,768,true],"large":["https:\/\/crelya.com\/wp-content\/uploads\/2022\/11\/fiocco7097-marron-1024x1024.png",1024,1024,true],"1536x1536":["https:\/\/crelya.com\/wp-content\/uploads\/2022\/11\/fiocco7097-marron.png",1024,1024,false],"2048x2048":["https:\/\/crelya.com\/wp-content\/uploads\/2022\/11\/fiocco7097-marron.png",1024,1024,false],"woocommerce_archive_thumbnail":["https:\/\/crelya.com\/wp-content\/uploads\/2022\/11\/fiocco7097-marron-300x300.png",300,300,true],"woocommerce_thumbnail":["https:\/\/crelya.com\/wp-content\/uploads\/2022\/11\/fiocco7097-marron-300x300.png",300,300,true],"woocommerce_single":["https:\/\/crelya.com\/wp-content\/uploads\/2022\/11\/fiocco7097-marron-600x600.png",600,600,true],"woocommerce_gallery_thumbnail":["https:\/\/crelya.com\/wp-content\/uploads\/2022\/11\/fiocco7097-marron-100x100.png",100,100,true],"ppec_logo_image_size":["https:\/\/crelya.com\/wp-content\/uploads\/2022\/11\/fiocco7097-marron.png",60,60,false],"ppec_header_image_size":["https:\/\/crelya.com\/wp-content\/uploads\/2022\/11\/fiocco7097-marron.png",90,90,false]},"post_excerpt_stackable":"<p>Composition : 100 % coton certifi\u00e9 oeko-tex<br \/>\nPoids : 50 gr &#8211; 125 mt<br \/>\nAiguilles : 2<br \/>\nCrochet : 2,5 \u2013 3,5<br \/>\nLavage : 40\u00b0<\/p>\n","category_list":"","author_info":{"name":"","url":""},"comments_num":"0 commentaire","_links":{"self":[{"href":"https:\/\/crelya.com\/index.php\/wp-json\/wp\/v2\/product\/1834","targetHints":{"allow":["GET"]}}],"collection":[{"href":"https:\/\/crelya.com\/index.php\/wp-json\/wp\/v2\/product"}],"about":[{"href":"https:\/\/crelya.com\/index.php\/wp-json\/wp\/v2\/types\/product"}],"replies":[{"embeddable":true,"href":"https:\/\/crelya.com\/index.php\/wp-json\/wp\/v2\/comments?post=1834"}],"wp:featuredmedia":[{"embeddable":true,"href":"https:\/\/crelya.com\/index.php\/wp-json\/wp\/v2\/media\/1835"}],"wp:attachment":[{"href":"https:\/\/crelya.com\/index.php\/wp-json\/wp\/v2\/media?parent=1834"}],"wp:term":[{"taxonomy":"product_brand","embeddable":true,"href":"https:\/\/crelya.com\/index.php\/wp-json\/wp\/v2\/product_brand?post=1834"},{"taxonomy":"product_cat","embeddable":true,"href":"https:\/\/crelya.com\/index.php\/wp-json\/wp\/v2\/product_cat?post=1834"},{"taxonomy":"product_tag","embeddable":true,"href":"https:\/\/crelya.com\/index.php\/wp-json\/wp\/v2\/product_tag?post=1834"}],"curies":[{"name":"wp","href":"https:\/\/api.w.org\/{rel}","templated":true}]}}