{"id":2059,"date":"2023-01-20T14:47:09","date_gmt":"2023-01-20T14:47:09","guid":{"rendered":"https:\/\/crelya.com\/?post_type=product&#038;p=2059"},"modified":"2026-04-27T18:02:04","modified_gmt":"2026-04-27T18:02:04","slug":"pelote-de-laine-lana-carezza-noisette-1524","status":"publish","type":"product","link":"https:\/\/crelya.com\/index.php\/product\/pelote-de-laine-lana-carezza-noisette-1524\/","title":{"rendered":"Pelote de laine \u2013 Lana Carezza \u2013 Noisette 1524"},"content":{"rendered":"<p>Cette gamme est un coup de c\u0153ur pour moi. Ses qualit\u00e9s principales\u00a0: moelleuse, douce\u00a0!<\/p>\n<p>Les couleurs sont vari\u00e9es, le poids de la pelote est id\u00e9al (100 gr).<\/p>\n<p>Cette gamme nous permet de r\u00e9aliser un large choix d\u2019ouvrages\u00a0: pull, plaid, couvertures, snood, \u00e9charpes, chaussettes, chaussons, chales, gilets, cardigan, peluches\u2026 ect.<\/p>\n<p>La certification oeko-tex, standard 100 \u2013 la mati\u00e8re a \u00e9t\u00e9 contr\u00f4l\u00e9 \u00e0 chaque \u00e9tape du traitement. Il ne contient pas de produits chimiques nocifs pour la sant\u00e9.<\/p>\n","protected":false},"excerpt":{"rendered":"<p>Composition\u00a0: 100\u00a0% acrylique certifi\u00e9 oeko-tex<\/p>\n<p>Poids\u00a0: 100 gr \u2013 380 mt<\/p>\n<p>Aiguilles\u00a0: 2,5 \u2013 3<\/p>\n<p>Crochet\u00a0: 2 \u2013 2,5<\/p>\n<p>Lavage\u00a0: 30\u00b0<\/p>\n","protected":false},"featured_media":2060,"comment_status":"open","ping_status":"closed","template":"","meta":{"om_disable_all_campaigns":false,"_monsterinsights_skip_tracking":false,"_monsterinsights_sitenote_active":false,"_monsterinsights_sitenote_note":"","_monsterinsights_sitenote_category":0},"product_brand":[],"product_cat":[25,26],"product_tag":[],"class_list":{"0":"post-2059","1":"product","2":"type-product","3":"status-publish","4":"has-post-thumbnail","6":"product_cat-laines","7":"product_cat-lana-carezza","9":"first","10":"instock","11":"shipping-taxable","12":"purchasable","13":"product-type-simple"},"featured_image_urls":{"full":["https:\/\/crelya.com\/wp-content\/uploads\/2023\/01\/LC-NOISETTE.png",1024,1024,false],"thumbnail":["https:\/\/crelya.com\/wp-content\/uploads\/2023\/01\/LC-NOISETTE-150x150.png",150,150,true],"medium":["https:\/\/crelya.com\/wp-content\/uploads\/2023\/01\/LC-NOISETTE-300x300.png",300,300,true],"medium_large":["https:\/\/crelya.com\/wp-content\/uploads\/2023\/01\/LC-NOISETTE-768x768.png",768,768,true],"large":["https:\/\/crelya.com\/wp-content\/uploads\/2023\/01\/LC-NOISETTE-1024x1024.png",1024,1024,true],"1536x1536":["https:\/\/crelya.com\/wp-content\/uploads\/2023\/01\/LC-NOISETTE.png",1024,1024,false],"2048x2048":["https:\/\/crelya.com\/wp-content\/uploads\/2023\/01\/LC-NOISETTE.png",1024,1024,false],"woocommerce_archive_thumbnail":["https:\/\/crelya.com\/wp-content\/uploads\/2023\/01\/LC-NOISETTE-300x300.png",300,300,true],"woocommerce_thumbnail":["https:\/\/crelya.com\/wp-content\/uploads\/2023\/01\/LC-NOISETTE-300x300.png",300,300,true],"woocommerce_single":["https:\/\/crelya.com\/wp-content\/uploads\/2023\/01\/LC-NOISETTE-600x600.png",600,600,true],"woocommerce_gallery_thumbnail":["https:\/\/crelya.com\/wp-content\/uploads\/2023\/01\/LC-NOISETTE-100x100.png",100,100,true],"ppec_logo_image_size":["https:\/\/crelya.com\/wp-content\/uploads\/2023\/01\/LC-NOISETTE.png",60,60,false],"ppec_header_image_size":["https:\/\/crelya.com\/wp-content\/uploads\/2023\/01\/LC-NOISETTE.png",90,90,false]},"post_excerpt_stackable":"<p>Composition\u00a0: 100\u00a0% acrylique certifi\u00e9 oeko-tex<\/p>\n<p>Poids\u00a0: 100 gr \u2013 380 mt<\/p>\n<p>Aiguilles\u00a0: 2,5 \u2013 3<\/p>\n<p>Crochet\u00a0: 2 \u2013 2,5<\/p>\n<p>Lavage\u00a0: 30\u00b0<\/p>\n","category_list":"","author_info":{"name":"","url":""},"comments_num":"0 commentaire","_links":{"self":[{"href":"https:\/\/crelya.com\/index.php\/wp-json\/wp\/v2\/product\/2059","targetHints":{"allow":["GET"]}}],"collection":[{"href":"https:\/\/crelya.com\/index.php\/wp-json\/wp\/v2\/product"}],"about":[{"href":"https:\/\/crelya.com\/index.php\/wp-json\/wp\/v2\/types\/product"}],"replies":[{"embeddable":true,"href":"https:\/\/crelya.com\/index.php\/wp-json\/wp\/v2\/comments?post=2059"}],"wp:featuredmedia":[{"embeddable":true,"href":"https:\/\/crelya.com\/index.php\/wp-json\/wp\/v2\/media\/2060"}],"wp:attachment":[{"href":"https:\/\/crelya.com\/index.php\/wp-json\/wp\/v2\/media?parent=2059"}],"wp:term":[{"taxonomy":"product_brand","embeddable":true,"href":"https:\/\/crelya.com\/index.php\/wp-json\/wp\/v2\/product_brand?post=2059"},{"taxonomy":"product_cat","embeddable":true,"href":"https:\/\/crelya.com\/index.php\/wp-json\/wp\/v2\/product_cat?post=2059"},{"taxonomy":"product_tag","embeddable":true,"href":"https:\/\/crelya.com\/index.php\/wp-json\/wp\/v2\/product_tag?post=2059"}],"curies":[{"name":"wp","href":"https:\/\/api.w.org\/{rel}","templated":true}]}}