{"id":2130,"date":"2023-03-17T16:07:37","date_gmt":"2023-03-17T16:07:37","guid":{"rendered":"https:\/\/crelya.com\/?post_type=product&#038;p=2130"},"modified":"2025-01-24T14:27:39","modified_gmt":"2025-01-24T14:27:39","slug":"pelote-de-coton-sharm-blanc","status":"publish","type":"product","link":"https:\/\/crelya.com\/index.php\/product\/pelote-de-coton-sharm-blanc\/","title":{"rendered":"Pelote de coton &#8211; SHARM &#8211; Blanc"},"content":{"rendered":"<p>Cette gamme SHARM est un fil de coton lam\u00e9 et sa composition est de 75% coton et 25% polyester, certifi\u00e9e Oeko-tex. Avec ce fil vos ouvrages auront un rendu brillant, frais et l\u00e9ger ce fil est id\u00e9al pour la saison printemps\/\u00e9t\u00e9.<\/p>\n<p>La certification oeko-tex, standard 100 \u2013 la mati\u00e8re a \u00e9t\u00e9 contr\u00f4l\u00e9 \u00e0 chaque \u00e9tape du traitement. Il ne contient pas de produits chimiques nocifs pour la sant\u00e9.<br \/>\nLa couleur du produit peut varier en fonction du lot de production (c\u2019est-\u00e0-dire lors des bains de teinture), \u00e9galement la perception de la couleur du produit peut \u00eatre l\u00e9g\u00e8rement diff\u00e9rente entre l\u2019mage et le r\u00e9el. <\/p>\n","protected":false},"excerpt":{"rendered":"<p>Composition :75 % coton, 25 % polyester &#8211; certifi\u00e9 oeko-tex<br \/>\nPoids : 50 gr &#8211; 125 m\u00e8tres<br \/>\nAiguilles : 3 \u2013 4<br \/>\nCrochet : 3 \u2013 4<br \/>\nLavage : 30\u00b0<\/p>\n","protected":false},"featured_media":2162,"comment_status":"open","ping_status":"closed","template":"","meta":{"om_disable_all_campaigns":false,"_monsterinsights_skip_tracking":false,"_monsterinsights_sitenote_active":false,"_monsterinsights_sitenote_note":"","_monsterinsights_sitenote_category":0},"product_brand":[],"product_cat":[51],"product_tag":[],"class_list":{"0":"post-2130","1":"product","2":"type-product","3":"status-publish","4":"has-post-thumbnail","6":"product_cat-coton-sharm","8":"first","9":"instock","10":"shipping-taxable","11":"purchasable","12":"product-type-simple"},"featured_image_urls":{"full":["https:\/\/crelya.com\/wp-content\/uploads\/2023\/03\/sharm-blanc.png",1080,1080,false],"thumbnail":["https:\/\/crelya.com\/wp-content\/uploads\/2023\/03\/sharm-blanc-150x150.png",150,150,true],"medium":["https:\/\/crelya.com\/wp-content\/uploads\/2023\/03\/sharm-blanc-300x300.png",300,300,true],"medium_large":["https:\/\/crelya.com\/wp-content\/uploads\/2023\/03\/sharm-blanc-768x768.png",768,768,true],"large":["https:\/\/crelya.com\/wp-content\/uploads\/2023\/03\/sharm-blanc-1024x1024.png",1024,1024,true],"1536x1536":["https:\/\/crelya.com\/wp-content\/uploads\/2023\/03\/sharm-blanc.png",1080,1080,false],"2048x2048":["https:\/\/crelya.com\/wp-content\/uploads\/2023\/03\/sharm-blanc.png",1080,1080,false],"woocommerce_archive_thumbnail":["https:\/\/crelya.com\/wp-content\/uploads\/2023\/03\/sharm-blanc-300x300.png",300,300,true],"woocommerce_thumbnail":["https:\/\/crelya.com\/wp-content\/uploads\/2023\/03\/sharm-blanc-300x300.png",300,300,true],"woocommerce_single":["https:\/\/crelya.com\/wp-content\/uploads\/2023\/03\/sharm-blanc-600x600.png",600,600,true],"woocommerce_gallery_thumbnail":["https:\/\/crelya.com\/wp-content\/uploads\/2023\/03\/sharm-blanc-100x100.png",100,100,true],"ppec_logo_image_size":["https:\/\/crelya.com\/wp-content\/uploads\/2023\/03\/sharm-blanc.png",60,60,false],"ppec_header_image_size":["https:\/\/crelya.com\/wp-content\/uploads\/2023\/03\/sharm-blanc.png",90,90,false]},"post_excerpt_stackable":"<p>Composition :75 % coton, 25 % polyester &#8211; certifi\u00e9 oeko-tex<br \/>\nPoids : 50 gr &#8211; 125 m\u00e8tres<br \/>\nAiguilles : 3 \u2013 4<br \/>\nCrochet : 3 \u2013 4<br \/>\nLavage : 30\u00b0<\/p>\n","category_list":"","author_info":{"name":"","url":""},"comments_num":"0 commentaire","_links":{"self":[{"href":"https:\/\/crelya.com\/index.php\/wp-json\/wp\/v2\/product\/2130","targetHints":{"allow":["GET"]}}],"collection":[{"href":"https:\/\/crelya.com\/index.php\/wp-json\/wp\/v2\/product"}],"about":[{"href":"https:\/\/crelya.com\/index.php\/wp-json\/wp\/v2\/types\/product"}],"replies":[{"embeddable":true,"href":"https:\/\/crelya.com\/index.php\/wp-json\/wp\/v2\/comments?post=2130"}],"wp:featuredmedia":[{"embeddable":true,"href":"https:\/\/crelya.com\/index.php\/wp-json\/wp\/v2\/media\/2162"}],"wp:attachment":[{"href":"https:\/\/crelya.com\/index.php\/wp-json\/wp\/v2\/media?parent=2130"}],"wp:term":[{"taxonomy":"product_brand","embeddable":true,"href":"https:\/\/crelya.com\/index.php\/wp-json\/wp\/v2\/product_brand?post=2130"},{"taxonomy":"product_cat","embeddable":true,"href":"https:\/\/crelya.com\/index.php\/wp-json\/wp\/v2\/product_cat?post=2130"},{"taxonomy":"product_tag","embeddable":true,"href":"https:\/\/crelya.com\/index.php\/wp-json\/wp\/v2\/product_tag?post=2130"}],"curies":[{"name":"wp","href":"https:\/\/api.w.org\/{rel}","templated":true}]}}