{"id":2153,"date":"2023-04-04T10:34:16","date_gmt":"2023-04-04T10:34:16","guid":{"rendered":"https:\/\/crelya.com\/?post_type=product&#038;p=2153"},"modified":"2026-01-31T12:03:27","modified_gmt":"2026-01-31T12:03:27","slug":"pelote-de-coton-ecologique-100-recycle-ecru","status":"publish","type":"product","link":"https:\/\/crelya.com\/index.php\/product\/pelote-de-coton-ecologique-100-recycle-ecru\/","title":{"rendered":"Pelote de coton \u00c9cologique \u2013 100% recycl\u00e9 &#8211; \u00c9cru"},"content":{"rendered":"<p>Cette gamme de coton \u00e9cologique, 100% recycl\u00e9, aux couleurs mats, permet de r\u00e9aliser de nombreux ouvrages : V\u00eatements Printemps\/\u00e9t\u00e9, accessoires (sacs\/pochettes), plaid\u2026 <\/p>\n<p>C\u2019est un coton moelleux et tr\u00e8s sympa \u00e0 travailler : les mailles se montent rapidement !<\/p>\n<p>La certification oeko-tex, standard 100 \u2013 la mati\u00e8re a \u00e9t\u00e9 contr\u00f4l\u00e9 \u00e0 chaque \u00e9tape du traitement. Il ne contient pas de produits chimiques nocifs pour la sant\u00e9.<\/p>\n","protected":false},"excerpt":{"rendered":"<p>Composition : 80% coton, 20% polyester, certifi\u00e9 oeko-tex<br \/>\nPoids : 50 gr \u2013 125 mt<br \/>\nCrochet\/Aiguilles : 2,5-3,5<br \/>\nLavage : 40\u00b0<\/p>\n","protected":false},"featured_media":2154,"comment_status":"open","ping_status":"closed","template":"","meta":{"om_disable_all_campaigns":false,"_monsterinsights_skip_tracking":false,"_monsterinsights_sitenote_active":false,"_monsterinsights_sitenote_note":"","_monsterinsights_sitenote_category":0},"product_brand":[],"product_cat":[38,52],"product_tag":[],"class_list":{"0":"post-2153","1":"product","2":"type-product","3":"status-publish","4":"has-post-thumbnail","6":"product_cat-cotons","7":"product_cat-pelote-de-coton-ecologique-100-recycle","9":"first","10":"instock","11":"shipping-taxable","12":"purchasable","13":"product-type-simple"},"featured_image_urls":{"full":["https:\/\/crelya.com\/wp-content\/uploads\/2023\/04\/cotonecoloecru.png",1080,1080,false],"thumbnail":["https:\/\/crelya.com\/wp-content\/uploads\/2023\/04\/cotonecoloecru-150x150.png",150,150,true],"medium":["https:\/\/crelya.com\/wp-content\/uploads\/2023\/04\/cotonecoloecru-300x300.png",300,300,true],"medium_large":["https:\/\/crelya.com\/wp-content\/uploads\/2023\/04\/cotonecoloecru-768x768.png",768,768,true],"large":["https:\/\/crelya.com\/wp-content\/uploads\/2023\/04\/cotonecoloecru-1024x1024.png",1024,1024,true],"1536x1536":["https:\/\/crelya.com\/wp-content\/uploads\/2023\/04\/cotonecoloecru.png",1080,1080,false],"2048x2048":["https:\/\/crelya.com\/wp-content\/uploads\/2023\/04\/cotonecoloecru.png",1080,1080,false],"woocommerce_archive_thumbnail":["https:\/\/crelya.com\/wp-content\/uploads\/2023\/04\/cotonecoloecru-300x300.png",300,300,true],"woocommerce_thumbnail":["https:\/\/crelya.com\/wp-content\/uploads\/2023\/04\/cotonecoloecru-300x300.png",300,300,true],"woocommerce_single":["https:\/\/crelya.com\/wp-content\/uploads\/2023\/04\/cotonecoloecru-600x600.png",600,600,true],"woocommerce_gallery_thumbnail":["https:\/\/crelya.com\/wp-content\/uploads\/2023\/04\/cotonecoloecru-100x100.png",100,100,true],"ppec_logo_image_size":["https:\/\/crelya.com\/wp-content\/uploads\/2023\/04\/cotonecoloecru.png",60,60,false],"ppec_header_image_size":["https:\/\/crelya.com\/wp-content\/uploads\/2023\/04\/cotonecoloecru.png",90,90,false]},"post_excerpt_stackable":"<p>Composition : 80% coton, 20% polyester, certifi\u00e9 oeko-tex<br \/>\nPoids : 50 gr \u2013 125 mt<br \/>\nCrochet\/Aiguilles : 2,5-3,5<br \/>\nLavage : 40\u00b0<\/p>\n","category_list":"","author_info":{"name":"","url":""},"comments_num":"0 commentaire","_links":{"self":[{"href":"https:\/\/crelya.com\/index.php\/wp-json\/wp\/v2\/product\/2153","targetHints":{"allow":["GET"]}}],"collection":[{"href":"https:\/\/crelya.com\/index.php\/wp-json\/wp\/v2\/product"}],"about":[{"href":"https:\/\/crelya.com\/index.php\/wp-json\/wp\/v2\/types\/product"}],"replies":[{"embeddable":true,"href":"https:\/\/crelya.com\/index.php\/wp-json\/wp\/v2\/comments?post=2153"}],"wp:featuredmedia":[{"embeddable":true,"href":"https:\/\/crelya.com\/index.php\/wp-json\/wp\/v2\/media\/2154"}],"wp:attachment":[{"href":"https:\/\/crelya.com\/index.php\/wp-json\/wp\/v2\/media?parent=2153"}],"wp:term":[{"taxonomy":"product_brand","embeddable":true,"href":"https:\/\/crelya.com\/index.php\/wp-json\/wp\/v2\/product_brand?post=2153"},{"taxonomy":"product_cat","embeddable":true,"href":"https:\/\/crelya.com\/index.php\/wp-json\/wp\/v2\/product_cat?post=2153"},{"taxonomy":"product_tag","embeddable":true,"href":"https:\/\/crelya.com\/index.php\/wp-json\/wp\/v2\/product_tag?post=2153"}],"curies":[{"name":"wp","href":"https:\/\/api.w.org\/{rel}","templated":true}]}}