{"id":2191,"date":"2023-05-19T13:31:22","date_gmt":"2023-05-19T13:31:22","guid":{"rendered":"https:\/\/crelya.com\/?post_type=product&#038;p=2191"},"modified":"2024-01-03T22:07:50","modified_gmt":"2024-01-03T22:07:50","slug":"pelote-de-bambou-koala-rose","status":"publish","type":"product","link":"https:\/\/crelya.com\/index.php\/product\/pelote-de-bambou-koala-rose\/","title":{"rendered":"Pelote de Bambou \u2013 KOALA \u2013 Rose"},"content":{"rendered":"<p>Si vous \u00eates \u00e0 la recherche d\u2019un fil ultra doux pour vos ouvrages, ce fil de Bambou est fait pour vous ! C\u2019est le fil le plus doux de la boutique ! La fibre de Bambou est reconnue pour son confort et sa douceur, tr\u00e8s agr\u00e9able \u00e0 travailler, ce fil ce n\u2019est que du bonheur ! <\/p>\n","protected":false},"excerpt":{"rendered":"<p>Composition : 100% Bambou naturel<br \/>\nPoids : 50gr \u2013 125 m\u00e8tres<br \/>\nCrochet\/Aiguilles : 2,5\/3,5<\/p>\n","protected":false},"featured_media":2192,"comment_status":"open","ping_status":"closed","template":"","meta":{"om_disable_all_campaigns":false,"_monsterinsights_skip_tracking":false,"_monsterinsights_sitenote_active":false,"_monsterinsights_sitenote_note":"","_monsterinsights_sitenote_category":0},"product_brand":[],"product_cat":[53,38],"product_tag":[],"class_list":{"0":"post-2191","1":"product","2":"type-product","3":"status-publish","4":"has-post-thumbnail","6":"product_cat-bambou-koala","7":"product_cat-cotons","9":"first","10":"instock","11":"shipping-taxable","12":"purchasable","13":"product-type-simple"},"featured_image_urls":{"full":["https:\/\/crelya.com\/wp-content\/uploads\/2023\/05\/koala-rose.png",1024,1024,false],"thumbnail":["https:\/\/crelya.com\/wp-content\/uploads\/2023\/05\/koala-rose-150x150.png",150,150,true],"medium":["https:\/\/crelya.com\/wp-content\/uploads\/2023\/05\/koala-rose-300x300.png",300,300,true],"medium_large":["https:\/\/crelya.com\/wp-content\/uploads\/2023\/05\/koala-rose-768x768.png",768,768,true],"large":["https:\/\/crelya.com\/wp-content\/uploads\/2023\/05\/koala-rose.png",1024,1024,false],"1536x1536":["https:\/\/crelya.com\/wp-content\/uploads\/2023\/05\/koala-rose.png",1024,1024,false],"2048x2048":["https:\/\/crelya.com\/wp-content\/uploads\/2023\/05\/koala-rose.png",1024,1024,false],"woocommerce_archive_thumbnail":["https:\/\/crelya.com\/wp-content\/uploads\/2023\/05\/koala-rose-300x300.png",300,300,true],"woocommerce_thumbnail":["https:\/\/crelya.com\/wp-content\/uploads\/2023\/05\/koala-rose-300x300.png",300,300,true],"woocommerce_single":["https:\/\/crelya.com\/wp-content\/uploads\/2023\/05\/koala-rose-600x600.png",600,600,true],"woocommerce_gallery_thumbnail":["https:\/\/crelya.com\/wp-content\/uploads\/2023\/05\/koala-rose-100x100.png",100,100,true],"ppec_logo_image_size":["https:\/\/crelya.com\/wp-content\/uploads\/2023\/05\/koala-rose.png",60,60,false],"ppec_header_image_size":["https:\/\/crelya.com\/wp-content\/uploads\/2023\/05\/koala-rose.png",90,90,false]},"post_excerpt_stackable":"<p>Composition : 100% Bambou naturel<br \/>\nPoids : 50gr \u2013 125 m\u00e8tres<br \/>\nCrochet\/Aiguilles : 2,5\/3,5<\/p>\n","category_list":"","author_info":{"name":"","url":""},"comments_num":"0 commentaire","_links":{"self":[{"href":"https:\/\/crelya.com\/index.php\/wp-json\/wp\/v2\/product\/2191","targetHints":{"allow":["GET"]}}],"collection":[{"href":"https:\/\/crelya.com\/index.php\/wp-json\/wp\/v2\/product"}],"about":[{"href":"https:\/\/crelya.com\/index.php\/wp-json\/wp\/v2\/types\/product"}],"replies":[{"embeddable":true,"href":"https:\/\/crelya.com\/index.php\/wp-json\/wp\/v2\/comments?post=2191"}],"wp:featuredmedia":[{"embeddable":true,"href":"https:\/\/crelya.com\/index.php\/wp-json\/wp\/v2\/media\/2192"}],"wp:attachment":[{"href":"https:\/\/crelya.com\/index.php\/wp-json\/wp\/v2\/media?parent=2191"}],"wp:term":[{"taxonomy":"product_brand","embeddable":true,"href":"https:\/\/crelya.com\/index.php\/wp-json\/wp\/v2\/product_brand?post=2191"},{"taxonomy":"product_cat","embeddable":true,"href":"https:\/\/crelya.com\/index.php\/wp-json\/wp\/v2\/product_cat?post=2191"},{"taxonomy":"product_tag","embeddable":true,"href":"https:\/\/crelya.com\/index.php\/wp-json\/wp\/v2\/product_tag?post=2191"}],"curies":[{"name":"wp","href":"https:\/\/api.w.org\/{rel}","templated":true}]}}