{"id":2236,"date":"2023-07-10T07:55:10","date_gmt":"2023-07-10T07:55:10","guid":{"rendered":"https:\/\/crelya.com\/?post_type=product&#038;p=2236"},"modified":"2025-12-09T12:38:24","modified_gmt":"2025-12-09T12:38:24","slug":"pelote-de-coton-greta-blanc-5001","status":"publish","type":"product","link":"https:\/\/crelya.com\/index.php\/product\/pelote-de-coton-greta-blanc-5001\/","title":{"rendered":"Pelote de Coton \u2013 GRETA \u2013 Blanc 5001"},"content":{"rendered":"<p>Ce fil de coton est parfait pour r\u00e9aliser de nombreux ouvrages pour la maison, coussins au style boh\u00e8me, tapis, jet\u00e9 de canap\u00e9\u2026 des sacs et accessoires\u2026 caches pots\u2026 ou pleins d\u2019autres ouvrages inspir\u00e9s par votre cr\u00e9ativit\u00e9 ! <\/p>\n<p>La certification oeko-tex, standard 100 \u2013 la mati\u00e8re a \u00e9t\u00e9 contr\u00f4l\u00e9 \u00e0 chaque \u00e9tape du traitement. Il ne contient pas de produits chimiques nocifs pour la sant\u00e9.<\/p>\n","protected":false},"excerpt":{"rendered":"<p>Composition : 100 % coton \u00e9cologique recycl\u00e9 et certifi\u00e9 oeko-tex<br \/>\nPoids : 100 gr &#8211; 153 mt<br \/>\nCrochet \/ Aiguilles : 3 &#8211; 4<br \/>\nLavage : Lavable en machine<\/p>\n","protected":false},"featured_media":2237,"comment_status":"open","ping_status":"closed","template":"","meta":{"om_disable_all_campaigns":false,"_monsterinsights_skip_tracking":false,"_monsterinsights_sitenote_active":false,"_monsterinsights_sitenote_note":"","_monsterinsights_sitenote_category":0},"product_brand":[],"product_cat":[54,38],"product_tag":[],"class_list":{"0":"post-2236","1":"product","2":"type-product","3":"status-publish","4":"has-post-thumbnail","6":"product_cat-coton-greta","7":"product_cat-cotons","9":"first","10":"instock","11":"shipping-taxable","12":"purchasable","13":"product-type-simple"},"featured_image_urls":{"full":["https:\/\/crelya.com\/wp-content\/uploads\/2023\/07\/GRETA-BLANC-5001.png",1024,1024,false],"thumbnail":["https:\/\/crelya.com\/wp-content\/uploads\/2023\/07\/GRETA-BLANC-5001-150x150.png",150,150,true],"medium":["https:\/\/crelya.com\/wp-content\/uploads\/2023\/07\/GRETA-BLANC-5001-300x300.png",300,300,true],"medium_large":["https:\/\/crelya.com\/wp-content\/uploads\/2023\/07\/GRETA-BLANC-5001-768x768.png",768,768,true],"large":["https:\/\/crelya.com\/wp-content\/uploads\/2023\/07\/GRETA-BLANC-5001.png",1024,1024,false],"1536x1536":["https:\/\/crelya.com\/wp-content\/uploads\/2023\/07\/GRETA-BLANC-5001.png",1024,1024,false],"2048x2048":["https:\/\/crelya.com\/wp-content\/uploads\/2023\/07\/GRETA-BLANC-5001.png",1024,1024,false],"woocommerce_archive_thumbnail":["https:\/\/crelya.com\/wp-content\/uploads\/2023\/07\/GRETA-BLANC-5001-300x300.png",300,300,true],"woocommerce_thumbnail":["https:\/\/crelya.com\/wp-content\/uploads\/2023\/07\/GRETA-BLANC-5001-300x300.png",300,300,true],"woocommerce_single":["https:\/\/crelya.com\/wp-content\/uploads\/2023\/07\/GRETA-BLANC-5001-600x600.png",600,600,true],"woocommerce_gallery_thumbnail":["https:\/\/crelya.com\/wp-content\/uploads\/2023\/07\/GRETA-BLANC-5001-100x100.png",100,100,true],"ppec_logo_image_size":["https:\/\/crelya.com\/wp-content\/uploads\/2023\/07\/GRETA-BLANC-5001.png",60,60,false],"ppec_header_image_size":["https:\/\/crelya.com\/wp-content\/uploads\/2023\/07\/GRETA-BLANC-5001.png",90,90,false]},"post_excerpt_stackable":"<p>Composition : 100 % coton \u00e9cologique recycl\u00e9 et certifi\u00e9 oeko-tex<br \/>\nPoids : 100 gr &#8211; 153 mt<br \/>\nCrochet \/ Aiguilles : 3 &#8211; 4<br \/>\nLavage : Lavable en machine<\/p>\n","category_list":"","author_info":{"name":"","url":""},"comments_num":"0 commentaire","_links":{"self":[{"href":"https:\/\/crelya.com\/index.php\/wp-json\/wp\/v2\/product\/2236","targetHints":{"allow":["GET"]}}],"collection":[{"href":"https:\/\/crelya.com\/index.php\/wp-json\/wp\/v2\/product"}],"about":[{"href":"https:\/\/crelya.com\/index.php\/wp-json\/wp\/v2\/types\/product"}],"replies":[{"embeddable":true,"href":"https:\/\/crelya.com\/index.php\/wp-json\/wp\/v2\/comments?post=2236"}],"wp:featuredmedia":[{"embeddable":true,"href":"https:\/\/crelya.com\/index.php\/wp-json\/wp\/v2\/media\/2237"}],"wp:attachment":[{"href":"https:\/\/crelya.com\/index.php\/wp-json\/wp\/v2\/media?parent=2236"}],"wp:term":[{"taxonomy":"product_brand","embeddable":true,"href":"https:\/\/crelya.com\/index.php\/wp-json\/wp\/v2\/product_brand?post=2236"},{"taxonomy":"product_cat","embeddable":true,"href":"https:\/\/crelya.com\/index.php\/wp-json\/wp\/v2\/product_cat?post=2236"},{"taxonomy":"product_tag","embeddable":true,"href":"https:\/\/crelya.com\/index.php\/wp-json\/wp\/v2\/product_tag?post=2236"}],"curies":[{"name":"wp","href":"https:\/\/api.w.org\/{rel}","templated":true}]}}