{"id":2323,"date":"2023-10-27T12:03:38","date_gmt":"2023-10-27T12:03:38","guid":{"rendered":"https:\/\/crelya.com\/?post_type=product&#038;p=2323"},"modified":"2023-10-27T12:03:38","modified_gmt":"2023-10-27T12:03:38","slug":"pelote-de-laine-green-wool-taupe-04","status":"publish","type":"product","link":"https:\/\/crelya.com\/index.php\/product\/pelote-de-laine-green-wool-taupe-04\/","title":{"rendered":"Pelote de laine \u2013 GREEN WOOL \u2013 Taupe 04"},"content":{"rendered":"<p>La gamme Greenwool est une laine compos\u00e9e int\u00e9gralement de fibres recycl\u00e9es : 90% Acrylique, 10% autres fibres pour une grande contribution \u00e0 l\u2019environnement ! Le fil est agr\u00e9able \u00e0 travailler, les couleurs sont tr\u00e8s jolie avec leur effet de couleurs m\u00e9lang\u00e9es, ce fil est id\u00e9al pour r\u00e9aliser des ouvrages d\u2019hiver !<br \/>\nLa certification oeko-tex, standard 100 \u2013 la mati\u00e8re a \u00e9t\u00e9 contr\u00f4l\u00e9 \u00e0 chaque \u00e9tape du traitement. Il ne contient pas de produits chimiques nocifs pour la sant\u00e9.<\/p>\n","protected":false},"excerpt":{"rendered":"<p>Composition : 90 % laine acrylique recycl\u00e9e, 10 % autres fibres recycl\u00e9es &#8211; certifi\u00e9 oeko-tex<br \/>\nPoids : 100 gr \u2013 310 mt<br \/>\nAiguilles et Crochet : 3 \u2013 3.5<br \/>\nLavage : 40\u00b0<\/p>\n","protected":false},"featured_media":2324,"comment_status":"open","ping_status":"closed","template":"","meta":{"om_disable_all_campaigns":false,"_monsterinsights_skip_tracking":false,"_monsterinsights_sitenote_active":false,"_monsterinsights_sitenote_note":"","_monsterinsights_sitenote_category":0},"product_brand":[],"product_cat":[55,25],"product_tag":[],"class_list":{"0":"post-2323","1":"product","2":"type-product","3":"status-publish","4":"has-post-thumbnail","6":"product_cat-laine-greenwool","7":"product_cat-laines","9":"first","10":"instock","11":"shipping-taxable","12":"purchasable","13":"product-type-simple"},"featured_image_urls":{"full":["https:\/\/crelya.com\/wp-content\/uploads\/2023\/10\/greenwooltaupe04.png",1024,1024,false],"thumbnail":["https:\/\/crelya.com\/wp-content\/uploads\/2023\/10\/greenwooltaupe04-150x150.png",150,150,true],"medium":["https:\/\/crelya.com\/wp-content\/uploads\/2023\/10\/greenwooltaupe04-300x300.png",300,300,true],"medium_large":["https:\/\/crelya.com\/wp-content\/uploads\/2023\/10\/greenwooltaupe04-768x768.png",768,768,true],"large":["https:\/\/crelya.com\/wp-content\/uploads\/2023\/10\/greenwooltaupe04.png",1024,1024,false],"1536x1536":["https:\/\/crelya.com\/wp-content\/uploads\/2023\/10\/greenwooltaupe04.png",1024,1024,false],"2048x2048":["https:\/\/crelya.com\/wp-content\/uploads\/2023\/10\/greenwooltaupe04.png",1024,1024,false],"woocommerce_archive_thumbnail":["https:\/\/crelya.com\/wp-content\/uploads\/2023\/10\/greenwooltaupe04-300x300.png",300,300,true],"woocommerce_thumbnail":["https:\/\/crelya.com\/wp-content\/uploads\/2023\/10\/greenwooltaupe04-300x300.png",300,300,true],"woocommerce_single":["https:\/\/crelya.com\/wp-content\/uploads\/2023\/10\/greenwooltaupe04-600x600.png",600,600,true],"woocommerce_gallery_thumbnail":["https:\/\/crelya.com\/wp-content\/uploads\/2023\/10\/greenwooltaupe04-100x100.png",100,100,true],"ppec_logo_image_size":["https:\/\/crelya.com\/wp-content\/uploads\/2023\/10\/greenwooltaupe04.png",60,60,false],"ppec_header_image_size":["https:\/\/crelya.com\/wp-content\/uploads\/2023\/10\/greenwooltaupe04.png",90,90,false]},"post_excerpt_stackable":"<p>Composition : 90 % laine acrylique recycl\u00e9e, 10 % autres fibres recycl\u00e9es &#8211; certifi\u00e9 oeko-tex<br \/>\nPoids : 100 gr \u2013 310 mt<br \/>\nAiguilles et Crochet : 3 \u2013 3.5<br \/>\nLavage : 40\u00b0<\/p>\n","category_list":"","author_info":{"name":"","url":""},"comments_num":"0 commentaire","_links":{"self":[{"href":"https:\/\/crelya.com\/index.php\/wp-json\/wp\/v2\/product\/2323","targetHints":{"allow":["GET"]}}],"collection":[{"href":"https:\/\/crelya.com\/index.php\/wp-json\/wp\/v2\/product"}],"about":[{"href":"https:\/\/crelya.com\/index.php\/wp-json\/wp\/v2\/types\/product"}],"replies":[{"embeddable":true,"href":"https:\/\/crelya.com\/index.php\/wp-json\/wp\/v2\/comments?post=2323"}],"wp:featuredmedia":[{"embeddable":true,"href":"https:\/\/crelya.com\/index.php\/wp-json\/wp\/v2\/media\/2324"}],"wp:attachment":[{"href":"https:\/\/crelya.com\/index.php\/wp-json\/wp\/v2\/media?parent=2323"}],"wp:term":[{"taxonomy":"product_brand","embeddable":true,"href":"https:\/\/crelya.com\/index.php\/wp-json\/wp\/v2\/product_brand?post=2323"},{"taxonomy":"product_cat","embeddable":true,"href":"https:\/\/crelya.com\/index.php\/wp-json\/wp\/v2\/product_cat?post=2323"},{"taxonomy":"product_tag","embeddable":true,"href":"https:\/\/crelya.com\/index.php\/wp-json\/wp\/v2\/product_tag?post=2323"}],"curies":[{"name":"wp","href":"https:\/\/api.w.org\/{rel}","templated":true}]}}