{"id":2336,"date":"2023-10-30T07:42:58","date_gmt":"2023-10-30T07:42:58","guid":{"rendered":"https:\/\/crelya.com\/?post_type=product&#038;p=2336"},"modified":"2025-06-02T20:40:56","modified_gmt":"2025-06-02T20:40:56","slug":"pelote-de-laine-lamoretta-bordeaux-035","status":"publish","type":"product","link":"https:\/\/crelya.com\/index.php\/product\/pelote-de-laine-lamoretta-bordeaux-035\/","title":{"rendered":"Pelote de laine \u2013 LANA MORETTA \u2013 Bordeaux 035"},"content":{"rendered":"<p>Avec sa parfaite torsion, cette laine est tr\u00e8s moelleuse, douce et chaude. Anti-Pilling, cette laine est parfaite pour toutes les techniques de travail et pour tout ouvrage Femme, Homme et Enfant.<\/p>\n<p><strong>La certification oeko-tex, standard 100 \u2013 la mati\u00e8re a \u00e9t\u00e9 contr\u00f4l\u00e9 \u00e0 chaque \u00e9tape du traitement. Il ne contient pas de produits chimiques nocifs pour la sant\u00e9.<\/strong><\/p>\n","protected":false},"excerpt":{"rendered":"<p>Composition : 30 % Laine, 70 % acrylique certifi\u00e9 oeko-tex<\/p>\n<p>Poids : 50 gr \u2013 150 mt<\/p>\n<p>Aiguilles et Crochet : 3 \u2013 4<\/p>\n<p>Lavage : 30\u00b0<\/p>\n","protected":false},"featured_media":2337,"comment_status":"open","ping_status":"closed","template":"","meta":{"om_disable_all_campaigns":false,"_monsterinsights_skip_tracking":false,"_monsterinsights_sitenote_active":false,"_monsterinsights_sitenote_note":"","_monsterinsights_sitenote_category":0},"product_brand":[],"product_cat":[50,25],"product_tag":[],"class_list":{"0":"post-2336","1":"product","2":"type-product","3":"status-publish","4":"has-post-thumbnail","6":"product_cat-laine-lamoretta","7":"product_cat-laines","9":"first","10":"instock","11":"shipping-taxable","12":"purchasable","13":"product-type-simple"},"featured_image_urls":{"full":["https:\/\/crelya.com\/wp-content\/uploads\/2023\/10\/lmbordeauxx035.png",1024,1024,false],"thumbnail":["https:\/\/crelya.com\/wp-content\/uploads\/2023\/10\/lmbordeauxx035-150x150.png",150,150,true],"medium":["https:\/\/crelya.com\/wp-content\/uploads\/2023\/10\/lmbordeauxx035-300x300.png",300,300,true],"medium_large":["https:\/\/crelya.com\/wp-content\/uploads\/2023\/10\/lmbordeauxx035-768x768.png",768,768,true],"large":["https:\/\/crelya.com\/wp-content\/uploads\/2023\/10\/lmbordeauxx035.png",1024,1024,false],"1536x1536":["https:\/\/crelya.com\/wp-content\/uploads\/2023\/10\/lmbordeauxx035.png",1024,1024,false],"2048x2048":["https:\/\/crelya.com\/wp-content\/uploads\/2023\/10\/lmbordeauxx035.png",1024,1024,false],"woocommerce_archive_thumbnail":["https:\/\/crelya.com\/wp-content\/uploads\/2023\/10\/lmbordeauxx035-300x300.png",300,300,true],"woocommerce_thumbnail":["https:\/\/crelya.com\/wp-content\/uploads\/2023\/10\/lmbordeauxx035-300x300.png",300,300,true],"woocommerce_single":["https:\/\/crelya.com\/wp-content\/uploads\/2023\/10\/lmbordeauxx035-600x600.png",600,600,true],"woocommerce_gallery_thumbnail":["https:\/\/crelya.com\/wp-content\/uploads\/2023\/10\/lmbordeauxx035-100x100.png",100,100,true],"ppec_logo_image_size":["https:\/\/crelya.com\/wp-content\/uploads\/2023\/10\/lmbordeauxx035.png",60,60,false],"ppec_header_image_size":["https:\/\/crelya.com\/wp-content\/uploads\/2023\/10\/lmbordeauxx035.png",90,90,false]},"post_excerpt_stackable":"<p>Composition : 30 % Laine, 70 % acrylique certifi\u00e9 oeko-tex<\/p>\n<p>Poids : 50 gr \u2013 150 mt<\/p>\n<p>Aiguilles et Crochet : 3 \u2013 4<\/p>\n<p>Lavage : 30\u00b0<\/p>\n","category_list":"","author_info":{"name":"","url":""},"comments_num":"0 commentaire","_links":{"self":[{"href":"https:\/\/crelya.com\/index.php\/wp-json\/wp\/v2\/product\/2336","targetHints":{"allow":["GET"]}}],"collection":[{"href":"https:\/\/crelya.com\/index.php\/wp-json\/wp\/v2\/product"}],"about":[{"href":"https:\/\/crelya.com\/index.php\/wp-json\/wp\/v2\/types\/product"}],"replies":[{"embeddable":true,"href":"https:\/\/crelya.com\/index.php\/wp-json\/wp\/v2\/comments?post=2336"}],"wp:featuredmedia":[{"embeddable":true,"href":"https:\/\/crelya.com\/index.php\/wp-json\/wp\/v2\/media\/2337"}],"wp:attachment":[{"href":"https:\/\/crelya.com\/index.php\/wp-json\/wp\/v2\/media?parent=2336"}],"wp:term":[{"taxonomy":"product_brand","embeddable":true,"href":"https:\/\/crelya.com\/index.php\/wp-json\/wp\/v2\/product_brand?post=2336"},{"taxonomy":"product_cat","embeddable":true,"href":"https:\/\/crelya.com\/index.php\/wp-json\/wp\/v2\/product_cat?post=2336"},{"taxonomy":"product_tag","embeddable":true,"href":"https:\/\/crelya.com\/index.php\/wp-json\/wp\/v2\/product_tag?post=2336"}],"curies":[{"name":"wp","href":"https:\/\/api.w.org\/{rel}","templated":true}]}}