{"id":2877,"date":"2025-09-22T23:09:19","date_gmt":"2025-09-22T23:09:19","guid":{"rendered":"https:\/\/crelya.com\/?post_type=product&#038;p=2877"},"modified":"2025-09-22T23:10:24","modified_gmt":"2025-09-22T23:10:24","slug":"fil-melange-abbraccio-moutarde-355","status":"publish","type":"product","link":"https:\/\/crelya.com\/index.php\/product\/fil-melange-abbraccio-moutarde-355\/","title":{"rendered":"Fil m\u00e9lang\u00e9 &#8211; ABBRACCIO &#8211; Moutarde 355"},"content":{"rendered":"<p><strong data-start=\"83\" data-end=\"116\">Le fil Abbraccio Caldo Cotone<\/strong> est une superbe alliance de fibres qui combine la fra\u00eecheur et la naturalit\u00e9 du coton avec la douceur et la praticit\u00e9 de la microfibre acrylique.<br data-start=\"262\" data-end=\"265\" \/>Compos\u00e9 \u00e0 <strong data-start=\"275\" data-end=\"323\">50 % de coton et 50 % d\u2019acrylique microfibre<\/strong>, il offre le meilleur des deux mondes, garantissant \u00e0 la fois confort et durabilit\u00e9 aux cr\u00e9ations.<\/p>\n<p>La certification oeko-tex, standard 100 \u2013 la mati\u00e8re a \u00e9t\u00e9 contr\u00f4l\u00e9 \u00e0 chaque \u00e9tape du traitement. Il ne contient pas de produits chimiques nocifs pour la sant\u00e9.<\/p>\n","protected":false},"excerpt":{"rendered":"<p>Composition : 50 % de coton et 50 % d\u2019acrylique microfibre certifi\u00e9 oeko-tex<\/p>\n<p>Poids : 50 gr \u2013 165 mt<\/p>\n<p>Aiguilles : 3,5\/5<\/p>\n<p>Crochet : 2\/4<\/p>\n<p>&nbsp;<\/p>\n","protected":false},"featured_media":2876,"comment_status":"open","ping_status":"closed","template":"","meta":{"om_disable_all_campaigns":false,"_monsterinsights_skip_tracking":false,"_monsterinsights_sitenote_active":false,"_monsterinsights_sitenote_note":"","_monsterinsights_sitenote_category":0},"product_brand":[],"product_cat":[57,25],"product_tag":[],"class_list":{"0":"post-2877","1":"product","2":"type-product","3":"status-publish","4":"has-post-thumbnail","6":"product_cat-fil-melange","7":"product_cat-laines","9":"first","10":"instock","11":"shipping-taxable","12":"purchasable","13":"product-type-simple"},"featured_image_urls":{"full":["https:\/\/crelya.com\/wp-content\/uploads\/2025\/09\/C453-355ABBRACCIO-MOUTARDE.jpg",427,320,false],"thumbnail":["https:\/\/crelya.com\/wp-content\/uploads\/2025\/09\/C453-355ABBRACCIO-MOUTARDE-150x150.jpg",150,150,true],"medium":["https:\/\/crelya.com\/wp-content\/uploads\/2025\/09\/C453-355ABBRACCIO-MOUTARDE-300x225.jpg",300,225,true],"medium_large":["https:\/\/crelya.com\/wp-content\/uploads\/2025\/09\/C453-355ABBRACCIO-MOUTARDE.jpg",427,320,false],"large":["https:\/\/crelya.com\/wp-content\/uploads\/2025\/09\/C453-355ABBRACCIO-MOUTARDE.jpg",427,320,false],"1536x1536":["https:\/\/crelya.com\/wp-content\/uploads\/2025\/09\/C453-355ABBRACCIO-MOUTARDE.jpg",427,320,false],"2048x2048":["https:\/\/crelya.com\/wp-content\/uploads\/2025\/09\/C453-355ABBRACCIO-MOUTARDE.jpg",427,320,false],"woocommerce_archive_thumbnail":["https:\/\/crelya.com\/wp-content\/uploads\/2025\/09\/C453-355ABBRACCIO-MOUTARDE-300x300.jpg",300,300,true],"woocommerce_thumbnail":["https:\/\/crelya.com\/wp-content\/uploads\/2025\/09\/C453-355ABBRACCIO-MOUTARDE-300x300.jpg",300,300,true],"woocommerce_single":["https:\/\/crelya.com\/wp-content\/uploads\/2025\/09\/C453-355ABBRACCIO-MOUTARDE.jpg",427,320,false],"woocommerce_gallery_thumbnail":["https:\/\/crelya.com\/wp-content\/uploads\/2025\/09\/C453-355ABBRACCIO-MOUTARDE-100x100.jpg",100,100,true],"ppec_logo_image_size":["https:\/\/crelya.com\/wp-content\/uploads\/2025\/09\/C453-355ABBRACCIO-MOUTARDE.jpg",80,60,false],"ppec_header_image_size":["https:\/\/crelya.com\/wp-content\/uploads\/2025\/09\/C453-355ABBRACCIO-MOUTARDE.jpg",120,90,false]},"post_excerpt_stackable":"<p>Composition : 50 % de coton et 50 % d\u2019acrylique microfibre certifi\u00e9 oeko-tex<\/p>\n<p>Poids : 50 gr \u2013 165 mt<\/p>\n<p>Aiguilles : 3,5\/5<\/p>\n<p>Crochet : 2\/4<\/p>\n<p>&nbsp;<\/p>\n","category_list":"","author_info":{"name":"","url":""},"comments_num":"0 commentaire","_links":{"self":[{"href":"https:\/\/crelya.com\/index.php\/wp-json\/wp\/v2\/product\/2877","targetHints":{"allow":["GET"]}}],"collection":[{"href":"https:\/\/crelya.com\/index.php\/wp-json\/wp\/v2\/product"}],"about":[{"href":"https:\/\/crelya.com\/index.php\/wp-json\/wp\/v2\/types\/product"}],"replies":[{"embeddable":true,"href":"https:\/\/crelya.com\/index.php\/wp-json\/wp\/v2\/comments?post=2877"}],"wp:featuredmedia":[{"embeddable":true,"href":"https:\/\/crelya.com\/index.php\/wp-json\/wp\/v2\/media\/2876"}],"wp:attachment":[{"href":"https:\/\/crelya.com\/index.php\/wp-json\/wp\/v2\/media?parent=2877"}],"wp:term":[{"taxonomy":"product_brand","embeddable":true,"href":"https:\/\/crelya.com\/index.php\/wp-json\/wp\/v2\/product_brand?post=2877"},{"taxonomy":"product_cat","embeddable":true,"href":"https:\/\/crelya.com\/index.php\/wp-json\/wp\/v2\/product_cat?post=2877"},{"taxonomy":"product_tag","embeddable":true,"href":"https:\/\/crelya.com\/index.php\/wp-json\/wp\/v2\/product_tag?post=2877"}],"curies":[{"name":"wp","href":"https:\/\/api.w.org\/{rel}","templated":true}]}}