{"id":2897,"date":"2025-09-22T23:54:05","date_gmt":"2025-09-22T23:54:05","guid":{"rendered":"https:\/\/crelya.com\/?post_type=product&#038;p=2897"},"modified":"2026-02-26T07:21:55","modified_gmt":"2026-02-26T07:21:55","slug":"pelote-de-laine-bebe-abricot-229","status":"publish","type":"product","link":"https:\/\/crelya.com\/index.php\/product\/pelote-de-laine-bebe-abricot-229\/","title":{"rendered":"Pelote de laine b\u00e9b\u00e9 \u2013 Abricot 229"},"content":{"rendered":"<p>Un fil d\u2019une douceur exceptionnelle, souple et ind\u00e9formable, compos\u00e9 de 50 % pure laine mulesing free et 50 % acrylique Dralon\u00ae. Certifi\u00e9 Oeko-Tex\u00ae, ce fil de qualit\u00e9 sup\u00e9rieure est peign\u00e9, retordu, teint et conditionn\u00e9 en Italie, \u00e0 Biella, garantissant un poids et une qualit\u00e9 constants.<\/p>\n<p>Gr\u00e2ce \u00e0 sa combinaison \u00e9quilibr\u00e9e de fibres, ce fil associe douceur, r\u00e9sistance et confort, le rendant parfait pour r\u00e9aliser une grande vari\u00e9t\u00e9 de projets : pulls, gilets, \u00e9charpes, bonnets et bien plus encore.<\/p>\n<p>La certification oeko-tex, standard 100 \u2013 la mati\u00e8re a \u00e9t\u00e9 contr\u00f4l\u00e9 \u00e0 chaque \u00e9tape du traitement. Il ne contient pas de produits chimiques nocifs pour la sant\u00e9.<\/p>\n","protected":false},"excerpt":{"rendered":"<p>Composition : 50 % pure laine mulesing free et 50 % d\u2019acrylique Dralon certifi\u00e9 oeko-tex<\/p>\n<p>Poids : 50 gr \u2013 175 mt<\/p>\n<p>Aiguilles\/Crochet : 3\/3,5<\/p>\n","protected":false},"featured_media":2898,"comment_status":"open","ping_status":"closed","template":"","meta":{"om_disable_all_campaigns":false,"_monsterinsights_skip_tracking":false,"_monsterinsights_sitenote_active":false,"_monsterinsights_sitenote_note":"","_monsterinsights_sitenote_category":0},"product_brand":[],"product_cat":[58,25],"product_tag":[],"class_list":{"0":"post-2897","1":"product","2":"type-product","3":"status-publish","4":"has-post-thumbnail","6":"product_cat-laine-bebe","7":"product_cat-laines","9":"first","10":"instock","11":"shipping-taxable","12":"purchasable","13":"product-type-simple"},"featured_image_urls":{"full":["https:\/\/crelya.com\/wp-content\/uploads\/2025\/09\/LS15-229Laine-bebe-rose.jpg",427,320,false],"thumbnail":["https:\/\/crelya.com\/wp-content\/uploads\/2025\/09\/LS15-229Laine-bebe-rose-150x150.jpg",150,150,true],"medium":["https:\/\/crelya.com\/wp-content\/uploads\/2025\/09\/LS15-229Laine-bebe-rose-300x225.jpg",300,225,true],"medium_large":["https:\/\/crelya.com\/wp-content\/uploads\/2025\/09\/LS15-229Laine-bebe-rose.jpg",427,320,false],"large":["https:\/\/crelya.com\/wp-content\/uploads\/2025\/09\/LS15-229Laine-bebe-rose.jpg",427,320,false],"1536x1536":["https:\/\/crelya.com\/wp-content\/uploads\/2025\/09\/LS15-229Laine-bebe-rose.jpg",427,320,false],"2048x2048":["https:\/\/crelya.com\/wp-content\/uploads\/2025\/09\/LS15-229Laine-bebe-rose.jpg",427,320,false],"woocommerce_archive_thumbnail":["https:\/\/crelya.com\/wp-content\/uploads\/2025\/09\/LS15-229Laine-bebe-rose-300x300.jpg",300,300,true],"woocommerce_thumbnail":["https:\/\/crelya.com\/wp-content\/uploads\/2025\/09\/LS15-229Laine-bebe-rose-300x300.jpg",300,300,true],"woocommerce_single":["https:\/\/crelya.com\/wp-content\/uploads\/2025\/09\/LS15-229Laine-bebe-rose.jpg",427,320,false],"woocommerce_gallery_thumbnail":["https:\/\/crelya.com\/wp-content\/uploads\/2025\/09\/LS15-229Laine-bebe-rose-100x100.jpg",100,100,true],"ppec_logo_image_size":["https:\/\/crelya.com\/wp-content\/uploads\/2025\/09\/LS15-229Laine-bebe-rose.jpg",80,60,false],"ppec_header_image_size":["https:\/\/crelya.com\/wp-content\/uploads\/2025\/09\/LS15-229Laine-bebe-rose.jpg",120,90,false]},"post_excerpt_stackable":"<p>Composition : 50 % pure laine mulesing free et 50 % d\u2019acrylique Dralon certifi\u00e9 oeko-tex<\/p>\n<p>Poids : 50 gr \u2013 175 mt<\/p>\n<p>Aiguilles\/Crochet : 3\/3,5<\/p>\n","category_list":"","author_info":{"name":"","url":""},"comments_num":"0 commentaire","_links":{"self":[{"href":"https:\/\/crelya.com\/index.php\/wp-json\/wp\/v2\/product\/2897","targetHints":{"allow":["GET"]}}],"collection":[{"href":"https:\/\/crelya.com\/index.php\/wp-json\/wp\/v2\/product"}],"about":[{"href":"https:\/\/crelya.com\/index.php\/wp-json\/wp\/v2\/types\/product"}],"replies":[{"embeddable":true,"href":"https:\/\/crelya.com\/index.php\/wp-json\/wp\/v2\/comments?post=2897"}],"wp:featuredmedia":[{"embeddable":true,"href":"https:\/\/crelya.com\/index.php\/wp-json\/wp\/v2\/media\/2898"}],"wp:attachment":[{"href":"https:\/\/crelya.com\/index.php\/wp-json\/wp\/v2\/media?parent=2897"}],"wp:term":[{"taxonomy":"product_brand","embeddable":true,"href":"https:\/\/crelya.com\/index.php\/wp-json\/wp\/v2\/product_brand?post=2897"},{"taxonomy":"product_cat","embeddable":true,"href":"https:\/\/crelya.com\/index.php\/wp-json\/wp\/v2\/product_cat?post=2897"},{"taxonomy":"product_tag","embeddable":true,"href":"https:\/\/crelya.com\/index.php\/wp-json\/wp\/v2\/product_tag?post=2897"}],"curies":[{"name":"wp","href":"https:\/\/api.w.org\/{rel}","templated":true}]}}