{"id":2959,"date":"2025-11-19T17:01:58","date_gmt":"2025-11-19T17:01:58","guid":{"rendered":"https:\/\/crelya.com\/?post_type=product&#038;p=2959"},"modified":"2025-11-19T17:01:58","modified_gmt":"2025-11-19T17:01:58","slug":"sac-en-toile-de-jute","status":"publish","type":"product","link":"https:\/\/crelya.com\/index.php\/product\/sac-en-toile-de-jute\/","title":{"rendered":"Sac en toile de jute"},"content":{"rendered":"<p>Un sac naturel et robuste \u2013 \u00e0 personnaliser\u00a0!<\/p>\n<p>Le sac en jute est fabriqu\u00e9 en fibre de jute 100% naturelle, une mati\u00e8re durable et r\u00e9sistante. Avec sa structure solide et ses anses \u00e9paisses tress\u00e9es, il est parfait pour une utilisation quotidienne comme pour offrir.<\/p>\n<p>Ce sac est \u00e9galement parfait \u00e0 customiser, en broderie, crochet, DIY\u2026 c\u2019est un excellent support cr\u00e9atif pour ateliers, boutiques, \u00e9v\u00e9nements, cadeaux personnalis\u00e9s ou usage personnel.<\/p>\n","protected":false},"excerpt":{"rendered":"<p>Un sac naturel et robuste \u2013 <strong>\u00e0 personnaliser<\/strong>\u00a0!<\/p>\n<p>Composition\u00a0: 100% jute<\/p>\n<p>Dimensions\u00a0: L 30cm \u2013 H 30 cm \u2013 P 19 cm<\/p>\n<p>\u2192 Format id\u00e9al pour transporter documents, lunch box, courses, objets du quotidien.<\/p>\n","protected":false},"featured_media":2956,"comment_status":"open","ping_status":"closed","template":"","meta":{"om_disable_all_campaigns":false,"_monsterinsights_skip_tracking":false,"_monsterinsights_sitenote_active":false,"_monsterinsights_sitenote_note":"","_monsterinsights_sitenote_category":0},"product_brand":[],"product_cat":[59],"product_tag":[],"class_list":{"0":"post-2959","1":"product","2":"type-product","3":"status-publish","4":"has-post-thumbnail","6":"product_cat-jute","8":"first","9":"instock","10":"shipping-taxable","11":"purchasable","12":"product-type-simple"},"featured_image_urls":{"full":["https:\/\/crelya.com\/wp-content\/uploads\/2025\/11\/02862sac-en-jute.png",1024,1024,false],"thumbnail":["https:\/\/crelya.com\/wp-content\/uploads\/2025\/11\/02862sac-en-jute-150x150.png",150,150,true],"medium":["https:\/\/crelya.com\/wp-content\/uploads\/2025\/11\/02862sac-en-jute-300x300.png",300,300,true],"medium_large":["https:\/\/crelya.com\/wp-content\/uploads\/2025\/11\/02862sac-en-jute-768x768.png",768,768,true],"large":["https:\/\/crelya.com\/wp-content\/uploads\/2025\/11\/02862sac-en-jute.png",1024,1024,false],"1536x1536":["https:\/\/crelya.com\/wp-content\/uploads\/2025\/11\/02862sac-en-jute.png",1024,1024,false],"2048x2048":["https:\/\/crelya.com\/wp-content\/uploads\/2025\/11\/02862sac-en-jute.png",1024,1024,false],"woocommerce_archive_thumbnail":["https:\/\/crelya.com\/wp-content\/uploads\/2025\/11\/02862sac-en-jute-300x300.png",300,300,true],"woocommerce_thumbnail":["https:\/\/crelya.com\/wp-content\/uploads\/2025\/11\/02862sac-en-jute-300x300.png",300,300,true],"woocommerce_single":["https:\/\/crelya.com\/wp-content\/uploads\/2025\/11\/02862sac-en-jute-600x600.png",600,600,true],"woocommerce_gallery_thumbnail":["https:\/\/crelya.com\/wp-content\/uploads\/2025\/11\/02862sac-en-jute-100x100.png",100,100,true],"ppec_logo_image_size":["https:\/\/crelya.com\/wp-content\/uploads\/2025\/11\/02862sac-en-jute.png",60,60,false],"ppec_header_image_size":["https:\/\/crelya.com\/wp-content\/uploads\/2025\/11\/02862sac-en-jute.png",90,90,false]},"post_excerpt_stackable":"<p>Un sac naturel et robuste \u2013 <strong>\u00e0 personnaliser<\/strong>\u00a0!<\/p>\n<p>Composition\u00a0: 100% jute<\/p>\n<p>Dimensions\u00a0: L 30cm \u2013 H 30 cm \u2013 P 19 cm<\/p>\n<p>\u2192 Format id\u00e9al pour transporter documents, lunch box, courses, objets du quotidien.<\/p>\n","category_list":"","author_info":{"name":"","url":""},"comments_num":"0 commentaire","_links":{"self":[{"href":"https:\/\/crelya.com\/index.php\/wp-json\/wp\/v2\/product\/2959","targetHints":{"allow":["GET"]}}],"collection":[{"href":"https:\/\/crelya.com\/index.php\/wp-json\/wp\/v2\/product"}],"about":[{"href":"https:\/\/crelya.com\/index.php\/wp-json\/wp\/v2\/types\/product"}],"replies":[{"embeddable":true,"href":"https:\/\/crelya.com\/index.php\/wp-json\/wp\/v2\/comments?post=2959"}],"wp:featuredmedia":[{"embeddable":true,"href":"https:\/\/crelya.com\/index.php\/wp-json\/wp\/v2\/media\/2956"}],"wp:attachment":[{"href":"https:\/\/crelya.com\/index.php\/wp-json\/wp\/v2\/media?parent=2959"}],"wp:term":[{"taxonomy":"product_brand","embeddable":true,"href":"https:\/\/crelya.com\/index.php\/wp-json\/wp\/v2\/product_brand?post=2959"},{"taxonomy":"product_cat","embeddable":true,"href":"https:\/\/crelya.com\/index.php\/wp-json\/wp\/v2\/product_cat?post=2959"},{"taxonomy":"product_tag","embeddable":true,"href":"https:\/\/crelya.com\/index.php\/wp-json\/wp\/v2\/product_tag?post=2959"}],"curies":[{"name":"wp","href":"https:\/\/api.w.org\/{rel}","templated":true}]}}