{"id":2961,"date":"2025-11-19T17:44:34","date_gmt":"2025-11-19T17:44:34","guid":{"rendered":"https:\/\/crelya.com\/?post_type=product&#038;p=2961"},"modified":"2025-11-19T17:44:34","modified_gmt":"2025-11-19T17:44:34","slug":"sac-a-dos-en-toile-de-jute","status":"publish","type":"product","link":"https:\/\/crelya.com\/index.php\/product\/sac-a-dos-en-toile-de-jute\/","title":{"rendered":"Sac \u00e0 dos en toile de jute"},"content":{"rendered":"<p>Un sac \u00e0 dos naturel, l\u00e9ger et \u00e9cologique \u2013 <strong>\u00e0 personnaliser\u00a0! <\/strong><\/p>\n<p>Ce sac \u00e0 dos est fabriqu\u00e9 en fibre de jute 100% naturelle, une mati\u00e8re durable et r\u00e9sistante. Le sac \u00e0 dos est l\u2019accessoire id\u00e9al pour le quotidien, les loisirs, les sorties&#8230; et <strong>ce mod\u00e8le personnalisable est parfait vos projets cr\u00e9atifs<\/strong>. Avec sa poche frontale en toile claire, il offre une touche moderne et pratique pour glisser des petits objets.<\/p>\n<p><strong>Con\u00e7u pour \u00eatre pratique au quotidien<\/strong><\/p>\n<p>Avec ses dimensions de <strong>32\u00d740\u00d77 cm<\/strong>, il combine un format compact et une capacit\u00e9 suffisante pour :<\/p>\n<ul>\n<li>documents A4<\/li>\n<li>tablette ou accessoires<\/li>\n<li>affaires personnelles<\/li>\n<li>lunch box<\/li>\n<li>cahiers, petits v\u00eatements, etc.<\/li>\n<\/ul>\n<p>Les <strong>bandouli\u00e8res en coton<\/strong> sont confortables, solides et r\u00e9glables, adapt\u00e9es \u00e0 un usage quotidien.<\/p>\n","protected":false},"excerpt":{"rendered":"<p>Un sac \u00e0 dos naturel, l\u00e9ger et \u00e9cologique \u2013 <strong>pr\u00eat \u00e0 \u00eatre personnalis\u00e9\u00a0!<\/strong><\/p>\n<p><strong>Composition\u00a0: <\/strong><\/p>\n<p>100% jute naturelle (corps du sac)<\/p>\n<p>Toile de coton (poche avant et d\u00e9tails)<\/p>\n<p><strong>Dimensions\u00a0: <\/strong><\/p>\n<p>L 32 cm \u2013 H 40 cm \u2013 P 7 cm<\/p>\n<p>\u2192 Format id\u00e9al pour transporter documents, lunch box, tablettes, cahiers, objets du quotidien.<\/p>\n","protected":false},"featured_media":2962,"comment_status":"open","ping_status":"closed","template":"","meta":{"om_disable_all_campaigns":false,"_monsterinsights_skip_tracking":false,"_monsterinsights_sitenote_active":false,"_monsterinsights_sitenote_note":"","_monsterinsights_sitenote_category":0},"product_brand":[],"product_cat":[59],"product_tag":[],"class_list":{"0":"post-2961","1":"product","2":"type-product","3":"status-publish","4":"has-post-thumbnail","6":"product_cat-jute","8":"first","9":"instock","10":"shipping-taxable","11":"purchasable","12":"product-type-simple"},"featured_image_urls":{"full":["https:\/\/crelya.com\/wp-content\/uploads\/2025\/11\/0.286.8.jpg",1024,768,false],"thumbnail":["https:\/\/crelya.com\/wp-content\/uploads\/2025\/11\/0.286.8-150x150.jpg",150,150,true],"medium":["https:\/\/crelya.com\/wp-content\/uploads\/2025\/11\/0.286.8-300x225.jpg",300,225,true],"medium_large":["https:\/\/crelya.com\/wp-content\/uploads\/2025\/11\/0.286.8-768x576.jpg",768,576,true],"large":["https:\/\/crelya.com\/wp-content\/uploads\/2025\/11\/0.286.8.jpg",1024,768,false],"1536x1536":["https:\/\/crelya.com\/wp-content\/uploads\/2025\/11\/0.286.8.jpg",1024,768,false],"2048x2048":["https:\/\/crelya.com\/wp-content\/uploads\/2025\/11\/0.286.8.jpg",1024,768,false],"woocommerce_archive_thumbnail":["https:\/\/crelya.com\/wp-content\/uploads\/2025\/11\/0.286.8-300x300.jpg",300,300,true],"woocommerce_thumbnail":["https:\/\/crelya.com\/wp-content\/uploads\/2025\/11\/0.286.8-300x300.jpg",300,300,true],"woocommerce_single":["https:\/\/crelya.com\/wp-content\/uploads\/2025\/11\/0.286.8-600x450.jpg",600,450,true],"woocommerce_gallery_thumbnail":["https:\/\/crelya.com\/wp-content\/uploads\/2025\/11\/0.286.8-100x100.jpg",100,100,true],"ppec_logo_image_size":["https:\/\/crelya.com\/wp-content\/uploads\/2025\/11\/0.286.8.jpg",80,60,false],"ppec_header_image_size":["https:\/\/crelya.com\/wp-content\/uploads\/2025\/11\/0.286.8.jpg",120,90,false]},"post_excerpt_stackable":"<p>Un sac \u00e0 dos naturel, l\u00e9ger et \u00e9cologique \u2013 <strong>pr\u00eat \u00e0 \u00eatre personnalis\u00e9\u00a0!<\/strong><\/p>\n<p><strong>Composition\u00a0: <\/strong><\/p>\n<p>100% jute naturelle (corps du sac)<\/p>\n<p>Toile de coton (poche avant et d\u00e9tails)<\/p>\n<p><strong>Dimensions\u00a0: <\/strong><\/p>\n<p>L 32 cm \u2013 H 40 cm \u2013 P 7 cm<\/p>\n<p>\u2192 Format id\u00e9al pour transporter documents, lunch box, tablettes, cahiers, objets du quotidien.<\/p>\n","category_list":"","author_info":{"name":"","url":""},"comments_num":"0 commentaire","_links":{"self":[{"href":"https:\/\/crelya.com\/index.php\/wp-json\/wp\/v2\/product\/2961","targetHints":{"allow":["GET"]}}],"collection":[{"href":"https:\/\/crelya.com\/index.php\/wp-json\/wp\/v2\/product"}],"about":[{"href":"https:\/\/crelya.com\/index.php\/wp-json\/wp\/v2\/types\/product"}],"replies":[{"embeddable":true,"href":"https:\/\/crelya.com\/index.php\/wp-json\/wp\/v2\/comments?post=2961"}],"wp:featuredmedia":[{"embeddable":true,"href":"https:\/\/crelya.com\/index.php\/wp-json\/wp\/v2\/media\/2962"}],"wp:attachment":[{"href":"https:\/\/crelya.com\/index.php\/wp-json\/wp\/v2\/media?parent=2961"}],"wp:term":[{"taxonomy":"product_brand","embeddable":true,"href":"https:\/\/crelya.com\/index.php\/wp-json\/wp\/v2\/product_brand?post=2961"},{"taxonomy":"product_cat","embeddable":true,"href":"https:\/\/crelya.com\/index.php\/wp-json\/wp\/v2\/product_cat?post=2961"},{"taxonomy":"product_tag","embeddable":true,"href":"https:\/\/crelya.com\/index.php\/wp-json\/wp\/v2\/product_tag?post=2961"}],"curies":[{"name":"wp","href":"https:\/\/api.w.org\/{rel}","templated":true}]}}