{"id":2975,"date":"2025-11-20T19:18:55","date_gmt":"2025-11-20T19:18:55","guid":{"rendered":"https:\/\/crelya.com\/?post_type=product&#038;p=2975"},"modified":"2025-11-20T19:18:55","modified_gmt":"2025-11-20T19:18:55","slug":"cordon-swan-black-sachet-de-500gr-vert","status":"publish","type":"product","link":"https:\/\/crelya.com\/index.php\/product\/cordon-swan-black-sachet-de-500gr-vert\/","title":{"rendered":"CORDON SWAN BLACK \u2013 Sachet de 500gr \u2013 Vert"},"content":{"rendered":"<p>Le Cordon Swan Black\u00ae est un cordon haut de gamme sp\u00e9cialement con\u00e7u pour la cr\u00e9ation de bagagerie \u00ab\u00a0fait main\u00a0\u00bb ou tout autre projet cr\u00e9atif\u00a0! Sa texture est souple mais r\u00e9sistante, il garantit un rendu esth\u00e9tique, propre et parfaitement r\u00e9gulier, m\u00eame pour les projets les plus exigeants.<\/p>\n<p>Le Swan Black\u00ae est conditionn\u00e9 dans un sachet pens\u00e9 pour \u00eatre utilis\u00e9 directement comme d\u00e9rouloir (en tirant petit \u00e0 petit sur le fil pr\u00e9 sorti). Chaque sachet contient 500 gr de fil, un rendement exceptionnel\u00a0!<\/p>\n","protected":false},"excerpt":{"rendered":"<p>Cordon Premium pour la cr\u00e9ation de projets au crochet vari\u00e9s\u00a0: sacs, pochettes, \u00e9l\u00e9ments de d\u00e9coration, DIY\u2026<\/p>\n<p><strong>Composition<\/strong> : 100% polypropyl\u00e8ne<\/p>\n<p><strong>\u00c9paisseur<\/strong> : 2 mm<\/p>\n<p><strong>Poids du sachet<\/strong> : 500 g<\/p>\n<p><strong>Crochet recommand\u00e9<\/strong> : 3,5 \u00e0 4 mm<\/p>\n","protected":false},"featured_media":2974,"comment_status":"open","ping_status":"closed","template":"","meta":{"om_disable_all_campaigns":false,"_monsterinsights_skip_tracking":false,"_monsterinsights_sitenote_active":false,"_monsterinsights_sitenote_note":"","_monsterinsights_sitenote_category":0},"product_brand":[],"product_cat":[33],"product_tag":[],"class_list":{"0":"post-2975","1":"product","2":"type-product","3":"status-publish","4":"has-post-thumbnail","6":"product_cat-corde-swan-black","8":"first","9":"instock","10":"shipping-taxable","11":"purchasable","12":"product-type-simple"},"featured_image_urls":{"full":["https:\/\/crelya.com\/wp-content\/uploads\/2022\/05\/vert-009.png",1024,1024,false],"thumbnail":["https:\/\/crelya.com\/wp-content\/uploads\/2022\/05\/vert-009-150x150.png",150,150,true],"medium":["https:\/\/crelya.com\/wp-content\/uploads\/2022\/05\/vert-009-300x300.png",300,300,true],"medium_large":["https:\/\/crelya.com\/wp-content\/uploads\/2022\/05\/vert-009-768x768.png",768,768,true],"large":["https:\/\/crelya.com\/wp-content\/uploads\/2022\/05\/vert-009.png",1024,1024,false],"1536x1536":["https:\/\/crelya.com\/wp-content\/uploads\/2022\/05\/vert-009.png",1024,1024,false],"2048x2048":["https:\/\/crelya.com\/wp-content\/uploads\/2022\/05\/vert-009.png",1024,1024,false],"woocommerce_archive_thumbnail":["https:\/\/crelya.com\/wp-content\/uploads\/2022\/05\/vert-009-300x300.png",300,300,true],"woocommerce_thumbnail":["https:\/\/crelya.com\/wp-content\/uploads\/2022\/05\/vert-009-300x300.png",300,300,true],"woocommerce_single":["https:\/\/crelya.com\/wp-content\/uploads\/2022\/05\/vert-009-600x600.png",600,600,true],"woocommerce_gallery_thumbnail":["https:\/\/crelya.com\/wp-content\/uploads\/2022\/05\/vert-009-100x100.png",100,100,true],"ppec_logo_image_size":["https:\/\/crelya.com\/wp-content\/uploads\/2022\/05\/vert-009.png",60,60,false],"ppec_header_image_size":["https:\/\/crelya.com\/wp-content\/uploads\/2022\/05\/vert-009.png",90,90,false]},"post_excerpt_stackable":"<p>Cordon Premium pour la cr\u00e9ation de projets au crochet vari\u00e9s\u00a0: sacs, pochettes, \u00e9l\u00e9ments de d\u00e9coration, DIY\u2026<\/p>\n<p><strong>Composition<\/strong> : 100% polypropyl\u00e8ne<\/p>\n<p><strong>\u00c9paisseur<\/strong> : 2 mm<\/p>\n<p><strong>Poids du sachet<\/strong> : 500 g<\/p>\n<p><strong>Crochet recommand\u00e9<\/strong> : 3,5 \u00e0 4 mm<\/p>\n","category_list":"","author_info":{"name":"","url":""},"comments_num":"0 commentaire","_links":{"self":[{"href":"https:\/\/crelya.com\/index.php\/wp-json\/wp\/v2\/product\/2975","targetHints":{"allow":["GET"]}}],"collection":[{"href":"https:\/\/crelya.com\/index.php\/wp-json\/wp\/v2\/product"}],"about":[{"href":"https:\/\/crelya.com\/index.php\/wp-json\/wp\/v2\/types\/product"}],"replies":[{"embeddable":true,"href":"https:\/\/crelya.com\/index.php\/wp-json\/wp\/v2\/comments?post=2975"}],"wp:featuredmedia":[{"embeddable":true,"href":"https:\/\/crelya.com\/index.php\/wp-json\/wp\/v2\/media\/2974"}],"wp:attachment":[{"href":"https:\/\/crelya.com\/index.php\/wp-json\/wp\/v2\/media?parent=2975"}],"wp:term":[{"taxonomy":"product_brand","embeddable":true,"href":"https:\/\/crelya.com\/index.php\/wp-json\/wp\/v2\/product_brand?post=2975"},{"taxonomy":"product_cat","embeddable":true,"href":"https:\/\/crelya.com\/index.php\/wp-json\/wp\/v2\/product_cat?post=2975"},{"taxonomy":"product_tag","embeddable":true,"href":"https:\/\/crelya.com\/index.php\/wp-json\/wp\/v2\/product_tag?post=2975"}],"curies":[{"name":"wp","href":"https:\/\/api.w.org\/{rel}","templated":true}]}}