{"id":3010,"date":"2026-03-06T15:04:53","date_gmt":"2026-03-06T15:04:53","guid":{"rendered":"https:\/\/crelya.com\/?post_type=product&#038;p=3010"},"modified":"2026-03-13T15:27:08","modified_gmt":"2026-03-13T15:27:08","slug":"patron-couverture-au-crochet-taille-bebe-ou-adulte-point-fleuri","status":"publish","type":"product","link":"https:\/\/crelya.com\/index.php\/product\/patron-couverture-au-crochet-taille-bebe-ou-adulte-point-fleuri\/","title":{"rendered":"Patron PDF : couverture au crochet &#8211; Taille b\u00e9b\u00e9 ou adulte &#8211; Diagrammes + illustrations &#8211; Point fleuri"},"content":{"rendered":"","protected":false},"excerpt":{"rendered":"<p>R\u00e9alisez une <strong data-start=\"244\" data-end=\"286\">jolie couverture b\u00e9b\u00e9 douce et color\u00e9e<\/strong> au crochet gr\u00e2ce \u00e0 ce patron d\u00e9taill\u00e9.<br data-start=\"325\" data-end=\"328\" \/>Son <strong data-start=\"332\" data-end=\"356\">point fleuri d\u00e9licat<\/strong> apporte une texture originale qui rappelle de petites fleurs, tandis que les <strong data-start=\"434\" data-end=\"463\">bordures en point de c\u00f4te<\/strong> structurent l\u2019ouvrage et lui donnent une belle finition.<\/p>\n<p>Ce projet est parfait pour r\u00e9aliser <strong data-start=\"747\" data-end=\"783\">un cadeau de naissance fait main<\/strong>, ou simplement pour cr\u00e9er une couverture douce et confortable pour b\u00e9b\u00e9.<\/p>\n<h3 data-section-id=\"d1jt1h\" data-start=\"1437\" data-end=\"1447\">Format<\/h3>\n<p data-start=\"1449\" data-end=\"1507\">Patron <strong data-start=\"1456\" data-end=\"1478\">PDF t\u00e9l\u00e9chargeable<\/strong> imm\u00e9diatement apr\u00e8s l\u2019achat.<\/p>\n<h3 data-section-id=\"12kawxq\" data-start=\"863\" data-end=\"892\">Ce que contient le patron<\/h3>\n<p data-start=\"894\" data-end=\"1294\">\u2714 Explications d\u00e9taill\u00e9es rang par rang<br data-start=\"933\" data-end=\"936\" \/>\u2714 Diagramme du point pour faciliter la lecture<br data-start=\"982\" data-end=\"985\" \/>\u2714 Illustrations pour mieux comprendre la construction<br data-start=\"1038\" data-end=\"1041\" \/>\u2714 Indications pour r\u00e9aliser la couverture <strong data-start=\"1083\" data-end=\"1098\">taille b\u00e9b\u00e9 (60x80cm)<\/strong><br data-start=\"1098\" data-end=\"1101\" \/>\u2714 Instructions suppl\u00e9mentaires pour r\u00e9aliser <strong data-start=\"1146\" data-end=\"1189\">une version adulte (plaid 120 \u00d7 150 cm)<\/strong><\/p>\n<p data-start=\"894\" data-end=\"1294\"><strong>Note IMPORTANTE :<\/strong>\u00a0Con\u00e7u avec passion et expertise par mes soins, l\u2019utilisation de ce tutoriel PDF est\u00a0<strong>r\u00e9serv\u00e9e \u00e0 un usage personnel et cr\u00e9atif<\/strong>\u00a0<strong>uniquement.<\/strong><\/p>\n","protected":false},"featured_media":3012,"comment_status":"open","ping_status":"closed","template":"","meta":{"om_disable_all_campaigns":false,"_monsterinsights_skip_tracking":false,"_monsterinsights_sitenote_active":false,"_monsterinsights_sitenote_note":"","_monsterinsights_sitenote_category":0},"product_brand":[],"product_cat":[56],"product_tag":[],"class_list":{"0":"post-3010","1":"product","2":"type-product","3":"status-publish","4":"has-post-thumbnail","6":"product_cat-tutoriels-pdf","8":"first","9":"instock","10":"downloadable","11":"virtual","12":"purchasable","13":"product-type-simple"},"featured_image_urls":{"full":["https:\/\/crelya.com\/wp-content\/uploads\/2026\/03\/couverture-bebe-1.png",1080,1080,false],"thumbnail":["https:\/\/crelya.com\/wp-content\/uploads\/2026\/03\/couverture-bebe-1-150x150.png",150,150,true],"medium":["https:\/\/crelya.com\/wp-content\/uploads\/2026\/03\/couverture-bebe-1-300x300.png",300,300,true],"medium_large":["https:\/\/crelya.com\/wp-content\/uploads\/2026\/03\/couverture-bebe-1-768x768.png",768,768,true],"large":["https:\/\/crelya.com\/wp-content\/uploads\/2026\/03\/couverture-bebe-1-1024x1024.png",1024,1024,true],"1536x1536":["https:\/\/crelya.com\/wp-content\/uploads\/2026\/03\/couverture-bebe-1.png",1080,1080,false],"2048x2048":["https:\/\/crelya.com\/wp-content\/uploads\/2026\/03\/couverture-bebe-1.png",1080,1080,false],"woocommerce_archive_thumbnail":["https:\/\/crelya.com\/wp-content\/uploads\/2026\/03\/couverture-bebe-1-300x300.png",300,300,true],"woocommerce_thumbnail":["https:\/\/crelya.com\/wp-content\/uploads\/2026\/03\/couverture-bebe-1-300x300.png",300,300,true],"woocommerce_single":["https:\/\/crelya.com\/wp-content\/uploads\/2026\/03\/couverture-bebe-1-600x600.png",600,600,true],"woocommerce_gallery_thumbnail":["https:\/\/crelya.com\/wp-content\/uploads\/2026\/03\/couverture-bebe-1-100x100.png",100,100,true],"ppec_logo_image_size":["https:\/\/crelya.com\/wp-content\/uploads\/2026\/03\/couverture-bebe-1.png",60,60,false],"ppec_header_image_size":["https:\/\/crelya.com\/wp-content\/uploads\/2026\/03\/couverture-bebe-1.png",90,90,false]},"post_excerpt_stackable":"<p>R\u00e9alisez une <strong data-start=\"244\" data-end=\"286\">jolie couverture b\u00e9b\u00e9 douce et color\u00e9e<\/strong> au crochet gr\u00e2ce \u00e0 ce patron d\u00e9taill\u00e9.<br data-start=\"325\" data-end=\"328\" \/>Son <strong data-start=\"332\" data-end=\"356\">point fleuri d\u00e9licat<\/strong> apporte une texture originale qui rappelle de petites fleurs, tandis que les <strong data-start=\"434\" data-end=\"463\">bordures en point de c\u00f4te<\/strong> structurent l\u2019ouvrage et lui donnent une belle finition.<\/p>\n<p>Ce projet est parfait pour r\u00e9aliser <strong data-start=\"747\" data-end=\"783\">un cadeau de naissance fait main<\/strong>, ou simplement pour cr\u00e9er une couverture douce et confortable pour b\u00e9b\u00e9.<\/p>\n<h3 data-section-id=\"d1jt1h\" data-start=\"1437\" data-end=\"1447\">Format<\/h3>\n<p data-start=\"1449\" data-end=\"1507\">Patron <strong data-start=\"1456\" data-end=\"1478\">PDF t\u00e9l\u00e9chargeable<\/strong> imm\u00e9diatement apr\u00e8s l\u2019achat.<\/p>\n<h3 data-section-id=\"12kawxq\" data-start=\"863\" data-end=\"892\">Ce que contient le patron<\/h3>\n<p data-start=\"894\" data-end=\"1294\">\u2714 Explications d\u00e9taill\u00e9es rang par rang<br data-start=\"933\" data-end=\"936\" \/>\u2714 Diagramme du point pour faciliter la lecture<br data-start=\"982\" data-end=\"985\" \/>\u2714 Illustrations pour mieux comprendre la construction<br data-start=\"1038\" data-end=\"1041\" \/>\u2714 Indications pour r\u00e9aliser la couverture <strong data-start=\"1083\" data-end=\"1098\">taille b\u00e9b\u00e9 (60x80cm)<\/strong><br data-start=\"1098\" data-end=\"1101\" \/>\u2714 Instructions suppl\u00e9mentaires pour r\u00e9aliser <strong data-start=\"1146\" data-end=\"1189\">une version adulte (plaid 120 \u00d7 150 cm)<\/strong><\/p>\n<p data-start=\"894\" data-end=\"1294\"><strong>Note IMPORTANTE :<\/strong>\u00a0Con\u00e7u avec passion et expertise par mes soins, l\u2019utilisation de ce tutoriel PDF est\u00a0<strong>r\u00e9serv\u00e9e \u00e0 un usage personnel et cr\u00e9atif<\/strong>\u00a0<strong>uniquement.<\/strong><\/p>\n","category_list":"","author_info":{"name":"","url":""},"comments_num":"0 commentaire","_links":{"self":[{"href":"https:\/\/crelya.com\/index.php\/wp-json\/wp\/v2\/product\/3010","targetHints":{"allow":["GET"]}}],"collection":[{"href":"https:\/\/crelya.com\/index.php\/wp-json\/wp\/v2\/product"}],"about":[{"href":"https:\/\/crelya.com\/index.php\/wp-json\/wp\/v2\/types\/product"}],"replies":[{"embeddable":true,"href":"https:\/\/crelya.com\/index.php\/wp-json\/wp\/v2\/comments?post=3010"}],"wp:featuredmedia":[{"embeddable":true,"href":"https:\/\/crelya.com\/index.php\/wp-json\/wp\/v2\/media\/3012"}],"wp:attachment":[{"href":"https:\/\/crelya.com\/index.php\/wp-json\/wp\/v2\/media?parent=3010"}],"wp:term":[{"taxonomy":"product_brand","embeddable":true,"href":"https:\/\/crelya.com\/index.php\/wp-json\/wp\/v2\/product_brand?post=3010"},{"taxonomy":"product_cat","embeddable":true,"href":"https:\/\/crelya.com\/index.php\/wp-json\/wp\/v2\/product_cat?post=3010"},{"taxonomy":"product_tag","embeddable":true,"href":"https:\/\/crelya.com\/index.php\/wp-json\/wp\/v2\/product_tag?post=3010"}],"curies":[{"name":"wp","href":"https:\/\/api.w.org\/{rel}","templated":true}]}}