{"id":3019,"date":"2026-03-13T15:07:47","date_gmt":"2026-03-13T15:07:47","guid":{"rendered":"https:\/\/crelya.com\/?post_type=product&#038;p=3019"},"modified":"2026-03-13T15:07:47","modified_gmt":"2026-03-13T15:07:47","slug":"patron-pdf-pull-au-crochet-top-down-sans-coutures-motif-petales-xs-a-xxl-diagrammes-illustrations","status":"publish","type":"product","link":"https:\/\/crelya.com\/index.php\/product\/patron-pdf-pull-au-crochet-top-down-sans-coutures-motif-petales-xs-a-xxl-diagrammes-illustrations\/","title":{"rendered":"Patron PDF : Pull au crochet &#8211; Top down &#8211; Sans coutures &#8211; Motif p\u00e9tales | XS \u00e0 XXL | Diagrammes + illustrations"},"content":{"rendered":"","protected":false},"excerpt":{"rendered":"<p data-start=\"357\" data-end=\"441\"><strong data-start=\"359\" data-end=\"441\">Cr\u00e9ez un pull \u00e9l\u00e9gant et f\u00e9minin enti\u00e8rement au crochet, sans aucune couture !<\/strong><\/p>\n<p data-start=\"443\" data-end=\"740\">Ce patron vous guide pas \u00e0 pas pour r\u00e9aliser un pull au crochet <strong data-start=\"507\" data-end=\"519\">top down<\/strong>, travaill\u00e9 du haut vers le bas en une seule pi\u00e8ce. Gr\u00e2ce \u00e0 cette technique, vous construisez progressivement le v\u00eatement depuis l\u2019encolure jusqu\u2019au corps et aux manches, tout en essayant votre ouvrage au fur et \u00e0 mesure.<\/p>\n<p data-start=\"443\" data-end=\"740\">Le patron est con\u00e7u pour \u00eatre <strong data-start=\"1029\" data-end=\"1059\">clair et agr\u00e9able \u00e0 suivre<\/strong>, avec des explications d\u00e9taill\u00e9es, des diagrammes et des illustrations pour vous accompagner \u00e0 chaque \u00e9tape.<\/p>\n<h3 data-section-id=\"d1jt1h\" data-start=\"1437\" data-end=\"1447\">Format<\/h3>\n<p data-start=\"1449\" data-end=\"1507\">Patron\u00a0<strong data-start=\"1456\" data-end=\"1478\">PDF t\u00e9l\u00e9chargeable<\/strong>\u00a0imm\u00e9diatement apr\u00e8s l\u2019achat.<\/p>\n<h2 data-section-id=\"3i3cu5\" data-start=\"1175\" data-end=\"1203\">Ce que contient le patron<\/h2>\n<p data-start=\"1205\" data-end=\"1488\">\u2714 Explications d\u00e9taill\u00e9es <br data-start=\"1248\" data-end=\"1251\" \/>\u2714 <strong data-start=\"1253\" data-end=\"1275\">Diagrammes crochet<\/strong> pour suivre facilement le motif<br data-start=\"1307\" data-end=\"1310\" \/>\u2714 <strong data-start=\"1312\" data-end=\"1342\">Illustrations p\u00e9dagogiques<\/strong> pour comprendre la construction<br data-start=\"1374\" data-end=\"1377\" \/>\u2714 Sch\u00e9mas des mesures du pull<br data-start=\"1447\" data-end=\"1450\" \/>\u2714 Tableau des tailles et des longueurs<\/p>\n<h2 data-section-id=\"7t7xxw\" data-start=\"2309\" data-end=\"2335\">Partagez votre cr\u00e9ation<\/h2>\n<p data-start=\"2337\" data-end=\"2428\">Je serais ravie de d\u00e9couvrir vos r\u00e9alisations !<br data-start=\"2384\" data-end=\"2387\" \/>N\u2019h\u00e9sitez pas \u00e0 me taguer sur Instagram :\u00a0<strong data-start=\"2433\" data-end=\"2452\">@crelyahandmade<\/strong><\/p>\n<p data-start=\"1205\" data-end=\"1488\"><strong>Note IMPORTANTE :<\/strong>\u00a0Con\u00e7u avec passion et expertise par mes soins, l\u2019utilisation de ce tutoriel PDF est\u00a0<strong>r\u00e9serv\u00e9e \u00e0 un usage personnel et cr\u00e9atif<\/strong>\u00a0<strong>uniquement.<\/strong><\/p>\n","protected":false},"featured_media":3021,"comment_status":"open","ping_status":"closed","template":"","meta":{"om_disable_all_campaigns":false,"_monsterinsights_skip_tracking":false,"_monsterinsights_sitenote_active":false,"_monsterinsights_sitenote_note":"","_monsterinsights_sitenote_category":0},"product_brand":[],"product_cat":[56],"product_tag":[],"class_list":{"0":"post-3019","1":"product","2":"type-product","3":"status-publish","4":"has-post-thumbnail","6":"product_cat-tutoriels-pdf","8":"first","9":"instock","10":"downloadable","11":"virtual","12":"purchasable","13":"product-type-simple"},"featured_image_urls":{"full":["https:\/\/crelya.com\/wp-content\/uploads\/2026\/03\/pull-top-down-point-petales-1.png",1080,1080,false],"thumbnail":["https:\/\/crelya.com\/wp-content\/uploads\/2026\/03\/pull-top-down-point-petales-1-150x150.png",150,150,true],"medium":["https:\/\/crelya.com\/wp-content\/uploads\/2026\/03\/pull-top-down-point-petales-1-300x300.png",300,300,true],"medium_large":["https:\/\/crelya.com\/wp-content\/uploads\/2026\/03\/pull-top-down-point-petales-1-768x768.png",768,768,true],"large":["https:\/\/crelya.com\/wp-content\/uploads\/2026\/03\/pull-top-down-point-petales-1-1024x1024.png",1024,1024,true],"1536x1536":["https:\/\/crelya.com\/wp-content\/uploads\/2026\/03\/pull-top-down-point-petales-1.png",1080,1080,false],"2048x2048":["https:\/\/crelya.com\/wp-content\/uploads\/2026\/03\/pull-top-down-point-petales-1.png",1080,1080,false],"woocommerce_archive_thumbnail":["https:\/\/crelya.com\/wp-content\/uploads\/2026\/03\/pull-top-down-point-petales-1-300x300.png",300,300,true],"woocommerce_thumbnail":["https:\/\/crelya.com\/wp-content\/uploads\/2026\/03\/pull-top-down-point-petales-1-300x300.png",300,300,true],"woocommerce_single":["https:\/\/crelya.com\/wp-content\/uploads\/2026\/03\/pull-top-down-point-petales-1-600x600.png",600,600,true],"woocommerce_gallery_thumbnail":["https:\/\/crelya.com\/wp-content\/uploads\/2026\/03\/pull-top-down-point-petales-1-100x100.png",100,100,true],"ppec_logo_image_size":["https:\/\/crelya.com\/wp-content\/uploads\/2026\/03\/pull-top-down-point-petales-1.png",60,60,false],"ppec_header_image_size":["https:\/\/crelya.com\/wp-content\/uploads\/2026\/03\/pull-top-down-point-petales-1.png",90,90,false]},"post_excerpt_stackable":"<p data-start=\"357\" data-end=\"441\"><strong data-start=\"359\" data-end=\"441\">Cr\u00e9ez un pull \u00e9l\u00e9gant et f\u00e9minin enti\u00e8rement au crochet, sans aucune couture !<\/strong><\/p>\n<p data-start=\"443\" data-end=\"740\">Ce patron vous guide pas \u00e0 pas pour r\u00e9aliser un pull au crochet <strong data-start=\"507\" data-end=\"519\">top down<\/strong>, travaill\u00e9 du haut vers le bas en une seule pi\u00e8ce. Gr\u00e2ce \u00e0 cette technique, vous construisez progressivement le v\u00eatement depuis l\u2019encolure jusqu\u2019au corps et aux manches, tout en essayant votre ouvrage au fur et \u00e0 mesure.<\/p>\n<p data-start=\"443\" data-end=\"740\">Le patron est con\u00e7u pour \u00eatre <strong data-start=\"1029\" data-end=\"1059\">clair et agr\u00e9able \u00e0 suivre<\/strong>, avec des explications d\u00e9taill\u00e9es, des diagrammes et des illustrations pour vous accompagner \u00e0 chaque \u00e9tape.<\/p>\n<h3 data-section-id=\"d1jt1h\" data-start=\"1437\" data-end=\"1447\">Format<\/h3>\n<p data-start=\"1449\" data-end=\"1507\">Patron\u00a0<strong data-start=\"1456\" data-end=\"1478\">PDF t\u00e9l\u00e9chargeable<\/strong>\u00a0imm\u00e9diatement apr\u00e8s l\u2019achat.<\/p>\n<h2 data-section-id=\"3i3cu5\" data-start=\"1175\" data-end=\"1203\">Ce que contient le patron<\/h2>\n<p data-start=\"1205\" data-end=\"1488\">\u2714 Explications d\u00e9taill\u00e9es <br data-start=\"1248\" data-end=\"1251\" \/>\u2714 <strong data-start=\"1253\" data-end=\"1275\">Diagrammes crochet<\/strong> pour suivre facilement le motif<br data-start=\"1307\" data-end=\"1310\" \/>\u2714 <strong data-start=\"1312\" data-end=\"1342\">Illustrations p\u00e9dagogiques<\/strong> pour comprendre la construction<br data-start=\"1374\" data-end=\"1377\" \/>\u2714 Sch\u00e9mas des mesures du pull<br data-start=\"1447\" data-end=\"1450\" \/>\u2714 Tableau des tailles et des longueurs<\/p>\n<h2 data-section-id=\"7t7xxw\" data-start=\"2309\" data-end=\"2335\">Partagez votre cr\u00e9ation<\/h2>\n<p data-start=\"2337\" data-end=\"2428\">Je serais ravie de d\u00e9couvrir vos r\u00e9alisations !<br data-start=\"2384\" data-end=\"2387\" \/>N\u2019h\u00e9sitez pas \u00e0 me taguer sur Instagram :\u00a0<strong data-start=\"2433\" data-end=\"2452\">@crelyahandmade<\/strong><\/p>\n<p data-start=\"1205\" data-end=\"1488\"><strong>Note IMPORTANTE :<\/strong>\u00a0Con\u00e7u avec passion et expertise par mes soins, l\u2019utilisation de ce tutoriel PDF est\u00a0<strong>r\u00e9serv\u00e9e \u00e0 un usage personnel et cr\u00e9atif<\/strong>\u00a0<strong>uniquement.<\/strong><\/p>\n","category_list":"","author_info":{"name":"","url":""},"comments_num":"0 commentaire","_links":{"self":[{"href":"https:\/\/crelya.com\/index.php\/wp-json\/wp\/v2\/product\/3019","targetHints":{"allow":["GET"]}}],"collection":[{"href":"https:\/\/crelya.com\/index.php\/wp-json\/wp\/v2\/product"}],"about":[{"href":"https:\/\/crelya.com\/index.php\/wp-json\/wp\/v2\/types\/product"}],"replies":[{"embeddable":true,"href":"https:\/\/crelya.com\/index.php\/wp-json\/wp\/v2\/comments?post=3019"}],"wp:featuredmedia":[{"embeddable":true,"href":"https:\/\/crelya.com\/index.php\/wp-json\/wp\/v2\/media\/3021"}],"wp:attachment":[{"href":"https:\/\/crelya.com\/index.php\/wp-json\/wp\/v2\/media?parent=3019"}],"wp:term":[{"taxonomy":"product_brand","embeddable":true,"href":"https:\/\/crelya.com\/index.php\/wp-json\/wp\/v2\/product_brand?post=3019"},{"taxonomy":"product_cat","embeddable":true,"href":"https:\/\/crelya.com\/index.php\/wp-json\/wp\/v2\/product_cat?post=3019"},{"taxonomy":"product_tag","embeddable":true,"href":"https:\/\/crelya.com\/index.php\/wp-json\/wp\/v2\/product_tag?post=3019"}],"curies":[{"name":"wp","href":"https:\/\/api.w.org\/{rel}","templated":true}]}}