{"id":3049,"date":"2026-03-26T07:04:08","date_gmt":"2026-03-26T07:04:08","guid":{"rendered":"https:\/\/crelya.com\/?post_type=product&#038;p=3049"},"modified":"2026-03-26T07:04:09","modified_gmt":"2026-03-26T07:04:09","slug":"pelote-de-laine-lana-carezza-batik-sable-boheme-5486","status":"publish","type":"product","link":"https:\/\/crelya.com\/index.php\/product\/pelote-de-laine-lana-carezza-batik-sable-boheme-5486\/","title":{"rendered":"Pelote de laine \u2013 Lana Carezza Batik \u2013  Sable boh\u00e8me 5486"},"content":{"rendered":"<p>La <strong>Lana Carezza Batik<\/strong>, est un fil acrylique premium aux nuances subtiles et modernes. Son d\u00e9grad\u00e9 de couleurs apporte imm\u00e9diatement du relief et du caract\u00e8re \u00e0 toutes vos cr\u00e9ations.<\/p>\n<p><strong>Agr\u00e9able \u00e0 travailler<\/strong><br \/>\nSa texture douce et r\u00e9guli\u00e8re glisse facilement sur le crochet ou les aiguilles, pour un confort optimal m\u00eame sur de longs projets.<\/p>\n<p><strong>Des couleurs uniques<\/strong><br \/>\nChaque pelote r\u00e9v\u00e8le un m\u00e9lange harmonieux de teintes qui subliment vos ouvrages : parfait pour cr\u00e9er des pi\u00e8ces originales sans changer de fil.<\/p>\n<p><strong>Id\u00e9al pour tous vos projets<\/strong><br \/>\nQue ce soit pour des v\u00eatements, accessoires ou couvertures, ce fil polyvalent s\u2019adapte \u00e0 toutes vos envies cr\u00e9atives\u00a0: pull, plaid, couvertures, \u00e9charpes, chaussettes, chaussons, ch\u00e2les, gilets, cardigan, peluches\u2026 ect.<\/p>\n<p>&nbsp;<\/p>\n<p><strong>La certification oeko-tex, standard 100 \u2013 la mati\u00e8re a \u00e9t\u00e9 contr\u00f4l\u00e9 \u00e0 chaque \u00e9tape du traitement. Il ne contient pas de produits chimiques nocifs pour la sant\u00e9.<\/strong><\/p>\n","protected":false},"excerpt":{"rendered":"<p><strong>Composition<\/strong> : 100% acrylique premium<\/p>\n<p><strong>Poids<\/strong> : 100 g (pelote)<\/p>\n<p><strong>Longueur<\/strong> : environ 380 m<\/p>\n<p><strong>Aiguilles<\/strong> : 2,5 \u2013 3 mm<\/p>\n<p><strong>Crochet<\/strong> : 2 \u2013 2,5 mm<\/p>\n<p><strong>Certification<\/strong> : Oeko-Tex\u00ae<\/p>\n<p>&nbsp;<\/p>\n<p><strong>Pourquoi vous allez l\u2019adorer\u00a0?<\/strong><\/p>\n<ul>\n<li>Tr\u00e8s doux et confortable \u00e0 porter<\/li>\n<li>Facile d\u2019entretien<\/li>\n<\/ul>\n","protected":false},"featured_media":3050,"comment_status":"open","ping_status":"closed","template":"","meta":{"om_disable_all_campaigns":false,"_monsterinsights_skip_tracking":false,"_monsterinsights_sitenote_active":false,"_monsterinsights_sitenote_note":"","_monsterinsights_sitenote_category":0},"product_brand":[],"product_cat":[25,27],"product_tag":[],"class_list":{"0":"post-3049","1":"product","2":"type-product","3":"status-publish","4":"has-post-thumbnail","6":"product_cat-laines","7":"product_cat-lana-carezza-batik","9":"first","10":"instock","11":"shipping-taxable","12":"purchasable","13":"product-type-simple"},"featured_image_urls":{"full":["https:\/\/crelya.com\/wp-content\/uploads\/2026\/03\/LCB15486-sable-boheme.png",1024,1024,false],"thumbnail":["https:\/\/crelya.com\/wp-content\/uploads\/2026\/03\/LCB15486-sable-boheme-150x150.png",150,150,true],"medium":["https:\/\/crelya.com\/wp-content\/uploads\/2026\/03\/LCB15486-sable-boheme-300x300.png",300,300,true],"medium_large":["https:\/\/crelya.com\/wp-content\/uploads\/2026\/03\/LCB15486-sable-boheme-768x768.png",768,768,true],"large":["https:\/\/crelya.com\/wp-content\/uploads\/2026\/03\/LCB15486-sable-boheme.png",1024,1024,false],"1536x1536":["https:\/\/crelya.com\/wp-content\/uploads\/2026\/03\/LCB15486-sable-boheme.png",1024,1024,false],"2048x2048":["https:\/\/crelya.com\/wp-content\/uploads\/2026\/03\/LCB15486-sable-boheme.png",1024,1024,false],"woocommerce_archive_thumbnail":["https:\/\/crelya.com\/wp-content\/uploads\/2026\/03\/LCB15486-sable-boheme-300x300.png",300,300,true],"woocommerce_thumbnail":["https:\/\/crelya.com\/wp-content\/uploads\/2026\/03\/LCB15486-sable-boheme-300x300.png",300,300,true],"woocommerce_single":["https:\/\/crelya.com\/wp-content\/uploads\/2026\/03\/LCB15486-sable-boheme-600x600.png",600,600,true],"woocommerce_gallery_thumbnail":["https:\/\/crelya.com\/wp-content\/uploads\/2026\/03\/LCB15486-sable-boheme-100x100.png",100,100,true],"ppec_logo_image_size":["https:\/\/crelya.com\/wp-content\/uploads\/2026\/03\/LCB15486-sable-boheme.png",60,60,false],"ppec_header_image_size":["https:\/\/crelya.com\/wp-content\/uploads\/2026\/03\/LCB15486-sable-boheme.png",90,90,false]},"post_excerpt_stackable":"<p><strong>Composition<\/strong> : 100% acrylique premium<\/p>\n<p><strong>Poids<\/strong> : 100 g (pelote)<\/p>\n<p><strong>Longueur<\/strong> : environ 380 m<\/p>\n<p><strong>Aiguilles<\/strong> : 2,5 \u2013 3 mm<\/p>\n<p><strong>Crochet<\/strong> : 2 \u2013 2,5 mm<\/p>\n<p><strong>Certification<\/strong> : Oeko-Tex\u00ae<\/p>\n<p>&nbsp;<\/p>\n<p><strong>Pourquoi vous allez l\u2019adorer\u00a0?<\/strong><\/p>\n<ul>\n<li>Tr\u00e8s doux et confortable \u00e0 porter<\/li>\n<li>Facile d\u2019entretien<\/li>\n<\/ul>\n","category_list":"","author_info":{"name":"","url":""},"comments_num":"0 commentaire","_links":{"self":[{"href":"https:\/\/crelya.com\/index.php\/wp-json\/wp\/v2\/product\/3049","targetHints":{"allow":["GET"]}}],"collection":[{"href":"https:\/\/crelya.com\/index.php\/wp-json\/wp\/v2\/product"}],"about":[{"href":"https:\/\/crelya.com\/index.php\/wp-json\/wp\/v2\/types\/product"}],"replies":[{"embeddable":true,"href":"https:\/\/crelya.com\/index.php\/wp-json\/wp\/v2\/comments?post=3049"}],"wp:featuredmedia":[{"embeddable":true,"href":"https:\/\/crelya.com\/index.php\/wp-json\/wp\/v2\/media\/3050"}],"wp:attachment":[{"href":"https:\/\/crelya.com\/index.php\/wp-json\/wp\/v2\/media?parent=3049"}],"wp:term":[{"taxonomy":"product_brand","embeddable":true,"href":"https:\/\/crelya.com\/index.php\/wp-json\/wp\/v2\/product_brand?post=3049"},{"taxonomy":"product_cat","embeddable":true,"href":"https:\/\/crelya.com\/index.php\/wp-json\/wp\/v2\/product_cat?post=3049"},{"taxonomy":"product_tag","embeddable":true,"href":"https:\/\/crelya.com\/index.php\/wp-json\/wp\/v2\/product_tag?post=3049"}],"curies":[{"name":"wp","href":"https:\/\/api.w.org\/{rel}","templated":true}]}}