{"id":385,"date":"2021-10-08T17:56:09","date_gmt":"2021-10-08T17:56:09","guid":{"rendered":"https:\/\/crelya.com\/?post_type=product&#038;p=385"},"modified":"2023-02-28T07:36:22","modified_gmt":"2023-02-28T07:36:22","slug":"030-blanc-casse-cotonmaxy100","status":"publish","type":"product","link":"https:\/\/crelya.com\/index.php\/product\/030-blanc-casse-cotonmaxy100\/","title":{"rendered":"Pelote de coton merceris\u00e9 MAXY100 Blanc cass\u00e9 030"},"content":{"rendered":"<p style=\"text-align: center;\"><strong>A propos<\/strong><\/p>\n<p>Une gamme de coton merceris\u00e9 que j\u2019utilise tr\u00e8s quotidiennement.<\/p>\n<p>Elle est id\u00e9ale et tr\u00e8s pratique car elle permet de r\u00e9aliser des ouvrages tr\u00e8s vari\u00e9s. Le tissage est parfait et se travaille agr\u00e9ablement.<\/p>\n<p><em>Exemples\u00a0: Amigurumi, v\u00eatements de printemps et \u00e9t\u00e9\u2026 ect<\/em><\/p>\n","protected":false},"excerpt":{"rendered":"<ul>\n<li>Composition\u00a0: 100\u00a0% Coton merceris\u00e9<\/li>\n<li>Poids\u00a0: 100 gr<\/li>\n<li>Crochet\u00a0: 1,5<\/li>\n<li>Aiguilles\u00a0: 2 \u2013 2,5<\/li>\n<li>Lavage\u00a0: 60\u00b0<\/li>\n<\/ul>\n","protected":false},"featured_media":1231,"comment_status":"open","ping_status":"closed","template":"","meta":{"om_disable_all_campaigns":false,"_monsterinsights_skip_tracking":false,"_monsterinsights_sitenote_active":false,"_monsterinsights_sitenote_note":"","_monsterinsights_sitenote_category":0},"product_brand":[],"product_cat":[21],"product_tag":[],"class_list":{"0":"post-385","1":"product","2":"type-product","3":"status-publish","4":"has-post-thumbnail","6":"product_cat-coton-maxy-100","8":"first","9":"outofstock","10":"shipping-taxable","11":"purchasable","12":"product-type-simple"},"featured_image_urls":{"full":["https:\/\/crelya.com\/wp-content\/uploads\/2021\/10\/Blanc-casse-030.jpg",759,634,false],"thumbnail":["https:\/\/crelya.com\/wp-content\/uploads\/2021\/10\/Blanc-casse-030-150x150.jpg",150,150,true],"medium":["https:\/\/crelya.com\/wp-content\/uploads\/2021\/10\/Blanc-casse-030-300x251.jpg",300,251,true],"medium_large":["https:\/\/crelya.com\/wp-content\/uploads\/2021\/10\/Blanc-casse-030.jpg",759,634,false],"large":["https:\/\/crelya.com\/wp-content\/uploads\/2021\/10\/Blanc-casse-030.jpg",759,634,false],"1536x1536":["https:\/\/crelya.com\/wp-content\/uploads\/2021\/10\/Blanc-casse-030.jpg",759,634,false],"2048x2048":["https:\/\/crelya.com\/wp-content\/uploads\/2021\/10\/Blanc-casse-030.jpg",759,634,false],"woocommerce_archive_thumbnail":["https:\/\/crelya.com\/wp-content\/uploads\/2021\/10\/Blanc-casse-030-300x300.jpg",300,300,true],"woocommerce_thumbnail":["https:\/\/crelya.com\/wp-content\/uploads\/2021\/10\/Blanc-casse-030-300x300.jpg",300,300,true],"woocommerce_single":["https:\/\/crelya.com\/wp-content\/uploads\/2021\/10\/Blanc-casse-030-600x501.jpg",600,501,true],"woocommerce_gallery_thumbnail":["https:\/\/crelya.com\/wp-content\/uploads\/2021\/10\/Blanc-casse-030-100x100.jpg",100,100,true],"ppec_logo_image_size":["https:\/\/crelya.com\/wp-content\/uploads\/2021\/10\/Blanc-casse-030.jpg",72,60,false],"ppec_header_image_size":["https:\/\/crelya.com\/wp-content\/uploads\/2021\/10\/Blanc-casse-030.jpg",108,90,false]},"post_excerpt_stackable":"<ul>\n<li>Composition\u00a0: 100\u00a0% Coton merceris\u00e9<\/li>\n<li>Poids\u00a0: 100 gr<\/li>\n<li>Crochet\u00a0: 1,5<\/li>\n<li>Aiguilles\u00a0: 2 \u2013 2,5<\/li>\n<li>Lavage\u00a0: 60\u00b0<\/li>\n<\/ul>\n","category_list":"","author_info":{"name":"","url":""},"comments_num":"0 commentaire","_links":{"self":[{"href":"https:\/\/crelya.com\/index.php\/wp-json\/wp\/v2\/product\/385","targetHints":{"allow":["GET"]}}],"collection":[{"href":"https:\/\/crelya.com\/index.php\/wp-json\/wp\/v2\/product"}],"about":[{"href":"https:\/\/crelya.com\/index.php\/wp-json\/wp\/v2\/types\/product"}],"replies":[{"embeddable":true,"href":"https:\/\/crelya.com\/index.php\/wp-json\/wp\/v2\/comments?post=385"}],"wp:featuredmedia":[{"embeddable":true,"href":"https:\/\/crelya.com\/index.php\/wp-json\/wp\/v2\/media\/1231"}],"wp:attachment":[{"href":"https:\/\/crelya.com\/index.php\/wp-json\/wp\/v2\/media?parent=385"}],"wp:term":[{"taxonomy":"product_brand","embeddable":true,"href":"https:\/\/crelya.com\/index.php\/wp-json\/wp\/v2\/product_brand?post=385"},{"taxonomy":"product_cat","embeddable":true,"href":"https:\/\/crelya.com\/index.php\/wp-json\/wp\/v2\/product_cat?post=385"},{"taxonomy":"product_tag","embeddable":true,"href":"https:\/\/crelya.com\/index.php\/wp-json\/wp\/v2\/product_tag?post=385"}],"curies":[{"name":"wp","href":"https:\/\/api.w.org\/{rel}","templated":true}]}}