{"id":525,"date":"2021-10-12T18:57:53","date_gmt":"2021-10-12T18:57:53","guid":{"rendered":"https:\/\/crelya.com\/?post_type=product&#038;p=525"},"modified":"2022-03-25T18:17:37","modified_gmt":"2022-03-25T18:17:37","slug":"crop-top-bordeaux-et-vieux-rose-4","status":"publish","type":"product","link":"https:\/\/crelya.com\/index.php\/product\/crop-top-bordeaux-et-vieux-rose-4\/","title":{"rendered":"Crop Top &#8220;Mood&#8221; &#8211; Bordeaux, vieux rose"},"content":{"rendered":"<p>Crop Top &#8211; 100 % coton &#8211; r\u00e9alis\u00e9 \u00e0 la main.<\/p>\n<p>Abord\u00e9e fi\u00e8rement dans les 90s, le crop top est de retour depuis plusieurs saisons d\u00e9j\u00e0 !<\/p>\n<p>Pour une tenue casual, ce mod\u00e8le peut \u00eatre port\u00e9 avec Jeans\/basket taille haute.<\/p>\n<p>Pour une tenue 100% plage, on endosse son bikini, un short ou jupe et avec le crop top, c&#8217;est le top du top !<\/p>\n<p>On peut \u00e9galement opter pour une tenue un peu plus habill\u00e9e, avec un ensemble blazer !<\/p>\n","protected":false},"excerpt":{"rendered":"<p>Fait \u00e0 la main<br \/>\nComposition : 100 % Coton<br \/>\nCouleurs : Bordeaux, vieux rose<\/p>\n","protected":false},"featured_media":1474,"comment_status":"open","ping_status":"closed","template":"","meta":{"om_disable_all_campaigns":false,"_monsterinsights_skip_tracking":false,"_monsterinsights_sitenote_active":false,"_monsterinsights_sitenote_note":"","_monsterinsights_sitenote_category":0},"product_brand":[],"product_cat":[24],"product_tag":[],"class_list":{"0":"post-525","1":"product","2":"type-product","3":"status-publish","4":"has-post-thumbnail","6":"product_cat-mode","8":"first","9":"instock","10":"shipping-taxable","11":"purchasable","12":"product-type-variable"},"featured_image_urls":{"full":["https:\/\/crelya.com\/wp-content\/uploads\/2021\/10\/0fbbc11f-5567-42e8-928b-88b9a3f5fcd6-1.jpg",761,809,false],"thumbnail":["https:\/\/crelya.com\/wp-content\/uploads\/2021\/10\/0fbbc11f-5567-42e8-928b-88b9a3f5fcd6-1-150x150.jpg",150,150,true],"medium":["https:\/\/crelya.com\/wp-content\/uploads\/2021\/10\/0fbbc11f-5567-42e8-928b-88b9a3f5fcd6-1-282x300.jpg",282,300,true],"medium_large":["https:\/\/crelya.com\/wp-content\/uploads\/2021\/10\/0fbbc11f-5567-42e8-928b-88b9a3f5fcd6-1.jpg",761,809,false],"large":["https:\/\/crelya.com\/wp-content\/uploads\/2021\/10\/0fbbc11f-5567-42e8-928b-88b9a3f5fcd6-1.jpg",761,809,false],"1536x1536":["https:\/\/crelya.com\/wp-content\/uploads\/2021\/10\/0fbbc11f-5567-42e8-928b-88b9a3f5fcd6-1.jpg",761,809,false],"2048x2048":["https:\/\/crelya.com\/wp-content\/uploads\/2021\/10\/0fbbc11f-5567-42e8-928b-88b9a3f5fcd6-1.jpg",761,809,false],"woocommerce_archive_thumbnail":["https:\/\/crelya.com\/wp-content\/uploads\/2021\/10\/0fbbc11f-5567-42e8-928b-88b9a3f5fcd6-1-300x300.jpg",300,300,true],"woocommerce_thumbnail":["https:\/\/crelya.com\/wp-content\/uploads\/2021\/10\/0fbbc11f-5567-42e8-928b-88b9a3f5fcd6-1-300x300.jpg",300,300,true],"woocommerce_single":["https:\/\/crelya.com\/wp-content\/uploads\/2021\/10\/0fbbc11f-5567-42e8-928b-88b9a3f5fcd6-1-600x638.jpg",600,638,true],"woocommerce_gallery_thumbnail":["https:\/\/crelya.com\/wp-content\/uploads\/2021\/10\/0fbbc11f-5567-42e8-928b-88b9a3f5fcd6-1-100x100.jpg",100,100,true],"ppec_logo_image_size":["https:\/\/crelya.com\/wp-content\/uploads\/2021\/10\/0fbbc11f-5567-42e8-928b-88b9a3f5fcd6-1.jpg",56,60,false],"ppec_header_image_size":["https:\/\/crelya.com\/wp-content\/uploads\/2021\/10\/0fbbc11f-5567-42e8-928b-88b9a3f5fcd6-1.jpg",85,90,false]},"post_excerpt_stackable":"<p>Fait \u00e0 la main<br \/>\nComposition : 100 % Coton<br \/>\nCouleurs : Bordeaux, vieux rose<\/p>\n","category_list":"","author_info":{"name":"","url":""},"comments_num":"0 commentaire","_links":{"self":[{"href":"https:\/\/crelya.com\/index.php\/wp-json\/wp\/v2\/product\/525","targetHints":{"allow":["GET"]}}],"collection":[{"href":"https:\/\/crelya.com\/index.php\/wp-json\/wp\/v2\/product"}],"about":[{"href":"https:\/\/crelya.com\/index.php\/wp-json\/wp\/v2\/types\/product"}],"replies":[{"embeddable":true,"href":"https:\/\/crelya.com\/index.php\/wp-json\/wp\/v2\/comments?post=525"}],"wp:featuredmedia":[{"embeddable":true,"href":"https:\/\/crelya.com\/index.php\/wp-json\/wp\/v2\/media\/1474"}],"wp:attachment":[{"href":"https:\/\/crelya.com\/index.php\/wp-json\/wp\/v2\/media?parent=525"}],"wp:term":[{"taxonomy":"product_brand","embeddable":true,"href":"https:\/\/crelya.com\/index.php\/wp-json\/wp\/v2\/product_brand?post=525"},{"taxonomy":"product_cat","embeddable":true,"href":"https:\/\/crelya.com\/index.php\/wp-json\/wp\/v2\/product_cat?post=525"},{"taxonomy":"product_tag","embeddable":true,"href":"https:\/\/crelya.com\/index.php\/wp-json\/wp\/v2\/product_tag?post=525"}],"curies":[{"name":"wp","href":"https:\/\/api.w.org\/{rel}","templated":true}]}}