{"id":636,"date":"2021-10-13T15:58:31","date_gmt":"2021-10-13T15:58:31","guid":{"rendered":"https:\/\/crelya.com\/?post_type=product&#038;p=636"},"modified":"2022-03-23T15:56:12","modified_gmt":"2022-03-23T15:56:12","slug":"crop-top-haut-de-bikini-marron-10","status":"publish","type":"product","link":"https:\/\/crelya.com\/index.php\/product\/crop-top-haut-de-bikini-marron-10\/","title":{"rendered":"Bralette &#8211; No Bra &#8211; Marron"},"content":{"rendered":"<p>Bralette \u2013 No Bra \u2013 100 % coton \u2013 r\u00e9alis\u00e9 \u00e0 la main<\/p>\n<p>Ce Crop Top tr\u00e8s court, arrive quelques centim\u00e8tres en dessous de la poitrine.<\/p>\n<p>Pour le porter, on peut l&#8217;associer \u00e0 un d\u00e9bardeur large, un top transparent ou un top ouvert sur le devant.<\/p>\n","protected":false},"excerpt":{"rendered":"<p>Fait \u00e0 la main<br \/>\nComposition : 100 % Coton<br \/>\nCouleur : Marron<\/p>\n","protected":false},"featured_media":1432,"comment_status":"open","ping_status":"closed","template":"","meta":{"om_disable_all_campaigns":false,"_monsterinsights_skip_tracking":false,"_monsterinsights_sitenote_active":false,"_monsterinsights_sitenote_note":"","_monsterinsights_sitenote_category":0},"product_brand":[],"product_cat":[24],"product_tag":[],"class_list":{"0":"post-636","1":"product","2":"type-product","3":"status-publish","4":"has-post-thumbnail","6":"product_cat-mode","8":"first","9":"instock","10":"shipping-taxable","11":"purchasable","12":"product-type-variable"},"featured_image_urls":{"full":["https:\/\/crelya.com\/wp-content\/uploads\/2021\/10\/IMG-5219-scaled.jpg",1920,2560,false],"thumbnail":["https:\/\/crelya.com\/wp-content\/uploads\/2021\/10\/IMG-5219-150x150.jpg",150,150,true],"medium":["https:\/\/crelya.com\/wp-content\/uploads\/2021\/10\/IMG-5219-225x300.jpg",225,300,true],"medium_large":["https:\/\/crelya.com\/wp-content\/uploads\/2021\/10\/IMG-5219-768x1024.jpg",768,1024,true],"large":["https:\/\/crelya.com\/wp-content\/uploads\/2021\/10\/IMG-5219-768x1024.jpg",768,1024,true],"1536x1536":["https:\/\/crelya.com\/wp-content\/uploads\/2021\/10\/IMG-5219-1152x1536.jpg",1152,1536,true],"2048x2048":["https:\/\/crelya.com\/wp-content\/uploads\/2021\/10\/IMG-5219-1536x2048.jpg",1536,2048,true],"woocommerce_archive_thumbnail":["https:\/\/crelya.com\/wp-content\/uploads\/2021\/10\/IMG-5219-scaled-300x300.jpg",300,300,true],"woocommerce_thumbnail":["https:\/\/crelya.com\/wp-content\/uploads\/2021\/10\/IMG-5219-scaled-300x300.jpg",300,300,true],"woocommerce_single":["https:\/\/crelya.com\/wp-content\/uploads\/2021\/10\/IMG-5219-600x800.jpg",600,800,true],"woocommerce_gallery_thumbnail":["https:\/\/crelya.com\/wp-content\/uploads\/2021\/10\/IMG-5219-scaled-100x100.jpg",100,100,true],"ppec_logo_image_size":["https:\/\/crelya.com\/wp-content\/uploads\/2021\/10\/IMG-5219-scaled.jpg",45,60,false],"ppec_header_image_size":["https:\/\/crelya.com\/wp-content\/uploads\/2021\/10\/IMG-5219-scaled.jpg",68,90,false]},"post_excerpt_stackable":"<p>Fait \u00e0 la main<br \/>\nComposition : 100 % Coton<br \/>\nCouleur : Marron<\/p>\n","category_list":"","author_info":{"name":"","url":""},"comments_num":"0 commentaire","_links":{"self":[{"href":"https:\/\/crelya.com\/index.php\/wp-json\/wp\/v2\/product\/636","targetHints":{"allow":["GET"]}}],"collection":[{"href":"https:\/\/crelya.com\/index.php\/wp-json\/wp\/v2\/product"}],"about":[{"href":"https:\/\/crelya.com\/index.php\/wp-json\/wp\/v2\/types\/product"}],"replies":[{"embeddable":true,"href":"https:\/\/crelya.com\/index.php\/wp-json\/wp\/v2\/comments?post=636"}],"wp:featuredmedia":[{"embeddable":true,"href":"https:\/\/crelya.com\/index.php\/wp-json\/wp\/v2\/media\/1432"}],"wp:attachment":[{"href":"https:\/\/crelya.com\/index.php\/wp-json\/wp\/v2\/media?parent=636"}],"wp:term":[{"taxonomy":"product_brand","embeddable":true,"href":"https:\/\/crelya.com\/index.php\/wp-json\/wp\/v2\/product_brand?post=636"},{"taxonomy":"product_cat","embeddable":true,"href":"https:\/\/crelya.com\/index.php\/wp-json\/wp\/v2\/product_cat?post=636"},{"taxonomy":"product_tag","embeddable":true,"href":"https:\/\/crelya.com\/index.php\/wp-json\/wp\/v2\/product_tag?post=636"}],"curies":[{"name":"wp","href":"https:\/\/api.w.org\/{rel}","templated":true}]}}