{"id":722,"date":"2021-10-14T18:01:08","date_gmt":"2021-10-14T18:01:08","guid":{"rendered":"https:\/\/crelya.com\/?post_type=product&#038;p=722"},"modified":"2024-09-07T05:04:41","modified_gmt":"2024-09-07T05:04:41","slug":"lana-carezza-noir-1551","status":"publish","type":"product","link":"https:\/\/crelya.com\/index.php\/product\/lana-carezza-noir-1551\/","title":{"rendered":"Pelote de laine &#8211; Lana Carezza &#8211; Noir 1551"},"content":{"rendered":"<p>Cette gamme est un coup de c\u0153ur pour moi. Ses qualit\u00e9s principales\u00a0: moelleuse, douce\u00a0!<\/p>\n<p>&nbsp;<\/p>\n<p>Les couleurs sont vari\u00e9es, le poids de la pelote est id\u00e9al (100 gr).<\/p>\n<p>&nbsp;<\/p>\n<p>Cette gamme nous permet de r\u00e9aliser un large choix d\u2019ouvrages\u00a0: pull, plaid, couvertures, snood, \u00e9charpes, chaussettes, chaussons, chales, gilets, cardigan, peluches\u2026 ect.<\/p>\n<p>&nbsp;<\/p>\n<p><strong>La certification oeko-tex, standard 100 \u2013 la mati\u00e8re a \u00e9t\u00e9 contr\u00f4l\u00e9 \u00e0 chaque \u00e9tape du traitement. Il ne contient pas de produits chimiques nocifs pour la sant\u00e9.<\/strong><\/p>\n","protected":false},"excerpt":{"rendered":"<p><strong>Composition\u00a0:<\/strong> 100\u00a0% acrylique certifi\u00e9 oeko-tex<\/p>\n<p><strong>Poids\u00a0: <\/strong>100 gr &#8211; 380 mt<\/p>\n<p><strong>Aiguilles\u00a0: <\/strong>2,5 &#8211; 3<\/p>\n<p><strong>Crochet\u00a0: <\/strong>2 \u2013 2,5<\/p>\n<p><strong>Lavage\u00a0: <\/strong>30\u00b0<\/p>\n","protected":false},"featured_media":1309,"comment_status":"open","ping_status":"closed","template":"","meta":{"om_disable_all_campaigns":false,"_monsterinsights_skip_tracking":false,"_monsterinsights_sitenote_active":false,"_monsterinsights_sitenote_note":"","_monsterinsights_sitenote_category":0},"product_brand":[],"product_cat":[26],"product_tag":[],"class_list":{"0":"post-722","1":"product","2":"type-product","3":"status-publish","4":"has-post-thumbnail","6":"product_cat-lana-carezza","8":"first","9":"outofstock","10":"shipping-taxable","11":"purchasable","12":"product-type-simple"},"featured_image_urls":{"full":["https:\/\/crelya.com\/wp-content\/uploads\/2021\/10\/Lana-noir.jpg",759,634,false],"thumbnail":["https:\/\/crelya.com\/wp-content\/uploads\/2021\/10\/Lana-noir-150x150.jpg",150,150,true],"medium":["https:\/\/crelya.com\/wp-content\/uploads\/2021\/10\/Lana-noir-300x251.jpg",300,251,true],"medium_large":["https:\/\/crelya.com\/wp-content\/uploads\/2021\/10\/Lana-noir.jpg",759,634,false],"large":["https:\/\/crelya.com\/wp-content\/uploads\/2021\/10\/Lana-noir.jpg",759,634,false],"1536x1536":["https:\/\/crelya.com\/wp-content\/uploads\/2021\/10\/Lana-noir.jpg",759,634,false],"2048x2048":["https:\/\/crelya.com\/wp-content\/uploads\/2021\/10\/Lana-noir.jpg",759,634,false],"woocommerce_archive_thumbnail":["https:\/\/crelya.com\/wp-content\/uploads\/2021\/10\/Lana-noir-300x300.jpg",300,300,true],"woocommerce_thumbnail":["https:\/\/crelya.com\/wp-content\/uploads\/2021\/10\/Lana-noir-300x300.jpg",300,300,true],"woocommerce_single":["https:\/\/crelya.com\/wp-content\/uploads\/2021\/10\/Lana-noir-600x501.jpg",600,501,true],"woocommerce_gallery_thumbnail":["https:\/\/crelya.com\/wp-content\/uploads\/2021\/10\/Lana-noir-100x100.jpg",100,100,true],"ppec_logo_image_size":["https:\/\/crelya.com\/wp-content\/uploads\/2021\/10\/Lana-noir.jpg",72,60,false],"ppec_header_image_size":["https:\/\/crelya.com\/wp-content\/uploads\/2021\/10\/Lana-noir.jpg",108,90,false]},"post_excerpt_stackable":"<p><strong>Composition\u00a0:<\/strong> 100\u00a0% acrylique certifi\u00e9 oeko-tex<\/p>\n<p><strong>Poids\u00a0: <\/strong>100 gr &#8211; 380 mt<\/p>\n<p><strong>Aiguilles\u00a0: <\/strong>2,5 &#8211; 3<\/p>\n<p><strong>Crochet\u00a0: <\/strong>2 \u2013 2,5<\/p>\n<p><strong>Lavage\u00a0: <\/strong>30\u00b0<\/p>\n","category_list":"","author_info":{"name":"","url":""},"comments_num":"0 commentaire","_links":{"self":[{"href":"https:\/\/crelya.com\/index.php\/wp-json\/wp\/v2\/product\/722","targetHints":{"allow":["GET"]}}],"collection":[{"href":"https:\/\/crelya.com\/index.php\/wp-json\/wp\/v2\/product"}],"about":[{"href":"https:\/\/crelya.com\/index.php\/wp-json\/wp\/v2\/types\/product"}],"replies":[{"embeddable":true,"href":"https:\/\/crelya.com\/index.php\/wp-json\/wp\/v2\/comments?post=722"}],"wp:featuredmedia":[{"embeddable":true,"href":"https:\/\/crelya.com\/index.php\/wp-json\/wp\/v2\/media\/1309"}],"wp:attachment":[{"href":"https:\/\/crelya.com\/index.php\/wp-json\/wp\/v2\/media?parent=722"}],"wp:term":[{"taxonomy":"product_brand","embeddable":true,"href":"https:\/\/crelya.com\/index.php\/wp-json\/wp\/v2\/product_brand?post=722"},{"taxonomy":"product_cat","embeddable":true,"href":"https:\/\/crelya.com\/index.php\/wp-json\/wp\/v2\/product_cat?post=722"},{"taxonomy":"product_tag","embeddable":true,"href":"https:\/\/crelya.com\/index.php\/wp-json\/wp\/v2\/product_tag?post=722"}],"curies":[{"name":"wp","href":"https:\/\/api.w.org\/{rel}","templated":true}]}}