{"id":747,"date":"2021-10-14T19:33:23","date_gmt":"2021-10-14T19:33:23","guid":{"rendered":"https:\/\/crelya.com\/?post_type=product&#038;p=747"},"modified":"2024-10-10T09:24:38","modified_gmt":"2024-10-10T09:24:38","slug":"vellutino-noir-940","status":"publish","type":"product","link":"https:\/\/crelya.com\/index.php\/product\/vellutino-noir-940\/","title":{"rendered":"Pelote de fil chenille &#8220;Vellutino&#8221; &#8211; Noir 940"},"content":{"rendered":"<p>Cette gamme aux couleurs ultra tendance est d\u2019une douceur incroyable. Elle est \u00e9galement de tr\u00e8s bonne qualit\u00e9 (ne s&#8217;effiloche pas!)<\/p>\n<p>&nbsp;<\/p>\n<p>Ce fil chenille a un aspect velours, il apportera un grand confort \u00e0 tous vos ouvrages.<\/p>\n<p>&nbsp;<\/p>\n<p>Cette gamme nous permet de r\u00e9aliser un large choix d\u2019ouvrages\u00a0: pull, plaid, couvertures, coussins, snood, \u00e9charpes, chaussons, chales, gilets, cardigan, peluches\u2026 ect.<\/p>\n<p>&nbsp;<\/p>\n<p><strong>La certification oeko-tex, standard 100 \u2013 la mati\u00e8re a \u00e9t\u00e9 contr\u00f4l\u00e9 \u00e0 chaque \u00e9tape du traitement. Il ne contient pas de produits chimiques nocifs pour la sant\u00e9.<\/strong><\/p>\n","protected":false},"excerpt":{"rendered":"<p class=\"Standard\"><b>Composition\u00a0:<\/b> 100\u00a0% polyester <span style=\"color: #00a933;\">oeko-tex<\/span><\/p>\n<p class=\"Standard\"><b>Poids\u00a0: <\/b>50 gr<b><\/b><\/p>\n<p class=\"Standard\"><b>Aiguilles\u00a0: <\/b>2 &#8211; 4<b><\/b><\/p>\n<p class=\"Standard\"><b>Crochet\u00a0: <\/b>4,5-5,5<b><\/b><\/p>\n<p class=\"Standard\"><b>Lavage\u00a0: <\/b>\u00e0 la main ou d\u00e9licat<b><\/b><\/p>\n","protected":false},"featured_media":1285,"comment_status":"open","ping_status":"closed","template":"","meta":{"om_disable_all_campaigns":false,"_monsterinsights_skip_tracking":false,"_monsterinsights_sitenote_active":false,"_monsterinsights_sitenote_note":"","_monsterinsights_sitenote_category":0},"product_brand":[],"product_cat":[28],"product_tag":[],"class_list":{"0":"post-747","1":"product","2":"type-product","3":"status-publish","4":"has-post-thumbnail","6":"product_cat-vellutino","8":"first","9":"instock","10":"shipping-taxable","11":"purchasable","12":"product-type-simple"},"featured_image_urls":{"full":["https:\/\/crelya.com\/wp-content\/uploads\/2021\/10\/vellutino-noir.jpg",759,634,false],"thumbnail":["https:\/\/crelya.com\/wp-content\/uploads\/2021\/10\/vellutino-noir-150x150.jpg",150,150,true],"medium":["https:\/\/crelya.com\/wp-content\/uploads\/2021\/10\/vellutino-noir-300x251.jpg",300,251,true],"medium_large":["https:\/\/crelya.com\/wp-content\/uploads\/2021\/10\/vellutino-noir.jpg",759,634,false],"large":["https:\/\/crelya.com\/wp-content\/uploads\/2021\/10\/vellutino-noir.jpg",759,634,false],"1536x1536":["https:\/\/crelya.com\/wp-content\/uploads\/2021\/10\/vellutino-noir.jpg",759,634,false],"2048x2048":["https:\/\/crelya.com\/wp-content\/uploads\/2021\/10\/vellutino-noir.jpg",759,634,false],"woocommerce_archive_thumbnail":["https:\/\/crelya.com\/wp-content\/uploads\/2021\/10\/vellutino-noir-300x300.jpg",300,300,true],"woocommerce_thumbnail":["https:\/\/crelya.com\/wp-content\/uploads\/2021\/10\/vellutino-noir-300x300.jpg",300,300,true],"woocommerce_single":["https:\/\/crelya.com\/wp-content\/uploads\/2021\/10\/vellutino-noir-600x501.jpg",600,501,true],"woocommerce_gallery_thumbnail":["https:\/\/crelya.com\/wp-content\/uploads\/2021\/10\/vellutino-noir-100x100.jpg",100,100,true],"ppec_logo_image_size":["https:\/\/crelya.com\/wp-content\/uploads\/2021\/10\/vellutino-noir.jpg",72,60,false],"ppec_header_image_size":["https:\/\/crelya.com\/wp-content\/uploads\/2021\/10\/vellutino-noir.jpg",108,90,false]},"post_excerpt_stackable":"<p class=\"Standard\"><b>Composition\u00a0:<\/b> 100\u00a0% polyester <span style=\"color: #00a933;\">oeko-tex<\/span><\/p>\n<p class=\"Standard\"><b>Poids\u00a0: <\/b>50 gr<b><\/b><\/p>\n<p class=\"Standard\"><b>Aiguilles\u00a0: <\/b>2 &#8211; 4<b><\/b><\/p>\n<p class=\"Standard\"><b>Crochet\u00a0: <\/b>4,5-5,5<b><\/b><\/p>\n<p class=\"Standard\"><b>Lavage\u00a0: <\/b>\u00e0 la main ou d\u00e9licat<b><\/b><\/p>\n","category_list":"","author_info":{"name":"","url":""},"comments_num":"0 commentaire","_links":{"self":[{"href":"https:\/\/crelya.com\/index.php\/wp-json\/wp\/v2\/product\/747","targetHints":{"allow":["GET"]}}],"collection":[{"href":"https:\/\/crelya.com\/index.php\/wp-json\/wp\/v2\/product"}],"about":[{"href":"https:\/\/crelya.com\/index.php\/wp-json\/wp\/v2\/types\/product"}],"replies":[{"embeddable":true,"href":"https:\/\/crelya.com\/index.php\/wp-json\/wp\/v2\/comments?post=747"}],"wp:featuredmedia":[{"embeddable":true,"href":"https:\/\/crelya.com\/index.php\/wp-json\/wp\/v2\/media\/1285"}],"wp:attachment":[{"href":"https:\/\/crelya.com\/index.php\/wp-json\/wp\/v2\/media?parent=747"}],"wp:term":[{"taxonomy":"product_brand","embeddable":true,"href":"https:\/\/crelya.com\/index.php\/wp-json\/wp\/v2\/product_brand?post=747"},{"taxonomy":"product_cat","embeddable":true,"href":"https:\/\/crelya.com\/index.php\/wp-json\/wp\/v2\/product_cat?post=747"},{"taxonomy":"product_tag","embeddable":true,"href":"https:\/\/crelya.com\/index.php\/wp-json\/wp\/v2\/product_tag?post=747"}],"curies":[{"name":"wp","href":"https:\/\/api.w.org\/{rel}","templated":true}]}}