{"id":766,"date":"2021-10-14T20:15:14","date_gmt":"2021-10-14T20:15:14","guid":{"rendered":"https:\/\/crelya.com\/?post_type=product&#038;p=766"},"modified":"2023-06-14T16:55:29","modified_gmt":"2023-06-14T16:55:29","slug":"bouton-brandebourg-noir-a888-911","status":"publish","type":"product","link":"https:\/\/crelya.com\/index.php\/product\/bouton-brandebourg-noir-a888-911\/","title":{"rendered":"Bouton Brandebourg &#8211; Noir A888-911"},"content":{"rendered":"<p>Les boutons brandebourg peuvent \u00eatre utilis\u00e9s pour les vestes ou cardigan. Ils apporteront assur\u00e9ment une allure sophistiqu\u00e9e et duffle-coat,<\/p>\n<p>&nbsp;<\/p>\n<p>Ils peuvent \u00eatre utilis\u00e9s \u00e9galement comme fermoir de sac ou sac \u00e0 dos.<\/p>\n","protected":false},"excerpt":{"rendered":"<p class=\"Standard\"><b>Composition\u00a0: cuir<\/b><\/p>\n<p class=\"Standard\"><b>\u00a0<\/b><\/p>\n<p class=\"Standard\"><b>Prix\u00a0: 3,40 \u20ac<\/b><\/p>\n<p class=\"Standard\"><b>\u00a0<\/b><\/p>\n","protected":false},"featured_media":1363,"comment_status":"open","ping_status":"closed","template":"","meta":{"om_disable_all_campaigns":false,"_monsterinsights_skip_tracking":false,"_monsterinsights_sitenote_active":false,"_monsterinsights_sitenote_note":"","_monsterinsights_sitenote_category":0},"product_brand":[],"product_cat":[30],"product_tag":[],"class_list":{"0":"post-766","1":"product","2":"type-product","3":"status-publish","4":"has-post-thumbnail","6":"product_cat-boutons","8":"first","9":"outofstock","10":"shipping-taxable","11":"purchasable","12":"product-type-simple"},"featured_image_urls":{"full":["https:\/\/crelya.com\/wp-content\/uploads\/2021\/10\/BOUTONS-noir.jpg",759,634,false],"thumbnail":["https:\/\/crelya.com\/wp-content\/uploads\/2021\/10\/BOUTONS-noir-150x150.jpg",150,150,true],"medium":["https:\/\/crelya.com\/wp-content\/uploads\/2021\/10\/BOUTONS-noir-300x251.jpg",300,251,true],"medium_large":["https:\/\/crelya.com\/wp-content\/uploads\/2021\/10\/BOUTONS-noir.jpg",759,634,false],"large":["https:\/\/crelya.com\/wp-content\/uploads\/2021\/10\/BOUTONS-noir.jpg",759,634,false],"1536x1536":["https:\/\/crelya.com\/wp-content\/uploads\/2021\/10\/BOUTONS-noir.jpg",759,634,false],"2048x2048":["https:\/\/crelya.com\/wp-content\/uploads\/2021\/10\/BOUTONS-noir.jpg",759,634,false],"woocommerce_archive_thumbnail":["https:\/\/crelya.com\/wp-content\/uploads\/2021\/10\/BOUTONS-noir-300x300.jpg",300,300,true],"woocommerce_thumbnail":["https:\/\/crelya.com\/wp-content\/uploads\/2021\/10\/BOUTONS-noir-300x300.jpg",300,300,true],"woocommerce_single":["https:\/\/crelya.com\/wp-content\/uploads\/2021\/10\/BOUTONS-noir-600x501.jpg",600,501,true],"woocommerce_gallery_thumbnail":["https:\/\/crelya.com\/wp-content\/uploads\/2021\/10\/BOUTONS-noir-100x100.jpg",100,100,true],"ppec_logo_image_size":["https:\/\/crelya.com\/wp-content\/uploads\/2021\/10\/BOUTONS-noir.jpg",72,60,false],"ppec_header_image_size":["https:\/\/crelya.com\/wp-content\/uploads\/2021\/10\/BOUTONS-noir.jpg",108,90,false]},"post_excerpt_stackable":"<p class=\"Standard\"><b>Composition\u00a0: cuir<\/b><\/p>\n<p class=\"Standard\"><b>\u00a0<\/b><\/p>\n<p class=\"Standard\"><b>Prix\u00a0: 3,40 \u20ac<\/b><\/p>\n<p class=\"Standard\"><b>\u00a0<\/b><\/p>\n","category_list":"","author_info":{"name":"","url":""},"comments_num":"0 commentaire","_links":{"self":[{"href":"https:\/\/crelya.com\/index.php\/wp-json\/wp\/v2\/product\/766","targetHints":{"allow":["GET"]}}],"collection":[{"href":"https:\/\/crelya.com\/index.php\/wp-json\/wp\/v2\/product"}],"about":[{"href":"https:\/\/crelya.com\/index.php\/wp-json\/wp\/v2\/types\/product"}],"replies":[{"embeddable":true,"href":"https:\/\/crelya.com\/index.php\/wp-json\/wp\/v2\/comments?post=766"}],"wp:featuredmedia":[{"embeddable":true,"href":"https:\/\/crelya.com\/index.php\/wp-json\/wp\/v2\/media\/1363"}],"wp:attachment":[{"href":"https:\/\/crelya.com\/index.php\/wp-json\/wp\/v2\/media?parent=766"}],"wp:term":[{"taxonomy":"product_brand","embeddable":true,"href":"https:\/\/crelya.com\/index.php\/wp-json\/wp\/v2\/product_brand?post=766"},{"taxonomy":"product_cat","embeddable":true,"href":"https:\/\/crelya.com\/index.php\/wp-json\/wp\/v2\/product_cat?post=766"},{"taxonomy":"product_tag","embeddable":true,"href":"https:\/\/crelya.com\/index.php\/wp-json\/wp\/v2\/product_tag?post=766"}],"curies":[{"name":"wp","href":"https:\/\/api.w.org\/{rel}","templated":true}]}}