{"id":796,"date":"2021-10-14T21:44:39","date_gmt":"2021-10-14T21:44:39","guid":{"rendered":"https:\/\/crelya.com\/?post_type=product&#038;p=796"},"modified":"2026-03-24T07:16:27","modified_gmt":"2026-03-24T07:16:27","slug":"set-giulia-noir-1","status":"publish","type":"product","link":"https:\/\/crelya.com\/index.php\/product\/set-giulia-noir-1\/","title":{"rendered":"Set sac au crochet \u201cGiulia\u201d noir \u2013 fond et anses pr\u00e9-perfor\u00e9es en simili cuir"},"content":{"rendered":"<p data-start=\"238\" data-end=\"368\">R\u00e9alisez un sac au crochet \u00e9l\u00e9gant et raffin\u00e9 gr\u00e2ce \u00e0 ce set complet en <strong data-start=\"310\" data-end=\"336\">simili cuir de qualit\u00e9<\/strong>.<br data-start=\"337\" data-end=\"340\" \/>Le set <em data-start=\"347\" data-end=\"355\">Giulia<\/em> comprend :<\/p>\n<ul data-start=\"369\" data-end=\"589\">\n<li data-start=\"369\" data-end=\"464\">\n<p data-start=\"371\" data-end=\"464\"><strong data-start=\"371\" data-end=\"401\">Un fond de sac pr\u00e9-perfor\u00e9<\/strong> (30 x 10 cm) pour une base solide et parfaitement r\u00e9guli\u00e8re,<\/p>\n<\/li>\n<li data-start=\"465\" data-end=\"589\">\n<p data-start=\"467\" data-end=\"589\"><strong data-start=\"467\" data-end=\"498\">Une paire d\u2019anses r\u00e9glables<\/strong> (68 cm), dot\u00e9es de <strong data-start=\"528\" data-end=\"551\">boucles m\u00e9talliques<\/strong> robustes et d\u2019une finition soign\u00e9e.<\/p>\n<\/li>\n<\/ul>\n<p data-start=\"591\" data-end=\"756\">Facile \u00e0 assembler, ce set est id\u00e9al pour vos cr\u00e9ations au crochet. Il apporte imm\u00e9diatement une touche professionnelle et chic \u00e0 vos sacs faits main.<\/p>\n<p data-start=\"991\" data-end=\"1093\">\u2728 Associez ce set \u00e0 la CORDE SWAN BLACK pour un rendu unique mais surtout solide !<\/p>\n","protected":false},"excerpt":{"rendered":"<p><strong>Composition\u00a0: <\/strong>simili cuir<\/p>\n<p><strong>Fond de sac pr\u00e9-perfor\u00e9 :<\/strong> 30&#215;10 cm<\/p>\n<p><strong>Paire de anses :<\/strong> environ 68 cm<\/p>\n<p>&nbsp;<\/p>\n","protected":false},"featured_media":2936,"comment_status":"open","ping_status":"closed","template":"","meta":{"om_disable_all_campaigns":false,"_monsterinsights_skip_tracking":false,"_monsterinsights_sitenote_active":false,"_monsterinsights_sitenote_note":"","_monsterinsights_sitenote_category":0},"product_brand":[],"product_cat":[37],"product_tag":[],"class_list":{"0":"post-796","1":"product","2":"type-product","3":"status-publish","4":"has-post-thumbnail","6":"product_cat-set-fond","8":"first","9":"instock","10":"shipping-taxable","11":"purchasable","12":"product-type-simple"},"featured_image_urls":{"full":["https:\/\/crelya.com\/wp-content\/uploads\/2021\/10\/GIULIA-NOIR.png",1024,1024,false],"thumbnail":["https:\/\/crelya.com\/wp-content\/uploads\/2021\/10\/GIULIA-NOIR-150x150.png",150,150,true],"medium":["https:\/\/crelya.com\/wp-content\/uploads\/2021\/10\/GIULIA-NOIR-300x300.png",300,300,true],"medium_large":["https:\/\/crelya.com\/wp-content\/uploads\/2021\/10\/GIULIA-NOIR-768x768.png",768,768,true],"large":["https:\/\/crelya.com\/wp-content\/uploads\/2021\/10\/GIULIA-NOIR.png",1024,1024,false],"1536x1536":["https:\/\/crelya.com\/wp-content\/uploads\/2021\/10\/GIULIA-NOIR.png",1024,1024,false],"2048x2048":["https:\/\/crelya.com\/wp-content\/uploads\/2021\/10\/GIULIA-NOIR.png",1024,1024,false],"woocommerce_archive_thumbnail":["https:\/\/crelya.com\/wp-content\/uploads\/2021\/10\/GIULIA-NOIR-300x300.png",300,300,true],"woocommerce_thumbnail":["https:\/\/crelya.com\/wp-content\/uploads\/2021\/10\/GIULIA-NOIR-300x300.png",300,300,true],"woocommerce_single":["https:\/\/crelya.com\/wp-content\/uploads\/2021\/10\/GIULIA-NOIR-600x600.png",600,600,true],"woocommerce_gallery_thumbnail":["https:\/\/crelya.com\/wp-content\/uploads\/2021\/10\/GIULIA-NOIR-100x100.png",100,100,true],"ppec_logo_image_size":["https:\/\/crelya.com\/wp-content\/uploads\/2021\/10\/GIULIA-NOIR.png",60,60,false],"ppec_header_image_size":["https:\/\/crelya.com\/wp-content\/uploads\/2021\/10\/GIULIA-NOIR.png",90,90,false]},"post_excerpt_stackable":"<p><strong>Composition\u00a0: <\/strong>simili cuir<\/p>\n<p><strong>Fond de sac pr\u00e9-perfor\u00e9 :<\/strong> 30&#215;10 cm<\/p>\n<p><strong>Paire de anses :<\/strong> environ 68 cm<\/p>\n<p>&nbsp;<\/p>\n","category_list":"","author_info":{"name":"","url":""},"comments_num":"0 commentaire","_links":{"self":[{"href":"https:\/\/crelya.com\/index.php\/wp-json\/wp\/v2\/product\/796","targetHints":{"allow":["GET"]}}],"collection":[{"href":"https:\/\/crelya.com\/index.php\/wp-json\/wp\/v2\/product"}],"about":[{"href":"https:\/\/crelya.com\/index.php\/wp-json\/wp\/v2\/types\/product"}],"replies":[{"embeddable":true,"href":"https:\/\/crelya.com\/index.php\/wp-json\/wp\/v2\/comments?post=796"}],"wp:featuredmedia":[{"embeddable":true,"href":"https:\/\/crelya.com\/index.php\/wp-json\/wp\/v2\/media\/2936"}],"wp:attachment":[{"href":"https:\/\/crelya.com\/index.php\/wp-json\/wp\/v2\/media?parent=796"}],"wp:term":[{"taxonomy":"product_brand","embeddable":true,"href":"https:\/\/crelya.com\/index.php\/wp-json\/wp\/v2\/product_brand?post=796"},{"taxonomy":"product_cat","embeddable":true,"href":"https:\/\/crelya.com\/index.php\/wp-json\/wp\/v2\/product_cat?post=796"},{"taxonomy":"product_tag","embeddable":true,"href":"https:\/\/crelya.com\/index.php\/wp-json\/wp\/v2\/product_tag?post=796"}],"curies":[{"name":"wp","href":"https:\/\/api.w.org\/{rel}","templated":true}]}}