{"id":800,"date":"2021-10-14T22:07:14","date_gmt":"2021-10-14T22:07:14","guid":{"rendered":"https:\/\/crelya.com\/?post_type=product&#038;p=800"},"modified":"2022-02-16T12:33:18","modified_gmt":"2022-02-16T12:33:18","slug":"corde-swan-twister-bleu-stw-081","status":"publish","type":"product","link":"https:\/\/crelya.com\/index.php\/product\/corde-swan-twister-bleu-stw-081\/","title":{"rendered":"Corde Swan Twister &#8211; Bleu STW-081"},"content":{"rendered":"<p>Ce cordon torsad\u00e9 est id\u00e9al pour la r\u00e9alisation de sacs, pochettes, objets et bijoux.<\/p>\n","protected":false},"excerpt":{"rendered":"<p class=\"Standard\">\n<p class=\"Standard\"><b>Poids\u00a0: <\/b>300 gr<b><\/b><\/p>\n<p class=\"Standard\"><b>Crochet\u00a0: <\/b>3 \u2013 3,5<b><\/b><\/p>\n<p class=\"Standard\">\n","protected":false},"featured_media":1247,"comment_status":"open","ping_status":"closed","template":"","meta":{"om_disable_all_campaigns":false,"_monsterinsights_skip_tracking":false,"_monsterinsights_sitenote_active":false,"_monsterinsights_sitenote_note":"","_monsterinsights_sitenote_category":0},"product_brand":[],"product_cat":[36],"product_tag":[],"class_list":{"0":"post-800","1":"product","2":"type-product","3":"status-publish","4":"has-post-thumbnail","6":"product_cat-cordino-swan-twister","8":"first","9":"instock","10":"shipping-taxable","11":"purchasable","12":"product-type-simple"},"featured_image_urls":{"full":["https:\/\/crelya.com\/wp-content\/uploads\/2021\/10\/bleu-1.jpg",759,634,false],"thumbnail":["https:\/\/crelya.com\/wp-content\/uploads\/2021\/10\/bleu-1-150x150.jpg",150,150,true],"medium":["https:\/\/crelya.com\/wp-content\/uploads\/2021\/10\/bleu-1-300x251.jpg",300,251,true],"medium_large":["https:\/\/crelya.com\/wp-content\/uploads\/2021\/10\/bleu-1.jpg",759,634,false],"large":["https:\/\/crelya.com\/wp-content\/uploads\/2021\/10\/bleu-1.jpg",759,634,false],"1536x1536":["https:\/\/crelya.com\/wp-content\/uploads\/2021\/10\/bleu-1.jpg",759,634,false],"2048x2048":["https:\/\/crelya.com\/wp-content\/uploads\/2021\/10\/bleu-1.jpg",759,634,false],"woocommerce_archive_thumbnail":["https:\/\/crelya.com\/wp-content\/uploads\/2021\/10\/bleu-1-300x300.jpg",300,300,true],"woocommerce_thumbnail":["https:\/\/crelya.com\/wp-content\/uploads\/2021\/10\/bleu-1-300x300.jpg",300,300,true],"woocommerce_single":["https:\/\/crelya.com\/wp-content\/uploads\/2021\/10\/bleu-1-600x501.jpg",600,501,true],"woocommerce_gallery_thumbnail":["https:\/\/crelya.com\/wp-content\/uploads\/2021\/10\/bleu-1-100x100.jpg",100,100,true],"ppec_logo_image_size":["https:\/\/crelya.com\/wp-content\/uploads\/2021\/10\/bleu-1.jpg",72,60,false],"ppec_header_image_size":["https:\/\/crelya.com\/wp-content\/uploads\/2021\/10\/bleu-1.jpg",108,90,false]},"post_excerpt_stackable":"<p class=\"Standard\">\n<p class=\"Standard\"><b>Poids\u00a0: <\/b>300 gr<b><\/b><\/p>\n<p class=\"Standard\"><b>Crochet\u00a0: <\/b>3 \u2013 3,5<b><\/b><\/p>\n<p class=\"Standard\">\n","category_list":"","author_info":{"name":"","url":""},"comments_num":"0 commentaire","_links":{"self":[{"href":"https:\/\/crelya.com\/index.php\/wp-json\/wp\/v2\/product\/800","targetHints":{"allow":["GET"]}}],"collection":[{"href":"https:\/\/crelya.com\/index.php\/wp-json\/wp\/v2\/product"}],"about":[{"href":"https:\/\/crelya.com\/index.php\/wp-json\/wp\/v2\/types\/product"}],"replies":[{"embeddable":true,"href":"https:\/\/crelya.com\/index.php\/wp-json\/wp\/v2\/comments?post=800"}],"wp:featuredmedia":[{"embeddable":true,"href":"https:\/\/crelya.com\/index.php\/wp-json\/wp\/v2\/media\/1247"}],"wp:attachment":[{"href":"https:\/\/crelya.com\/index.php\/wp-json\/wp\/v2\/media?parent=800"}],"wp:term":[{"taxonomy":"product_brand","embeddable":true,"href":"https:\/\/crelya.com\/index.php\/wp-json\/wp\/v2\/product_brand?post=800"},{"taxonomy":"product_cat","embeddable":true,"href":"https:\/\/crelya.com\/index.php\/wp-json\/wp\/v2\/product_cat?post=800"},{"taxonomy":"product_tag","embeddable":true,"href":"https:\/\/crelya.com\/index.php\/wp-json\/wp\/v2\/product_tag?post=800"}],"curies":[{"name":"wp","href":"https:\/\/api.w.org\/{rel}","templated":true}]}}