{"id":802,"date":"2021-10-14T22:14:30","date_gmt":"2021-10-14T22:14:30","guid":{"rendered":"https:\/\/crelya.com\/?post_type=product&#038;p=802"},"modified":"2023-04-26T21:24:49","modified_gmt":"2023-04-26T21:24:49","slug":"corde-swan-twister-gris-stw-052","status":"publish","type":"product","link":"https:\/\/crelya.com\/index.php\/product\/corde-swan-twister-gris-stw-052\/","title":{"rendered":"Corde Swan Twister &#8211; Gris STW-052"},"content":{"rendered":"<p>Ce cordon torsad\u00e9 est id\u00e9al pour la r\u00e9alisation de sacs, pochettes, objets et bijoux.<\/p>\n","protected":false},"excerpt":{"rendered":"<p class=\"Standard\"><b>Poids\u00a0: <\/b>300 gr<b><\/b><\/p>\n<p class=\"Standard\"><b>Crochet\u00a0: <\/b>3 \u2013 3,5<b><\/b><\/p>\n","protected":false},"featured_media":1245,"comment_status":"open","ping_status":"closed","template":"","meta":{"om_disable_all_campaigns":false,"_monsterinsights_skip_tracking":false,"_monsterinsights_sitenote_active":false,"_monsterinsights_sitenote_note":"","_monsterinsights_sitenote_category":0},"product_brand":[],"product_cat":[36],"product_tag":[],"class_list":{"0":"post-802","1":"product","2":"type-product","3":"status-publish","4":"has-post-thumbnail","6":"product_cat-cordino-swan-twister","8":"first","9":"instock","10":"shipping-taxable","11":"purchasable","12":"product-type-simple"},"featured_image_urls":{"full":["https:\/\/crelya.com\/wp-content\/uploads\/2021\/10\/gris.jpg",759,634,false],"thumbnail":["https:\/\/crelya.com\/wp-content\/uploads\/2021\/10\/gris-150x150.jpg",150,150,true],"medium":["https:\/\/crelya.com\/wp-content\/uploads\/2021\/10\/gris-300x251.jpg",300,251,true],"medium_large":["https:\/\/crelya.com\/wp-content\/uploads\/2021\/10\/gris.jpg",759,634,false],"large":["https:\/\/crelya.com\/wp-content\/uploads\/2021\/10\/gris.jpg",759,634,false],"1536x1536":["https:\/\/crelya.com\/wp-content\/uploads\/2021\/10\/gris.jpg",759,634,false],"2048x2048":["https:\/\/crelya.com\/wp-content\/uploads\/2021\/10\/gris.jpg",759,634,false],"woocommerce_archive_thumbnail":["https:\/\/crelya.com\/wp-content\/uploads\/2021\/10\/gris-300x300.jpg",300,300,true],"woocommerce_thumbnail":["https:\/\/crelya.com\/wp-content\/uploads\/2021\/10\/gris-300x300.jpg",300,300,true],"woocommerce_single":["https:\/\/crelya.com\/wp-content\/uploads\/2021\/10\/gris-600x501.jpg",600,501,true],"woocommerce_gallery_thumbnail":["https:\/\/crelya.com\/wp-content\/uploads\/2021\/10\/gris-100x100.jpg",100,100,true],"ppec_logo_image_size":["https:\/\/crelya.com\/wp-content\/uploads\/2021\/10\/gris.jpg",72,60,false],"ppec_header_image_size":["https:\/\/crelya.com\/wp-content\/uploads\/2021\/10\/gris.jpg",108,90,false]},"post_excerpt_stackable":"<p class=\"Standard\"><b>Poids\u00a0: <\/b>300 gr<b><\/b><\/p>\n<p class=\"Standard\"><b>Crochet\u00a0: <\/b>3 \u2013 3,5<b><\/b><\/p>\n","category_list":"","author_info":{"name":"","url":""},"comments_num":"0 commentaire","_links":{"self":[{"href":"https:\/\/crelya.com\/index.php\/wp-json\/wp\/v2\/product\/802","targetHints":{"allow":["GET"]}}],"collection":[{"href":"https:\/\/crelya.com\/index.php\/wp-json\/wp\/v2\/product"}],"about":[{"href":"https:\/\/crelya.com\/index.php\/wp-json\/wp\/v2\/types\/product"}],"replies":[{"embeddable":true,"href":"https:\/\/crelya.com\/index.php\/wp-json\/wp\/v2\/comments?post=802"}],"wp:featuredmedia":[{"embeddable":true,"href":"https:\/\/crelya.com\/index.php\/wp-json\/wp\/v2\/media\/1245"}],"wp:attachment":[{"href":"https:\/\/crelya.com\/index.php\/wp-json\/wp\/v2\/media?parent=802"}],"wp:term":[{"taxonomy":"product_brand","embeddable":true,"href":"https:\/\/crelya.com\/index.php\/wp-json\/wp\/v2\/product_brand?post=802"},{"taxonomy":"product_cat","embeddable":true,"href":"https:\/\/crelya.com\/index.php\/wp-json\/wp\/v2\/product_cat?post=802"},{"taxonomy":"product_tag","embeddable":true,"href":"https:\/\/crelya.com\/index.php\/wp-json\/wp\/v2\/product_tag?post=802"}],"curies":[{"name":"wp","href":"https:\/\/api.w.org\/{rel}","templated":true}]}}