{"id":808,"date":"2021-10-14T22:28:05","date_gmt":"2021-10-14T22:28:05","guid":{"rendered":"https:\/\/crelya.com\/?post_type=product&#038;p=808"},"modified":"2023-09-27T10:34:28","modified_gmt":"2023-09-27T10:34:28","slug":"corde-swan-rowen","status":"publish","type":"product","link":"https:\/\/crelya.com\/index.php\/product\/corde-swan-rowen\/","title":{"rendered":"Corde Swan Rowen &#8211; Bleu SRW-081"},"content":{"rendered":"<p class=\"TableContents\">Cette gamme de corde est id\u00e9ale pour la r\u00e9alisation de sacs, pochettes et bijoux.<\/p>\n<p class=\"TableContents\">Son aspect brillant apportera un ton tr\u00e8s glamour \u00e0 vos cr\u00e9ations.<\/p>\n","protected":false},"excerpt":{"rendered":"<p class=\"Standard\"><b>Composition\u00a0:<\/b> Polyester<\/p>\n<p class=\"Standard\"><b>Poids\u00a0: <\/b>300 gr<b><\/b><\/p>\n<p class=\"Standard\"><b>Crochet\u00a0: <\/b>3 \u2013 3,5<b><\/b><\/p>\n","protected":false},"featured_media":1686,"comment_status":"open","ping_status":"closed","template":"","meta":{"om_disable_all_campaigns":false,"_monsterinsights_skip_tracking":false,"_monsterinsights_sitenote_active":false,"_monsterinsights_sitenote_note":"","_monsterinsights_sitenote_category":0},"product_brand":[],"product_cat":[35],"product_tag":[],"class_list":{"0":"post-808","1":"product","2":"type-product","3":"status-publish","4":"has-post-thumbnail","6":"product_cat-cordino-swan-rowen","8":"first","9":"instock","10":"shipping-taxable","11":"purchasable","12":"product-type-simple"},"featured_image_urls":{"full":["https:\/\/crelya.com\/wp-content\/uploads\/2022\/09\/swan-bleu.png",1080,1080,false],"thumbnail":["https:\/\/crelya.com\/wp-content\/uploads\/2022\/09\/swan-bleu-150x150.png",150,150,true],"medium":["https:\/\/crelya.com\/wp-content\/uploads\/2022\/09\/swan-bleu-300x300.png",300,300,true],"medium_large":["https:\/\/crelya.com\/wp-content\/uploads\/2022\/09\/swan-bleu-768x768.png",768,768,true],"large":["https:\/\/crelya.com\/wp-content\/uploads\/2022\/09\/swan-bleu-1024x1024.png",1024,1024,true],"1536x1536":["https:\/\/crelya.com\/wp-content\/uploads\/2022\/09\/swan-bleu.png",1080,1080,false],"2048x2048":["https:\/\/crelya.com\/wp-content\/uploads\/2022\/09\/swan-bleu.png",1080,1080,false],"woocommerce_archive_thumbnail":["https:\/\/crelya.com\/wp-content\/uploads\/2022\/09\/swan-bleu-300x300.png",300,300,true],"woocommerce_thumbnail":["https:\/\/crelya.com\/wp-content\/uploads\/2022\/09\/swan-bleu-300x300.png",300,300,true],"woocommerce_single":["https:\/\/crelya.com\/wp-content\/uploads\/2022\/09\/swan-bleu-600x600.png",600,600,true],"woocommerce_gallery_thumbnail":["https:\/\/crelya.com\/wp-content\/uploads\/2022\/09\/swan-bleu-100x100.png",100,100,true],"ppec_logo_image_size":["https:\/\/crelya.com\/wp-content\/uploads\/2022\/09\/swan-bleu.png",60,60,false],"ppec_header_image_size":["https:\/\/crelya.com\/wp-content\/uploads\/2022\/09\/swan-bleu.png",90,90,false]},"post_excerpt_stackable":"<p class=\"Standard\"><b>Composition\u00a0:<\/b> Polyester<\/p>\n<p class=\"Standard\"><b>Poids\u00a0: <\/b>300 gr<b><\/b><\/p>\n<p class=\"Standard\"><b>Crochet\u00a0: <\/b>3 \u2013 3,5<b><\/b><\/p>\n","category_list":"","author_info":{"name":"","url":""},"comments_num":"0 commentaire","_links":{"self":[{"href":"https:\/\/crelya.com\/index.php\/wp-json\/wp\/v2\/product\/808","targetHints":{"allow":["GET"]}}],"collection":[{"href":"https:\/\/crelya.com\/index.php\/wp-json\/wp\/v2\/product"}],"about":[{"href":"https:\/\/crelya.com\/index.php\/wp-json\/wp\/v2\/types\/product"}],"replies":[{"embeddable":true,"href":"https:\/\/crelya.com\/index.php\/wp-json\/wp\/v2\/comments?post=808"}],"wp:featuredmedia":[{"embeddable":true,"href":"https:\/\/crelya.com\/index.php\/wp-json\/wp\/v2\/media\/1686"}],"wp:attachment":[{"href":"https:\/\/crelya.com\/index.php\/wp-json\/wp\/v2\/media?parent=808"}],"wp:term":[{"taxonomy":"product_brand","embeddable":true,"href":"https:\/\/crelya.com\/index.php\/wp-json\/wp\/v2\/product_brand?post=808"},{"taxonomy":"product_cat","embeddable":true,"href":"https:\/\/crelya.com\/index.php\/wp-json\/wp\/v2\/product_cat?post=808"},{"taxonomy":"product_tag","embeddable":true,"href":"https:\/\/crelya.com\/index.php\/wp-json\/wp\/v2\/product_tag?post=808"}],"curies":[{"name":"wp","href":"https:\/\/api.w.org\/{rel}","templated":true}]}}