{"id":810,"date":"2021-10-14T22:31:56","date_gmt":"2021-10-14T22:31:56","guid":{"rendered":"https:\/\/crelya.com\/?post_type=product&#038;p=810"},"modified":"2024-04-22T11:26:31","modified_gmt":"2024-04-22T11:26:31","slug":"corde-swan-rowen-glitter-noir-argente-srg-t9","status":"publish","type":"product","link":"https:\/\/crelya.com\/index.php\/product\/corde-swan-rowen-glitter-noir-argente-srg-t9\/","title":{"rendered":"CORDE SWAN ROWEN GLITTER noir argent\u00e9 SRG &#8211; T9"},"content":{"rendered":"<p>Cette gamme de corde est id\u00e9ale pour la r\u00e9alisation de sacs, pochettes et bijoux.<\/p>\n<p>&nbsp;<\/p>\n<p>Sa texture est \u00e9l\u00e9gante et brillante.<\/p>\n","protected":false},"excerpt":{"rendered":"<p class=\"Standard\"><b>Composition\u00a0:<\/b> Polyester, lurex<\/p>\n<p class=\"Standard\"><b>Poids\u00a0: <\/b>300 gr<b><\/b><\/p>\n<p class=\"Standard\"><b>Crochet\u00a0: <\/b>2 \u2013 2,5<b><\/b><\/p>\n","protected":false},"featured_media":811,"comment_status":"open","ping_status":"closed","template":"","meta":{"om_disable_all_campaigns":false,"_monsterinsights_skip_tracking":false,"_monsterinsights_sitenote_active":false,"_monsterinsights_sitenote_note":"","_monsterinsights_sitenote_category":0},"product_brand":[],"product_cat":[34],"product_tag":[],"class_list":{"0":"post-810","1":"product","2":"type-product","3":"status-publish","4":"has-post-thumbnail","6":"product_cat-corde-swan-rowen-glitter","8":"first","9":"instock","10":"shipping-taxable","11":"purchasable","12":"product-type-simple"},"featured_image_urls":{"full":["https:\/\/crelya.com\/wp-content\/uploads\/2021\/10\/corde-swan-rowen-glitter-noir-argente-981-3-SRG-T9-1-scaled.jpg",2560,1920,false],"thumbnail":["https:\/\/crelya.com\/wp-content\/uploads\/2021\/10\/corde-swan-rowen-glitter-noir-argente-981-3-SRG-T9-1-150x150.jpg",150,150,true],"medium":["https:\/\/crelya.com\/wp-content\/uploads\/2021\/10\/corde-swan-rowen-glitter-noir-argente-981-3-SRG-T9-1-300x225.jpg",300,225,true],"medium_large":["https:\/\/crelya.com\/wp-content\/uploads\/2021\/10\/corde-swan-rowen-glitter-noir-argente-981-3-SRG-T9-1-768x576.jpg",768,576,true],"large":["https:\/\/crelya.com\/wp-content\/uploads\/2021\/10\/corde-swan-rowen-glitter-noir-argente-981-3-SRG-T9-1-1024x768.jpg",1024,768,true],"1536x1536":["https:\/\/crelya.com\/wp-content\/uploads\/2021\/10\/corde-swan-rowen-glitter-noir-argente-981-3-SRG-T9-1-1536x1152.jpg",1536,1152,true],"2048x2048":["https:\/\/crelya.com\/wp-content\/uploads\/2021\/10\/corde-swan-rowen-glitter-noir-argente-981-3-SRG-T9-1-2048x1536.jpg",2048,1536,true],"woocommerce_archive_thumbnail":["https:\/\/crelya.com\/wp-content\/uploads\/2021\/10\/corde-swan-rowen-glitter-noir-argente-981-3-SRG-T9-1-scaled-300x300.jpg",300,300,true],"woocommerce_thumbnail":["https:\/\/crelya.com\/wp-content\/uploads\/2021\/10\/corde-swan-rowen-glitter-noir-argente-981-3-SRG-T9-1-scaled-300x300.jpg",300,300,true],"woocommerce_single":["https:\/\/crelya.com\/wp-content\/uploads\/2021\/10\/corde-swan-rowen-glitter-noir-argente-981-3-SRG-T9-1-scaled-600x450.jpg",600,450,true],"woocommerce_gallery_thumbnail":["https:\/\/crelya.com\/wp-content\/uploads\/2021\/10\/corde-swan-rowen-glitter-noir-argente-981-3-SRG-T9-1-scaled-100x100.jpg",100,100,true],"ppec_logo_image_size":["https:\/\/crelya.com\/wp-content\/uploads\/2021\/10\/corde-swan-rowen-glitter-noir-argente-981-3-SRG-T9-1-scaled.jpg",80,60,false],"ppec_header_image_size":["https:\/\/crelya.com\/wp-content\/uploads\/2021\/10\/corde-swan-rowen-glitter-noir-argente-981-3-SRG-T9-1-scaled.jpg",120,90,false]},"post_excerpt_stackable":"<p class=\"Standard\"><b>Composition\u00a0:<\/b> Polyester, lurex<\/p>\n<p class=\"Standard\"><b>Poids\u00a0: <\/b>300 gr<b><\/b><\/p>\n<p class=\"Standard\"><b>Crochet\u00a0: <\/b>2 \u2013 2,5<b><\/b><\/p>\n","category_list":"","author_info":{"name":"","url":""},"comments_num":"0 commentaire","_links":{"self":[{"href":"https:\/\/crelya.com\/index.php\/wp-json\/wp\/v2\/product\/810","targetHints":{"allow":["GET"]}}],"collection":[{"href":"https:\/\/crelya.com\/index.php\/wp-json\/wp\/v2\/product"}],"about":[{"href":"https:\/\/crelya.com\/index.php\/wp-json\/wp\/v2\/types\/product"}],"replies":[{"embeddable":true,"href":"https:\/\/crelya.com\/index.php\/wp-json\/wp\/v2\/comments?post=810"}],"wp:featuredmedia":[{"embeddable":true,"href":"https:\/\/crelya.com\/index.php\/wp-json\/wp\/v2\/media\/811"}],"wp:attachment":[{"href":"https:\/\/crelya.com\/index.php\/wp-json\/wp\/v2\/media?parent=810"}],"wp:term":[{"taxonomy":"product_brand","embeddable":true,"href":"https:\/\/crelya.com\/index.php\/wp-json\/wp\/v2\/product_brand?post=810"},{"taxonomy":"product_cat","embeddable":true,"href":"https:\/\/crelya.com\/index.php\/wp-json\/wp\/v2\/product_cat?post=810"},{"taxonomy":"product_tag","embeddable":true,"href":"https:\/\/crelya.com\/index.php\/wp-json\/wp\/v2\/product_tag?post=810"}],"curies":[{"name":"wp","href":"https:\/\/api.w.org\/{rel}","templated":true}]}}