{"id":837,"date":"2021-10-14T23:22:36","date_gmt":"2021-10-14T23:22:36","guid":{"rendered":"https:\/\/crelya.com\/?post_type=product&#038;p=837"},"modified":"2023-07-16T03:48:20","modified_gmt":"2023-07-16T03:48:20","slug":"fermoir-magnetique","status":"publish","type":"product","link":"https:\/\/crelya.com\/index.php\/product\/fermoir-magnetique\/","title":{"rendered":"Fermoir magn\u00e9tique"},"content":{"rendered":"<p>Le fermoir magn\u00e9tique est un accessoire utilis\u00e9 dans la r\u00e9alisation d\u2019un sac, sac \u00e0 dos ou pochette.<\/p>\n","protected":false},"excerpt":{"rendered":"<p class=\"Standard\"><b>Prix\u00a0: <\/b>2,10 \u20ac<b><\/b><\/p>\n<p class=\"Standard\"><b>\u00a0<\/b><\/p>\n<p class=\"Standard\"><b>Dimensions\u00a0:<\/b> 18 mm<\/p>\n","protected":false},"featured_media":1160,"comment_status":"open","ping_status":"closed","template":"","meta":{"om_disable_all_campaigns":false,"_monsterinsights_skip_tracking":false,"_monsterinsights_sitenote_active":false,"_monsterinsights_sitenote_note":"","_monsterinsights_sitenote_category":0},"product_brand":[],"product_cat":[32],"product_tag":[],"class_list":{"0":"post-837","1":"product","2":"type-product","3":"status-publish","4":"has-post-thumbnail","6":"product_cat-accessoires-sacs","8":"first","9":"outofstock","10":"shipping-taxable","11":"purchasable","12":"product-type-simple"},"featured_image_urls":{"full":["https:\/\/crelya.com\/wp-content\/uploads\/2021\/10\/calamita-1.jpg",759,634,false],"thumbnail":["https:\/\/crelya.com\/wp-content\/uploads\/2021\/10\/calamita-1-150x150.jpg",150,150,true],"medium":["https:\/\/crelya.com\/wp-content\/uploads\/2021\/10\/calamita-1-300x251.jpg",300,251,true],"medium_large":["https:\/\/crelya.com\/wp-content\/uploads\/2021\/10\/calamita-1.jpg",759,634,false],"large":["https:\/\/crelya.com\/wp-content\/uploads\/2021\/10\/calamita-1.jpg",759,634,false],"1536x1536":["https:\/\/crelya.com\/wp-content\/uploads\/2021\/10\/calamita-1.jpg",759,634,false],"2048x2048":["https:\/\/crelya.com\/wp-content\/uploads\/2021\/10\/calamita-1.jpg",759,634,false],"woocommerce_archive_thumbnail":["https:\/\/crelya.com\/wp-content\/uploads\/2021\/10\/calamita-1-300x300.jpg",300,300,true],"woocommerce_thumbnail":["https:\/\/crelya.com\/wp-content\/uploads\/2021\/10\/calamita-1-300x300.jpg",300,300,true],"woocommerce_single":["https:\/\/crelya.com\/wp-content\/uploads\/2021\/10\/calamita-1-600x501.jpg",600,501,true],"woocommerce_gallery_thumbnail":["https:\/\/crelya.com\/wp-content\/uploads\/2021\/10\/calamita-1-100x100.jpg",100,100,true],"ppec_logo_image_size":["https:\/\/crelya.com\/wp-content\/uploads\/2021\/10\/calamita-1.jpg",72,60,false],"ppec_header_image_size":["https:\/\/crelya.com\/wp-content\/uploads\/2021\/10\/calamita-1.jpg",108,90,false]},"post_excerpt_stackable":"<p class=\"Standard\"><b>Prix\u00a0: <\/b>2,10 \u20ac<b><\/b><\/p>\n<p class=\"Standard\"><b>\u00a0<\/b><\/p>\n<p class=\"Standard\"><b>Dimensions\u00a0:<\/b> 18 mm<\/p>\n","category_list":"","author_info":{"name":"","url":""},"comments_num":"0 commentaire","_links":{"self":[{"href":"https:\/\/crelya.com\/index.php\/wp-json\/wp\/v2\/product\/837","targetHints":{"allow":["GET"]}}],"collection":[{"href":"https:\/\/crelya.com\/index.php\/wp-json\/wp\/v2\/product"}],"about":[{"href":"https:\/\/crelya.com\/index.php\/wp-json\/wp\/v2\/types\/product"}],"replies":[{"embeddable":true,"href":"https:\/\/crelya.com\/index.php\/wp-json\/wp\/v2\/comments?post=837"}],"wp:featuredmedia":[{"embeddable":true,"href":"https:\/\/crelya.com\/index.php\/wp-json\/wp\/v2\/media\/1160"}],"wp:attachment":[{"href":"https:\/\/crelya.com\/index.php\/wp-json\/wp\/v2\/media?parent=837"}],"wp:term":[{"taxonomy":"product_brand","embeddable":true,"href":"https:\/\/crelya.com\/index.php\/wp-json\/wp\/v2\/product_brand?post=837"},{"taxonomy":"product_cat","embeddable":true,"href":"https:\/\/crelya.com\/index.php\/wp-json\/wp\/v2\/product_cat?post=837"},{"taxonomy":"product_tag","embeddable":true,"href":"https:\/\/crelya.com\/index.php\/wp-json\/wp\/v2\/product_tag?post=837"}],"curies":[{"name":"wp","href":"https:\/\/api.w.org\/{rel}","templated":true}]}}